{"id":4592,"date":"2015-09-29T09:23:32","date_gmt":"2015-09-29T08:23:32","guid":{"rendered":"https:\/\/www.antjevandestatie.eu\/?page_id=4592"},"modified":"2023-02-04T12:10:12","modified_gmt":"2023-02-04T11:10:12","slug":"home","status":"publish","type":"page","link":"https:\/\/www.antjevandestatie.eu\/de\/","title":{"rendered":"Home"},"content":{"rendered":"<div id='full_slider_1'  class='avia-fullwidth-slider main_color avia-shadow   avia-builder-el-0  el_before_av_layout_row  avia-builder-el-first   container_wrap sidebar_right' style='background-repeat: no-repeat; background-image: url(https:\/\/www.antjevandestatie.eu\/wp-content\/uploads\/2014\/07\/bg-slider1.png); background-attachment: scroll; background-position: top left;'  ><div  class='avia-slideshow av-av_slideshow_full-d387a67defc7bd13b85c6d29b3e4355d avia-slideshow-entry_without_sidebar av_slideshow_full avia-fade-slider av-slideshow-ui av-control-default av-slideshow-autoplay av-loop-endless av-loop-manual-endless av-default-height-applied   avia-slideshow-1' data-slideshow-options=\"{&quot;animation&quot;:&quot;fade&quot;,&quot;autoplay&quot;:true,&quot;loop_autoplay&quot;:&quot;endless&quot;,&quot;interval&quot;:7,&quot;loop_manual&quot;:&quot;manual-endless&quot;,&quot;autoplay_stopper&quot;:false,&quot;noNavigation&quot;:false,&quot;bg_slider&quot;:false,&quot;keep_padding&quot;:false,&quot;hoverpause&quot;:false,&quot;show_slide_delay&quot;:0}\"  itemprop=\"image\" itemscope=\"itemscope\" itemtype=\"https:\/\/schema.org\/ImageObject\" ><ul class='avia-slideshow-inner ' style='padding-bottom: 34.95867768595%;'><li  class='avia-slideshow-slide av-av_slideshow_full-d387a67defc7bd13b85c6d29b3e4355d__0  slide-1 slide-odd'><div data-rel='slideshow-1' class='avia-slide-wrap '   ><img fetchpriority=\"high\" class=\"wp-image-27066 avia-img-lazy-loading-not-27066\"  src='https:\/\/www.antjevandestatie.eu\/wp-content\/uploads\/2015\/09\/terras.jpg' width='1210' height='423' title='terras' alt=''  itemprop=\"thumbnailUrl\"   \/><\/div><\/li><li  class='avia-slideshow-slide av-av_slideshow_full-d387a67defc7bd13b85c6d29b3e4355d__1  slide-2 slide-even'><div data-rel='slideshow-1' class='avia-slide-wrap '   ><img fetchpriority=\"high\" class=\"wp-image-26098 avia-img-lazy-loading-not-26098\"  src='https:\/\/www.antjevandestatie.eu\/wp-content\/uploads\/2015\/07\/11-17-1210x423.jpg' width='1210' height='423' title='11-17' alt=''  itemprop=\"thumbnailUrl\"   \/><\/div><\/li><li  class='avia-slideshow-slide av-av_slideshow_full-d387a67defc7bd13b85c6d29b3e4355d__2  slide-3 slide-odd'><div data-rel='slideshow-1' class='avia-slide-wrap '   ><img fetchpriority=\"high\" class=\"wp-image-27045 avia-img-lazy-loading-not-27045\"  src='https:\/\/www.antjevandestatie.eu\/wp-content\/uploads\/2015\/07\/Brasserie-new.jpg' width='1210' height='423' title='Brasserie new' alt=''  itemprop=\"thumbnailUrl\"   \/><\/div><\/li><li  class='avia-slideshow-slide av-av_slideshow_full-d387a67defc7bd13b85c6d29b3e4355d__3  slide-4 slide-even'><div data-rel='slideshow-1' class='avia-slide-wrap '   ><img fetchpriority=\"high\" class=\"wp-image-27039 avia-img-lazy-loading-not-27039\"  src='https:\/\/www.antjevandestatie.eu\/wp-content\/uploads\/2015\/07\/Heerenkamer.jpg' width='1210' height='423' title='Heerenkamer' alt=''  itemprop=\"thumbnailUrl\"   \/><\/div><\/li><li  class='avia-slideshow-slide av-av_slideshow_full-d387a67defc7bd13b85c6d29b3e4355d__4  slide-5 slide-odd'><div data-rel='slideshow-1' class='avia-slide-wrap '   ><img fetchpriority=\"high\" class=\"wp-image-27063 avia-img-lazy-loading-not-27063\"  src='https:\/\/www.antjevandestatie.eu\/wp-content\/uploads\/2015\/07\/Brasserie-new-4.jpg' width='1210' height='423' title='Brasserie new 4' alt=''  itemprop=\"thumbnailUrl\"   \/><\/div><\/li><li  class='avia-slideshow-slide av-av_slideshow_full-d387a67defc7bd13b85c6d29b3e4355d__6  slide-6 slide-even'><div data-rel='slideshow-1' class='avia-slide-wrap '   ><img fetchpriority=\"high\" class=\"wp-image-27051 avia-img-lazy-loading-not-27051\"  src='https:\/\/www.antjevandestatie.eu\/wp-content\/uploads\/2015\/07\/Familiekamer.jpg' width='1210' height='423' title='Familiekamer' alt=''  itemprop=\"thumbnailUrl\"   \/><\/div><\/li><li  class='avia-slideshow-slide av-av_slideshow_full-d387a67defc7bd13b85c6d29b3e4355d__7  slide-7 slide-odd'><div data-rel='slideshow-1' class='avia-slide-wrap '   ><img fetchpriority=\"high\" class=\"wp-image-27054 avia-img-lazy-loading-not-27054\"  src='https:\/\/www.antjevandestatie.eu\/wp-content\/uploads\/2015\/07\/superior-room.jpg' width='1210' height='423' title='superior room' alt=''  itemprop=\"thumbnailUrl\"   \/><\/div><\/li><li  class='avia-slideshow-slide av-av_slideshow_full-d387a67defc7bd13b85c6d29b3e4355d__8  slide-8 slide-even'><div data-rel='slideshow-1' class='avia-slide-wrap '   ><img fetchpriority=\"high\" class=\"wp-image-27069 avia-img-lazy-loading-not-27069\"  src='https:\/\/www.antjevandestatie.eu\/wp-content\/uploads\/2015\/07\/inchecken2.jpg' width='1210' height='423' title='inchecken2' alt=''  itemprop=\"thumbnailUrl\"   \/><\/div><\/li><li  class='avia-slideshow-slide av-av_slideshow_full-d387a67defc7bd13b85c6d29b3e4355d__9  slide-9 slide-odd'><div data-rel='slideshow-1' class='avia-slide-wrap '   ><img fetchpriority=\"high\" class=\"wp-image-27057 avia-img-lazy-loading-not-27057\"  src='https:\/\/www.antjevandestatie.eu\/wp-content\/uploads\/2015\/07\/antjezaal.jpg' width='1210' height='423' title='antjezaal' alt=''  itemprop=\"thumbnailUrl\"   \/><\/div><\/li><\/ul><div class='avia-slideshow-arrows avia-slideshow-controls' ><a href='#prev' class='prev-slide ' aria-hidden='true' data-av_icon='\ue87c' data-av_iconfont='entypo-fontello'  tabindex='-1'>Zur\u00fcck<\/a><a href='#next' class='next-slide ' aria-hidden='true' data-av_icon='\ue87d' data-av_iconfont='entypo-fontello'  tabindex='-1'>Weiter<\/a><\/div><div class='avia-slideshow-dots avia-slideshow-controls'><a href='#1' class='goto-slide active' >1<\/a><a href='#2' class='goto-slide ' >2<\/a><a href='#3' class='goto-slide ' >3<\/a><a href='#4' class='goto-slide ' >4<\/a><a href='#5' class='goto-slide ' >5<\/a><a href='#6' class='goto-slide ' >6<\/a><a href='#7' class='goto-slide ' >7<\/a><a href='#8' class='goto-slide ' >8<\/a><a href='#9' class='goto-slide ' >9<\/a><\/div><div class='av-slideshow-caption av-av_slideshow_full-d387a67defc7bd13b85c6d29b3e4355d__2 caption_fullwidth caption_right caption_right_framed caption_framed'><div class=\"container caption_container\"><div class=\"slideshow_caption\"><div class=\"slideshow_inner_caption\"><div class=\"slideshow_align_caption\"><h2 class='avia-caption-title '  itemprop=\"name\" >.<\/h2><\/div><\/div><\/div><\/div><\/div><\/div><\/div>\n<div id='av-layout-grid-1'  class='av-layout-grid-container av-av_layout_row-caf1f26e08707a2ebe9176b630e736c2 entry-content-wrapper main_color av-flex-cells  avia-builder-el-1  el_after_av_slideshow_full  el_before_av_heading  grid-row-not-first  container_wrap sidebar_right'  >\n\n<style type=\"text\/css\" data-created_by=\"avia_inline_auto\" id=\"style-css-av-av_cell_one_third-3d106998fcfe63dd01622301c1199a59\">\n.flex_cell.av-av_cell_one_third-3d106998fcfe63dd01622301c1199a59{\nvertical-align:top;\nbackground-color:#474746;\n}\n.responsive #top #wrap_all .flex_cell.av-av_cell_one_third-3d106998fcfe63dd01622301c1199a59{\npadding:30px 30px 30px 30px !important;\n}\n<\/style>\n<div class='flex_cell av-av_cell_one_third-3d106998fcfe63dd01622301c1199a59 av-gridrow-cell av_one_third no_margin  avia-builder-el-2  el_before_av_cell_one_third  avia-builder-el-first '  ><div class='flex_cell_inner'>\n<style type=\"text\/css\" data-created_by=\"avia_inline_auto\" id=\"style-css-av-av_icon_box-991a5b6a86c60c065678914e611a43c9\">\n.iconbox.av-av_icon_box-991a5b6a86c60c065678914e611a43c9 .iconbox_icon{\ncolor:#ffffff;\n}\n#top #wrap_all .iconbox.av-av_icon_box-991a5b6a86c60c065678914e611a43c9 .iconbox_content_title{\ncolor:#ffffff;\n}\n.iconbox.av-av_icon_box-991a5b6a86c60c065678914e611a43c9 .iconbox_content_container{\ncolor:#ffffff;\n}\n<\/style>\n<article  class='iconbox iconbox_left_content av-av_icon_box-991a5b6a86c60c065678914e611a43c9  avia-builder-el-3  avia-builder-el-no-sibling '  itemscope=\"itemscope\" itemtype=\"https:\/\/schema.org\/CreativeWork\" ><div class=\"iconbox_icon heading-color\" aria-hidden='true' data-av_icon='\ue801' data-av_iconfont='fontello'><\/div><div class=\"iconbox_content\"><header class=\"entry-content-header\"><h3 class='iconbox_content_title '  itemprop=\"headline\" >Brasserie und Heerenkamer<\/h3><\/header><div class='iconbox_content_container av_inherit_color'  itemprop=\"text\" ><p>Genie\u00dfen Sie ein tolles Fr\u00fchst\u00fcck, Mittag- oder Abendessen in unserer Brasserie. Trinken Sie eine Tasse Kaffee und probieren Sie dazu ein St\u00fcck der klassischen Weerter-Torte oder einen Drink in unserem Grand Caf\u00e9. <div  class='avia-button-wrap av-av_button-fa63bbae12c9d7fafdd29ac88924ee24-wrap avia-button-left  avia-builder-el-4  el_before_av_button  avia-builder-el-first '>\n<style type=\"text\/css\" data-created_by=\"avia_inline_auto\" id=\"style-css-av-av_button-fa63bbae12c9d7fafdd29ac88924ee24\">\n#top #wrap_all .avia-button.av-av_button-fa63bbae12c9d7fafdd29ac88924ee24{\nbackground-color:#ffffff;\nborder-color:#ffffff;\ncolor:#1e1f1d;\ntransition:all 0.4s ease-in-out;\n}\n<\/style>\n<a href='\/de\/brasserie\/'  class='avia-button av-av_button-fa63bbae12c9d7fafdd29ac88924ee24 av-link-btn avia-icon_select-yes-right-icon avia-size-medium avia-position-left'   aria-label=\"Brasserie\"><span class='avia_iconbox_title' >Brasserie<\/span><span class='avia_button_icon avia_button_icon_right' aria-hidden='true' data-av_icon='\ue801' data-av_iconfont='fontello'><\/span><\/a><\/div><div  class='avia-button-wrap av-av_button-d8d8edd562d7986af73348fb2edd5891-wrap avia-button-left  avia-builder-el-5  el_after_av_button  avia-builder-el-last '>\n<style type=\"text\/css\" data-created_by=\"avia_inline_auto\" id=\"style-css-av-av_button-d8d8edd562d7986af73348fb2edd5891\">\n#top #wrap_all .avia-button.av-av_button-d8d8edd562d7986af73348fb2edd5891{\nbackground-color:#2b2b2a;\nborder-color:#2b2b2a;\ncolor:#ffffff;\ntransition:all 0.4s ease-in-out;\n}\n<\/style>\n<a href='\/de\/heerenkamer\/'  class='avia-button av-av_button-d8d8edd562d7986af73348fb2edd5891 av-link-btn avia-icon_select-yes-right-icon avia-size-medium avia-position-left'   aria-label=\"Heerenkamer\"><span class='avia_iconbox_title' >Heerenkamer<\/span><span class='avia_button_icon avia_button_icon_right' aria-hidden='true' data-av_icon='\ue807' data-av_iconfont='fontello'><\/span><\/a><\/div><\/p>\n<\/div><\/div><footer class=\"entry-footer\"><\/footer><\/article>\n<\/div><\/div>\n<style type=\"text\/css\" data-created_by=\"avia_inline_auto\" id=\"style-css-av-av_cell_one_third-f002a04a68d84be02a16fa2207093d69\">\n.flex_cell.av-av_cell_one_third-f002a04a68d84be02a16fa2207093d69{\nvertical-align:top;\nbackground-color:#129e97;\n}\n.responsive #top #wrap_all .flex_cell.av-av_cell_one_third-f002a04a68d84be02a16fa2207093d69{\npadding:30px 30px 30px 30px !important;\n}\n<\/style>\n<div class='flex_cell av-av_cell_one_third-f002a04a68d84be02a16fa2207093d69 av-gridrow-cell av_one_third no_margin  avia-builder-el-6  el_after_av_cell_one_third  el_before_av_cell_one_third '  ><div class='flex_cell_inner'>\n<style type=\"text\/css\" data-created_by=\"avia_inline_auto\" id=\"style-css-av-av_icon_box-1202f24b85708c5b2939dde4aea4b59b\">\n.iconbox.av-av_icon_box-1202f24b85708c5b2939dde4aea4b59b .iconbox_icon{\ncolor:#ffffff;\n}\n#top #wrap_all .iconbox.av-av_icon_box-1202f24b85708c5b2939dde4aea4b59b .iconbox_content_title{\ncolor:#ffffff;\n}\n.iconbox.av-av_icon_box-1202f24b85708c5b2939dde4aea4b59b .iconbox_content_container{\ncolor:#ffffff;\n}\n<\/style>\n<article  class='iconbox iconbox_left_content av-av_icon_box-1202f24b85708c5b2939dde4aea4b59b  avia-builder-el-7  avia-builder-el-no-sibling '  itemscope=\"itemscope\" itemtype=\"https:\/\/schema.org\/CreativeWork\" ><div class=\"iconbox_icon heading-color\" aria-hidden='true' data-av_icon='\ue8bc' data-av_iconfont='entypo-fontello'><\/div><div class=\"iconbox_content\"><header class=\"entry-content-header\"><h3 class='iconbox_content_title '  itemprop=\"headline\" >Hotel<\/h3><\/header><div class='iconbox_content_container av_inherit_color'  itemprop=\"text\" ><p>Wohnen Sie in diesem trendigen Boutique-Hotel im Herzen von Weert, direkt neben dem Hauptbahnhof. Lernen Sie die Umgebung von Weert und die zahlreichen Aktivit\u00e4ten, die in der N\u00e4he zu finden sind. <div  class='avia-button-wrap av-av_button-b9c8fa455d38ae517de38f403769c1a7-wrap avia-button-left  avia-builder-el-8  el_before_av_button  avia-builder-el-first '>\n<style type=\"text\/css\" data-created_by=\"avia_inline_auto\" id=\"style-css-av-av_button-b9c8fa455d38ae517de38f403769c1a7\">\n#top #wrap_all .avia-button.av-av_button-b9c8fa455d38ae517de38f403769c1a7{\nbackground-color:#ffffff;\nborder-color:#ffffff;\ncolor:#054844;\ntransition:all 0.4s ease-in-out;\n}\n<\/style>\n<a href='https:\/\/secure.maxengine.eu?hotel_id=4001&amp;template=antjevandestatie&amp;hl=de'  class='avia-button av-av_button-b9c8fa455d38ae517de38f403769c1a7 av-link-btn avia-icon_select-yes-right-icon avia-size-medium avia-position-left'   aria-label=\"Buchen Sie ein Zimmer\"><span class='avia_iconbox_title' >Buchen Sie ein Zimmer<\/span><span class='avia_button_icon avia_button_icon_right' aria-hidden='true' data-av_icon='\ue832' data-av_iconfont='entypo-fontello'><\/span><\/a><\/div><div  class='avia-button-wrap av-av_button-ab34d22822da1ea7c3ef22be67d74253-wrap avia-button-left  avia-builder-el-9  el_after_av_button  avia-builder-el-last '>\n<style type=\"text\/css\" data-created_by=\"avia_inline_auto\" id=\"style-css-av-av_button-ab34d22822da1ea7c3ef22be67d74253\">\n#top #wrap_all .avia-button.av-av_button-ab34d22822da1ea7c3ef22be67d74253{\nbackground-color:#0b5f5b;\nborder-color:#0b5f5b;\ncolor:#ffffff;\ntransition:all 0.4s ease-in-out;\n}\n<\/style>\n<a href='\/de\/hotel\/'  class='avia-button av-av_button-ab34d22822da1ea7c3ef22be67d74253 av-link-btn avia-icon_select-yes-right-icon avia-size-medium avia-position-left'   aria-label=\"Mehr Details\"><span class='avia_iconbox_title' >Mehr Details<\/span><span class='avia_button_icon avia_button_icon_right' aria-hidden='true' data-av_icon='\ue81c' data-av_iconfont='entypo-fontello'><\/span><\/a><\/div><\/p>\n<\/div><\/div><footer class=\"entry-footer\"><\/footer><\/article>\n<\/div><\/div>\n<style type=\"text\/css\" data-created_by=\"avia_inline_auto\" id=\"style-css-av-av_cell_one_third-f20af7df5f82d81e6cca1800cd4a786c\">\n.flex_cell.av-av_cell_one_third-f20af7df5f82d81e6cca1800cd4a786c{\nvertical-align:top;\nbackground-color:#f5a300;\n}\n.responsive #top #wrap_all .flex_cell.av-av_cell_one_third-f20af7df5f82d81e6cca1800cd4a786c{\npadding:30px 30px 30px 30px !important;\n}\n<\/style>\n<div class='flex_cell av-av_cell_one_third-f20af7df5f82d81e6cca1800cd4a786c av-gridrow-cell av_one_third no_margin  avia-builder-el-10  el_after_av_cell_one_third  avia-builder-el-last '  ><div class='flex_cell_inner'>\n<style type=\"text\/css\" data-created_by=\"avia_inline_auto\" id=\"style-css-av-av_icon_box-41eedd8017bcd6f151af4a39e184d326\">\n.iconbox.av-av_icon_box-41eedd8017bcd6f151af4a39e184d326 .iconbox_icon{\ncolor:#ffffff;\n}\n#top #wrap_all .iconbox.av-av_icon_box-41eedd8017bcd6f151af4a39e184d326 .iconbox_content_title{\ncolor:#ffffff;\n}\n.iconbox.av-av_icon_box-41eedd8017bcd6f151af4a39e184d326 .iconbox_content_container{\ncolor:#ffffff;\n}\n<\/style>\n<article  class='iconbox iconbox_left_content av-av_icon_box-41eedd8017bcd6f151af4a39e184d326  avia-builder-el-11  avia-builder-el-no-sibling '  itemscope=\"itemscope\" itemtype=\"https:\/\/schema.org\/CreativeWork\" ><div class=\"iconbox_icon heading-color\" aria-hidden='true' data-av_icon='\ue80a' data-av_iconfont='fontello'><\/div><div class=\"iconbox_content\"><header class=\"entry-content-header\"><h3 class='iconbox_content_title '  itemprop=\"headline\" >Konferenz- und Partyraum<\/h3><\/header><div class='iconbox_content_container av_inherit_color'  itemprop=\"text\" ><p>Haben Sie einen Grund zum Feiern? Unsere herrlichen Veranstaltungsr\u00e4ume stehen Ihnen hierf\u00fcr zur Verf\u00fcgung. Sie k\u00f6nnen auch als Tagungs-\/Konferenzr\u00e4ume verwendet werden. Unser Veranstaltungsraum ist auch am besten geeignet f\u00fcr leichte Snacks, Ihr Mittagessen oder Ihren Tee\/Kaffee am Nachmittag.<div  class='avia-button-wrap av-av_button-be630ca6c2bb256a06decce1983c898a-wrap avia-button-left  avia-builder-el-12  el_before_av_button  avia-builder-el-first '>\n<style type=\"text\/css\" data-created_by=\"avia_inline_auto\" id=\"style-css-av-av_button-be630ca6c2bb256a06decce1983c898a\">\n#top #wrap_all .avia-button.av-av_button-be630ca6c2bb256a06decce1983c898a{\nbackground-color:#ffffff;\nborder-color:#ffffff;\ncolor:#6a4a00;\ntransition:all 0.4s ease-in-out;\n}\n<\/style>\n<a href='\/de\/konferenz-und-partyraum\/uberblick-vom-veranstaltungsraum\/#buchen-sie-einen-veranstaltungsraum'  class='avia-button av-av_button-be630ca6c2bb256a06decce1983c898a av-link-btn avia-icon_select-yes-right-icon avia-size-medium avia-position-left'   aria-label=\"Buchen Sie einen Veranstaltungsraum\"><span class='avia_iconbox_title' >Buchen Sie einen Veranstaltungsraum<\/span><span class='avia_button_icon avia_button_icon_right' aria-hidden='true' data-av_icon='\ue832' data-av_iconfont='entypo-fontello'><\/span><\/a><\/div><div  class='avia-button-wrap av-av_button-c36d17f1229d853beb580e7bc5b2b0c1-wrap avia-button-left  avia-builder-el-13  el_after_av_button  avia-builder-el-last '>\n<style type=\"text\/css\" data-created_by=\"avia_inline_auto\" id=\"style-css-av-av_button-c36d17f1229d853beb580e7bc5b2b0c1\">\n#top #wrap_all .avia-button.av-av_button-c36d17f1229d853beb580e7bc5b2b0c1{\nbackground-color:#936200;\nborder-color:#936200;\ncolor:#ffffff;\ntransition:all 0.4s ease-in-out;\n}\n<\/style>\n<a href='\/de\/konferenz-und-partyraum\/'  class='avia-button av-av_button-c36d17f1229d853beb580e7bc5b2b0c1 av-link-btn avia-icon_select-yes-right-icon avia-size-medium avia-position-left'   aria-label=\"Mehr Details\"><span class='avia_iconbox_title' >Mehr Details<\/span><span class='avia_button_icon avia_button_icon_right' aria-hidden='true' data-av_icon='\ue81c' data-av_iconfont='entypo-fontello'><\/span><\/a><\/div><\/p>\n<\/div><\/div><footer class=\"entry-footer\"><\/footer><\/article>\n<\/div><\/div>\n<\/div><div id='after_grid_row_1'  class='main_color av_default_container_wrap container_wrap sidebar_right'  ><div class='container av-section-cont-open' ><div class='template-page content  av-content-small alpha units'><div class='post-entry post-entry-type-page post-entry-4592'><div class='entry-content-wrapper clearfix'>\n\n<style type=\"text\/css\" data-created_by=\"avia_inline_auto\" id=\"style-css-av-av_heading-9e4447e978e1521111392adae35ffae1\">\n#top .av-special-heading.av-av_heading-9e4447e978e1521111392adae35ffae1{\npadding-bottom:10px;\nfont-size:30px;\n}\nbody .av-special-heading.av-av_heading-9e4447e978e1521111392adae35ffae1 .av-special-heading-tag .heading-char{\nfont-size:25px;\n}\n#top #wrap_all .av-special-heading.av-av_heading-9e4447e978e1521111392adae35ffae1 .av-special-heading-tag{\nfont-size:30px;\n}\n.av-special-heading.av-av_heading-9e4447e978e1521111392adae35ffae1 .av-subheading{\nfont-size:21px;\n}\n\n@media only screen and (min-width: 480px) and (max-width: 767px){ \n#top #wrap_all .av-special-heading.av-av_heading-9e4447e978e1521111392adae35ffae1 .av-special-heading-tag{\nfont-size:0.8em;\n}\n}\n\n@media only screen and (max-width: 479px){ \n#top #wrap_all .av-special-heading.av-av_heading-9e4447e978e1521111392adae35ffae1 .av-special-heading-tag{\nfont-size:0.8em;\n}\n}\n<\/style>\n<div  class='av-special-heading av-av_heading-9e4447e978e1521111392adae35ffae1 av-special-heading-h1 blockquote modern-quote  avia-builder-el-14  el_after_av_layout_row  el_before_av_textblock  avia-builder-el-first  av-thin-font av-inherit-size'><h1 class='av-special-heading-tag '  itemprop=\"headline\"  >Brasserie-Hotel <strong>Antje van de Statie<\/strong><\/h1><div class='av-subheading av-subheading_below'><p>Genie\u00dfen Sie die Speisen und Getr\u00e4nke und \u00fcbernachten Sie in der gastfreundlichsten Einrichtung der Region.<\/p>\n<\/div><div class=\"special-heading-border\"><div class=\"special-heading-inner-border\"><\/div><\/div><\/div>\n<section  class='av_textblock_section av-av_textblock-0366cc7376be6c9e82a3e9cc8987b64f '   itemscope=\"itemscope\" itemtype=\"https:\/\/schema.org\/CreativeWork\" ><div class='avia_textblock'  itemprop=\"text\" ><p>Das Brasserie-Hotel Antje van de Statie wartet auf Sie!<\/p>\n<p>Durch die Renovierung des alten Mertens-Hotels, des sp\u00e4teren Hotels De Staasie wurde Antje wieder ein Zuhause gegeben. Ein Zuhause mit Stil und Glanz. Ein Zuhause, das Antje wert ist: <strong>Das Brasserie-Hotel Antje van de Statie<\/strong>. Bis zu den 70er-Jahren galt es als das auff\u00e4lligste Geb\u00e4ude am Stadteingang. Es wurde in den urspr\u00fcnglichen Zustand restauriert und komplett modernisiert. Durch die Kombination von traditionellen Dienstleistungen und einem modernen Innenraum, ist das Hotel wieder zum gem\u00fctlichen Ort geworden, wo man essen, trinken, schlafen, Sitzungen abhalten und Spa\u00df haben kann.<\/p>\n<p>Eine Brasserie, wo G\u00e4ste in einer gastfreundlichen Umgebung, nach den Vorstellungen von <strong>Maria Hubertina Hendrix<\/strong>, bedient werden. Hier kann man klassische, preiswerte, hochwertige K\u00fcche genie\u00dfen. Eine K\u00fcche mit franz\u00f6sischem Flair und modernen Einfl\u00fcssen. Ein Hotel mit 10 komfortablen Zimmern. Sitzungsr\u00e4ume, die mit allen erdenklichen modernsten Einrichtungen ausgestattet sind. Ger\u00e4umige, stilvolle Veranstaltungsr\u00e4ume. Eine gem\u00fctliche Bar. Eine gro\u00dfe Terrasse an der Vorderseite. Und das alles in einem einzigartigen, stilvollen und modernen Ambiente mit einen originellen Bezug auf die Vergangenheit und einem Augenzwinkern an die charismatische Station \u00fcber den Platz. Die Station, wo Antje ber\u00fchmt wurde.<\/p>\n<p>Dank dem Brasserie-Hotel Antje van de Statie hat Weert wieder einen stilvollen Eingang gegen\u00fcber dem Bahnhof bekommen. Z\u00f6gern Sie nicht, die Website zu durchst\u00f6bern; Wir freuen uns, Sie bald begr\u00fc\u00dfen zu d\u00fcrfen &#8230; Willkommen Sie bei Antje van de Statie.<\/p>\n<p><strong>\u00d6ffnungszeiten<br \/>\n<\/strong>K\u00fcche:<br \/>\nMontag und Dienstag bis 20:00 Uhr<br \/>\nMittwoch &#8211; Sonntag bis 21:00 Uhr<\/p>\n<\/div><\/section>\n<div  class='avia-button-wrap av-av_button-bc44f3b376710994ef3235f02a577013-wrap avia-button-left  avia-builder-el-16  el_after_av_textblock  el_before_av_button '><a href='https:\/\/www.antjevandestatie.eu\/de\/tour-in-antje-van-de-statie\/'  class='avia-button av-av_button-bc44f3b376710994ef3235f02a577013 av-link-btn avia-icon_select-yes-left-icon avia-size-large avia-position-left avia-color-theme-color'   aria-label=\"Klicken Sie hier f\u00fcr eine virtuelle Tour\"><span class='avia_button_icon avia_button_icon_left' aria-hidden='true' data-av_icon='\ue80d' data-av_iconfont='entypo-fontello'><\/span><span class='avia_iconbox_title' >Klicken Sie hier f\u00fcr eine virtuelle Tour<\/span><\/a><\/div>\n<div  class='avia-button-wrap av-av_button-f679217e52f3ce6356686fcd6bd9f750-wrap avia-button-left  avia-builder-el-17  el_after_av_button  avia-builder-el-last '><a href='https:\/\/www.antjevandestatie.eu\/de\/?page_id=4886'  class='avia-button av-av_button-f679217e52f3ce6356686fcd6bd9f750 av-link-btn avia-icon_select-yes-left-icon avia-size-large avia-position-left avia-color-theme-color-subtle'   aria-label=\"Klicken Sie hier und schauen Sie sich Stationsplein live an...\"><span class='avia_button_icon avia_button_icon_left' aria-hidden='true' data-av_icon='\ue826' data-av_iconfont='entypo-fontello'><\/span><span class='avia_iconbox_title' >Klicken Sie hier und schauen Sie sich Stationsplein live an...<\/span><\/a><\/div>\n","protected":false},"excerpt":{"rendered":"","protected":false},"author":1,"featured_media":27504,"parent":0,"menu_order":0,"comment_status":"closed","ping_status":"closed","template":"","meta":{"_exactmetrics_skip_tracking":false,"_exactmetrics_sitenote_active":false,"_exactmetrics_sitenote_note":"","_exactmetrics_sitenote_category":0,"footnotes":""},"class_list":["post-4592","page","type-page","status-publish","has-post-thumbnail","hentry"],"_links":{"self":[{"href":"https:\/\/www.antjevandestatie.eu\/de\/wp-json\/wp\/v2\/pages\/4592"}],"collection":[{"href":"https:\/\/www.antjevandestatie.eu\/de\/wp-json\/wp\/v2\/pages"}],"about":[{"href":"https:\/\/www.antjevandestatie.eu\/de\/wp-json\/wp\/v2\/types\/page"}],"author":[{"embeddable":true,"href":"https:\/\/www.antjevandestatie.eu\/de\/wp-json\/wp\/v2\/users\/1"}],"replies":[{"embeddable":true,"href":"https:\/\/www.antjevandestatie.eu\/de\/wp-json\/wp\/v2\/comments?post=4592"}],"version-history":[{"count":17,"href":"https:\/\/www.antjevandestatie.eu\/de\/wp-json\/wp\/v2\/pages\/4592\/revisions"}],"predecessor-version":[{"id":20750,"href":"https:\/\/www.antjevandestatie.eu\/de\/wp-json\/wp\/v2\/pages\/4592\/revisions\/20750"}],"wp:featuredmedia":[{"embeddable":true,"href":"https:\/\/www.antjevandestatie.eu\/de\/wp-json\/wp\/v2\/media\/27504"}],"wp:attachment":[{"href":"https:\/\/www.antjevandestatie.eu\/de\/wp-json\/wp\/v2\/media?parent=4592"}],"curies":[{"name":"wp","href":"https:\/\/api.w.org\/{rel}","templated":true}]}}