{"id":4658,"date":"2015-10-08T14:45:25","date_gmt":"2015-10-08T13:45:25","guid":{"rendered":"https:\/\/www.antjevandestatie.eu\/?page_id=4658"},"modified":"2025-03-20T11:22:51","modified_gmt":"2025-03-20T10:22:51","slug":"brasserie","status":"publish","type":"page","link":"https:\/\/www.antjevandestatie.eu\/de\/brasserie\/","title":{"rendered":"Brasserie"},"content":{"rendered":"<div id='full_slider_1'  class='avia-fullwidth-slider main_color avia-shadow   avia-builder-el-0  el_before_av_layout_row  avia-builder-el-first   container_wrap sidebar_right' style='background-repeat: no-repeat; background-image: url(https:\/\/www.antjevandestatie.eu\/wp-content\/uploads\/2014\/07\/bg-slider1.png); background-attachment: scroll; background-position: top left;'  ><div  class='avia-slideshow av-av_slideshow_full-d387a67defc7bd13b85c6d29b3e4355d avia-slideshow-entry_without_sidebar av_slideshow_full avia-fade-slider av-slideshow-ui av-control-default av-slideshow-autoplay av-loop-endless av-loop-manual-endless av-default-height-applied   avia-slideshow-1' data-slideshow-options=\"{&quot;animation&quot;:&quot;fade&quot;,&quot;autoplay&quot;:true,&quot;loop_autoplay&quot;:&quot;endless&quot;,&quot;interval&quot;:7,&quot;loop_manual&quot;:&quot;manual-endless&quot;,&quot;autoplay_stopper&quot;:false,&quot;noNavigation&quot;:false,&quot;bg_slider&quot;:false,&quot;keep_padding&quot;:false,&quot;hoverpause&quot;:false,&quot;show_slide_delay&quot;:0}\"  itemprop=\"image\" itemscope=\"itemscope\" itemtype=\"https:\/\/schema.org\/ImageObject\" ><ul class='avia-slideshow-inner ' style='padding-bottom: 34.95867768595%;'><li  class='avia-slideshow-slide av-av_slideshow_full-d387a67defc7bd13b85c6d29b3e4355d__0  slide-1 slide-odd'><div data-rel='slideshow-1' class='avia-slide-wrap '   ><img fetchpriority=\"high\" class=\"wp-image-26104 avia-img-lazy-loading-not-26104\"  src='https:\/\/www.antjevandestatie.eu\/wp-content\/uploads\/2015\/07\/1-10-1210x423.jpg' width='1210' height='423' title='1-10' alt=''  itemprop=\"thumbnailUrl\"   \/><\/div><\/li><li  class='avia-slideshow-slide av-av_slideshow_full-d387a67defc7bd13b85c6d29b3e4355d__1  slide-2 slide-even'><div data-rel='slideshow-1' class='avia-slide-wrap '   ><img fetchpriority=\"high\" class=\"wp-image-26119 avia-img-lazy-loading-not-26119\"  src='https:\/\/www.antjevandestatie.eu\/wp-content\/uploads\/2015\/07\/11-2-1210x423.jpg' width='1210' height='423' title='11-2' alt=''  itemprop=\"thumbnailUrl\"   \/><\/div><\/li><li  class='avia-slideshow-slide av-av_slideshow_full-d387a67defc7bd13b85c6d29b3e4355d__2  slide-3 slide-odd'><div data-rel='slideshow-1' class='avia-slide-wrap '   ><img fetchpriority=\"high\" class=\"wp-image-26155 avia-img-lazy-loading-not-26155\"  src='https:\/\/www.antjevandestatie.eu\/wp-content\/uploads\/2015\/08\/1-5-1210x423.jpg' width='1210' height='423' title='1-5' alt=''  itemprop=\"thumbnailUrl\"   \/><\/div><\/li><li  class='avia-slideshow-slide av-av_slideshow_full-d387a67defc7bd13b85c6d29b3e4355d__3  slide-4 slide-even'><div data-rel='slideshow-1' class='avia-slide-wrap '   ><img fetchpriority=\"high\" class=\"wp-image-26143 avia-img-lazy-loading-not-26143\"  src='https:\/\/www.antjevandestatie.eu\/wp-content\/uploads\/2015\/07\/1-6-2-1210x423.jpg' width='1210' height='423' title='1-6 2' alt=''  itemprop=\"thumbnailUrl\"   \/><\/div><\/li><\/ul><div class='avia-slideshow-arrows avia-slideshow-controls' ><a href='#prev' class='prev-slide ' aria-hidden='true' data-av_icon='\ue87c' data-av_iconfont='entypo-fontello'  tabindex='-1'>Zur\u00fcck<\/a><a href='#next' class='next-slide ' aria-hidden='true' data-av_icon='\ue87d' data-av_iconfont='entypo-fontello'  tabindex='-1'>Weiter<\/a><\/div><div class='avia-slideshow-dots avia-slideshow-controls'><a href='#1' class='goto-slide active' >1<\/a><a href='#2' class='goto-slide ' >2<\/a><a href='#3' class='goto-slide ' >3<\/a><a href='#4' class='goto-slide ' >4<\/a><\/div><div class='av-slideshow-caption av-av_slideshow_full-d387a67defc7bd13b85c6d29b3e4355d__0 caption_fullwidth caption_bottom'><div class=\"container caption_container\"><div class=\"slideshow_caption\"><div class=\"slideshow_inner_caption\"><div class=\"slideshow_align_caption\"><h2 class='avia-caption-title '  itemprop=\"name\" >.<\/h2><\/div><\/div><\/div><\/div><\/div><\/div><\/div>\n<div id='av-layout-grid-1'  class='av-layout-grid-container av-av_layout_row-cc10f99070d0821f30984f26b6799f37 entry-content-wrapper alternate_color av-flex-cells  avia-builder-el-1  el_after_av_slideshow_full  el_before_av_layout_row  grid-row-not-first  container_wrap sidebar_right'  >\n\n<style type=\"text\/css\" data-created_by=\"avia_inline_auto\" id=\"style-css-av-av_cell_one_full-3ba23b9471756d0117532380725609bd\">\n.flex_cell.av-av_cell_one_full-3ba23b9471756d0117532380725609bd{\nvertical-align:top;\nheight:10px;\nmin-height:10px;\n}\n.responsive #top #wrap_all .flex_cell.av-av_cell_one_full-3ba23b9471756d0117532380725609bd{\npadding:0px 0px 0px 0px !important;\n}\n<\/style>\n<div class='flex_cell av-av_cell_one_full-3ba23b9471756d0117532380725609bd av-gridrow-cell av_one_full no_margin  avia-builder-el-2  avia-builder-el-no-sibling  av-zero-padding'  ><div class='flex_cell_inner'><\/div><\/div>\n<\/div>\n<div id='av-layout-grid-2'  class='av-layout-grid-container av-av_layout_row-caf1f26e08707a2ebe9176b630e736c2 entry-content-wrapper main_color av-flex-cells  avia-builder-el-3  el_after_av_layout_row  el_before_av_layout_row  grid-row-not-first  container_wrap sidebar_right'  >\n\n<style type=\"text\/css\" data-created_by=\"avia_inline_auto\" id=\"style-css-av-av_cell_one_half-b6d868563806864598ec9b89618811d2\">\n.flex_cell.av-av_cell_one_half-b6d868563806864598ec9b89618811d2{\nvertical-align:top;\nbackground:url(https:\/\/www.antjevandestatie.eu\/wp-content\/uploads\/2014\/07\/bg-slider1.png) 50% 50% no-repeat scroll #474746;\n}\n.responsive #top #wrap_all .flex_cell.av-av_cell_one_half-b6d868563806864598ec9b89618811d2{\npadding:60px 60px 60px 60px !important;\n}\n<\/style>\n<div class='flex_cell av-av_cell_one_half-b6d868563806864598ec9b89618811d2 av-gridrow-cell av_one_half no_margin  avia-builder-el-4  el_before_av_cell_one_half  avia-builder-el-first  avia-full-stretch'  ><div class='flex_cell_inner'><div  class='flex_column av-av_one_full-2a9015ff38129c418a3f2eafba3e9512 av_one_full  avia-builder-el-5  avia-builder-el-no-sibling  first flex_column_div  '     ><style type=\"text\/css\" data-created_by=\"avia_inline_auto\" id=\"style-css-av-av_icon_box-14822f262aff6ec97c2ea5c037e9212b\">\n.iconbox.av-av_icon_box-14822f262aff6ec97c2ea5c037e9212b .iconbox_icon{\ncolor:#ffffff;\n}\n#top #wrap_all .iconbox.av-av_icon_box-14822f262aff6ec97c2ea5c037e9212b .iconbox_content_title{\ncolor:#ffffff;\n}\n.iconbox.av-av_icon_box-14822f262aff6ec97c2ea5c037e9212b .iconbox_content_container{\ncolor:#ffffff;\n}\n<\/style>\n<article  class='iconbox iconbox_left_content av-av_icon_box-14822f262aff6ec97c2ea5c037e9212b  avia-builder-el-6  avia-builder-el-no-sibling '  itemscope=\"itemscope\" itemtype=\"https:\/\/schema.org\/CreativeWork\" ><div class=\"iconbox_icon heading-color\" aria-hidden='true' data-av_icon='\ue801' data-av_iconfont='fontello'><\/div><div class=\"iconbox_content\"><header class=\"entry-content-header\"><h3 class='iconbox_content_title '  itemprop=\"headline\" >Brasserie<\/h3><\/header><div class='iconbox_content_container av_inherit_color'  itemprop=\"text\" ><p>Erleben Sie die Kombination von dem k\u00f6stlichen Essen und der Gastfreundschaft von Weerter in unserer Brasserie. Das Stillen vom Appetit bleibt das Hauptanliegen der modernen Antje van de Statie. Wir bieten qualitativ hochwertige, fein gew\u00fcrzte Gerichte mit franz\u00f6sischem Flair in einer lockeren und modernen Umgebung. In unserer Brasserie erleben Sie die r\u00e4umliche Wahrnehmung einer traditionellen hochdeckigen Bahnhofshalle mit Gusseisen-B\u00f6gen und Bahnhofsb\u00e4nken. Die Kombination aus traditioneller und moderner Innenarchitektur tr\u00e4gt dazu bei, dass unsere G\u00e4ste sich wie zuhause f\u00fchlen. Die Brasserie mit der offenen K\u00fcche verf\u00fcgt \u00fcber achtzig Sitzpl\u00e4tze und einen einzigartigen Kochtisch beim Chef: Sie k\u00f6nnen direkt in der K\u00fcche sitzen!<\/p>\n<p>Ebenso wie im ehemaligen Antje-Bahnhofsbuffet hat die zentrale Bar die gleichen Kupfersch\u00e4chte f\u00fcr Bier vom Fass, jeweils mit vier H\u00e4hnen. Aus den vier Sch\u00e4chten, die viele verschiedene Arten von Bier bieten, werden alle umliegenden Brasserie- und Zimmereinrichtungen bedient. Als weiterer Bezug auf die Eisenbahn \u00fcber den Platz gilt die Bahnhofsuhr, die mit ihrer franz\u00f6sischen Inschrift, an die Tage erinnert, an die Weert eine Station vom Eisernen Rhein, die Linie zwischen Antwerpen und M\u00f6nchengladbach, war. G\u00e4ste sind am meisten willkommen hier, vom ersten bis zum letzten Zug. Dies bedeutet, dass unsere T\u00fcren die ganze Woche von 05:30 morgens bis 01:00 in der Nacht offen sind. Die G\u00e4ste k\u00f6nnen ihr Fr\u00fchst\u00fcck, Mittagessen, ihre Getr\u00e4nke und ihr Abendessen hier genie\u00dfen und auch \u00fcbernachten.<\/p>\n<p>Nicht zuletzt: die beste Terrasse von Weert, direkt am Stationsplein (Bahnhofsplatz). Mehr als 250 Pl\u00e4tze in Richtung S\u00fcden. Genie\u00dfen Sie das Sonnendach von 90 m2!<\/p>\n<\/div><\/div><footer class=\"entry-footer\"><\/footer><\/article><\/div>\n<\/div><\/div>\n<style type=\"text\/css\" data-created_by=\"avia_inline_auto\" id=\"style-css-av-av_cell_one_half-d09e6b4d1903925eca8225972553a959\">\n.flex_cell.av-av_cell_one_half-d09e6b4d1903925eca8225972553a959{\nvertical-align:middle;\nbackground:url(https:\/\/www.antjevandestatie.eu\/wp-content\/uploads\/2015\/08\/1-5.jpg) 50% 50% no-repeat scroll #000000;\n}\n.responsive #top #wrap_all .flex_cell.av-av_cell_one_half-d09e6b4d1903925eca8225972553a959{\npadding:60px 60px 60px 60px !important;\n}\n<\/style>\n<div class='flex_cell av-av_cell_one_half-d09e6b4d1903925eca8225972553a959 av-gridrow-cell av_one_half no_margin  avia-builder-el-7  el_after_av_cell_one_half  avia-builder-el-last  avia-full-stretch'  ><div class='flex_cell_inner'><p><div  class='flex_column av-av_one_fifth-2a9015ff38129c418a3f2eafba3e9512 av_one_fifth  avia-builder-el-8  el_before_av_three_fifth  avia-builder-el-first  first flex_column_div  '     ><\/div><div  class='flex_column av-av_three_fifth-1c47c10d9dd6b9bc0b68f292c1cf5942 av_three_fifth  avia-builder-el-9  el_after_av_one_fifth  el_before_av_one_fifth  flex_column_div  '     ><p><div  class='avia-button-wrap avia-button-center  avia-builder-el-10  el_before_av_button_big  avia-builder-el-first '>\n<style type=\"text\/css\" data-created_by=\"avia_inline_auto\" id=\"style-css-av-av_button_big-34a0e9c22dce44e79846b6bdac9c44e9\">\n#top #wrap_all .avia-button.av-av_button_big-34a0e9c22dce44e79846b6bdac9c44e9{\nbackground-color:#ffffff;\nborder-color:#ffffff;\ncolor:#0e0d0f;\ntransition:all 0.4s ease-in-out;\n}\n#top #wrap_all .avia-button.av-av_button_big-34a0e9c22dce44e79846b6bdac9c44e9:hover{\ncolor:#ffffff;\ntransition:all 0.4s ease-in-out;\n}\n<\/style>\n<a href='#tisch-reservieren' class='avia-button avia-button-fullwidth av-av_button_big-34a0e9c22dce44e79846b6bdac9c44e9 avia-icon_select-yes-right-icon avia-color-custom'   aria-label=\"Tisch reservieren\"><span class='avia_iconbox_title' >Tisch reservieren<\/span><span class='avia_button_icon avia_button_icon_right' aria-hidden='true' data-av_icon='\ue832' data-av_iconfont='entypo-fontello'><\/span><span class='avia_button_background avia-button avia-button-fullwidth avia-color-theme-color-subtle'><\/span><\/a><\/div><br \/>\n<div  class='avia-button-wrap avia-button-center  avia-builder-el-11  el_after_av_button_big  el_before_av_button_big '>\n<style type=\"text\/css\" data-created_by=\"avia_inline_auto\" id=\"style-css-av-av_button_big-62245f2b478a499adff0addd375400b9\">\n#top #wrap_all .avia-button.av-av_button_big-62245f2b478a499adff0addd375400b9{\nbackground-color:#ffffff;\nborder-color:#ffffff;\ncolor:#0e0d0f;\ntransition:all 0.4s ease-in-out;\n}\n#top #wrap_all .avia-button.av-av_button_big-62245f2b478a499adff0addd375400b9:hover{\ncolor:#ffffff;\ntransition:all 0.4s ease-in-out;\n}\n<\/style>\n<a href='\/de\/brasserie\/speisekarte\/' class='avia-button avia-button-fullwidth av-av_button_big-62245f2b478a499adff0addd375400b9 avia-icon_select-yes-right-icon avia-color-custom'   aria-label=\"Speisekarte\"><span class='avia_iconbox_title' >Speisekarte<\/span><span class='avia_button_icon avia_button_icon_right' aria-hidden='true' data-av_icon='\ue84e' data-av_iconfont='entypo-fontello'><\/span><span class='avia_button_background avia-button avia-button-fullwidth avia-color-theme-color-subtle'><\/span><\/a><\/div><br \/>\n<div  class='avia-button-wrap avia-button-center  avia-builder-el-12  el_after_av_button_big  el_before_av_button_big '>\n<style type=\"text\/css\" data-created_by=\"avia_inline_auto\" id=\"style-css-av-av_button_big-6280cdf71e784fce9f5d5e5a2817c022\">\n#top #wrap_all .avia-button.av-av_button_big-6280cdf71e784fce9f5d5e5a2817c022{\nbackground-color:#ffffff;\nborder-color:#ffffff;\ncolor:#0e0d0f;\ntransition:all 0.4s ease-in-out;\n}\n#top #wrap_all .avia-button.av-av_button_big-6280cdf71e784fce9f5d5e5a2817c022:hover{\ncolor:#ffffff;\ntransition:all 0.4s ease-in-out;\n}\n<\/style>\n<a href='\/de\/brasserie\/wijnkaart\/' class='avia-button avia-button-fullwidth av-av_button_big-6280cdf71e784fce9f5d5e5a2817c022 avia-icon_select-yes-right-icon avia-color-custom'   aria-label=\"Weinauswahl\"><span class='avia_iconbox_title' >Weinauswahl<\/span><span class='avia_button_icon avia_button_icon_right' aria-hidden='true' data-av_icon='\ue8a5' data-av_iconfont='entypo-fontello'><\/span><span class='avia_button_background avia-button avia-button-fullwidth avia-color-theme-color-subtle'><\/span><\/a><\/div><br \/>\n<div  class='avia-button-wrap avia-button-center  avia-builder-el-13  el_after_av_button_big  avia-builder-el-last '>\n<style type=\"text\/css\" data-created_by=\"avia_inline_auto\" id=\"style-css-av-av_button_big-066821e6e518f4f00e4273ec644609c6\">\n#top #wrap_all .avia-button.av-av_button_big-066821e6e518f4f00e4273ec644609c6{\nbackground-color:#ffffff;\nborder-color:#ffffff;\ncolor:#0e0d0f;\ntransition:all 0.4s ease-in-out;\n}\n#top #wrap_all .avia-button.av-av_button_big-066821e6e518f4f00e4273ec644609c6:hover{\ncolor:#ffffff;\ntransition:all 0.4s ease-in-out;\n}\n<\/style>\n<a href='\/de\/drankenkaart\/' class='avia-button avia-button-fullwidth av-av_button_big-066821e6e518f4f00e4273ec644609c6 avia-icon_select-yes-right-icon avia-color-custom'   aria-label=\"Getr\u00e4nkekarte\"><span class='avia_iconbox_title' >Getr\u00e4nkekarte<\/span><span class='avia_button_icon avia_button_icon_right' aria-hidden='true' data-av_icon='\ue803' data-av_iconfont='fontello'><\/span><span class='avia_button_background avia-button avia-button-fullwidth avia-color-theme-color-subtle'><\/span><\/a><\/div><\/p><\/div><div  class='flex_column av-av_one_fifth-1c47c10d9dd6b9bc0b68f292c1cf5942 av_one_fifth  avia-builder-el-14  el_after_av_three_fifth  avia-builder-el-last  flex_column_div  '     ><\/div><\/p>\n<\/div><\/div>\n<\/div>\n<div id='av-layout-grid-3'  class='av-layout-grid-container av-av_layout_row-e86fe5d4840202838a3c2036bce6d486 entry-content-wrapper alternate_color av-flex-cells  avia-builder-el-15  el_after_av_layout_row  el_before_av_section  grid-row-not-first  container_wrap sidebar_right'  >\n\n<style type=\"text\/css\" data-created_by=\"avia_inline_auto\" id=\"style-css-av-av_cell_one_full-3ba23b9471756d0117532380725609bd\">\n.flex_cell.av-av_cell_one_full-3ba23b9471756d0117532380725609bd{\nvertical-align:top;\nheight:2px;\nmin-height:2px;\n}\n.responsive #top #wrap_all .flex_cell.av-av_cell_one_full-3ba23b9471756d0117532380725609bd{\npadding:0px 0px 0px 0px !important;\n}\n<\/style>\n<div class='flex_cell av-av_cell_one_full-3ba23b9471756d0117532380725609bd av-gridrow-cell av_one_full no_margin  avia-builder-el-16  avia-builder-el-no-sibling  av-zero-padding'  ><div class='flex_cell_inner'><\/div><\/div>\n<\/div>\n\n<style type=\"text\/css\" data-created_by=\"avia_inline_auto\" id=\"style-css-av-av_section-c7c097928e5f53faa4a62d3b08327671\">\n.avia-section.av-av_section-c7c097928e5f53faa4a62d3b08327671{\nbackground-repeat:no-repeat;\nbackground-image:url(https:\/\/www.antjevandestatie.eu\/wp-content\/uploads\/2014\/07\/bg-slider1.png);\nbackground-position:100% 100%;\nbackground-attachment:scroll;\n}\n<\/style>\n<div id='tisch-reservieren'  class='avia-section av-av_section-c7c097928e5f53faa4a62d3b08327671 main_color avia-section-default avia-no-shadow  avia-builder-el-17  el_after_av_layout_row  avia-builder-el-last  avia-bg-style-scroll container_wrap sidebar_right'  data-section-bg-repeat='no-repeat'><div class='container av-section-cont-open' ><div class='template-page content  av-content-small alpha units'><div class='post-entry post-entry-type-page post-entry-4658'><div class='entry-content-wrapper clearfix'>\n<div  class='flex_column av-av_one_full-2a9015ff38129c418a3f2eafba3e9512 av_one_full  avia-builder-el-18  avia-builder-el-no-sibling  first flex_column_div  '     ><p><div  class='avia-builder-widget-area clearfix  avia-builder-el-19  el_before_av_codeblock  avia-builder-el-first '><div id=\"text-28\" class=\"widget clearfix widget_text\">\t\t\t<div class=\"textwidget\"><center>\r\nWeitere Informationen:\r\n\r\n<a href=\"\/de\/kontakt\" class=\"button artis horizontal\">Kontaktseite<\/a>\r\n\r\n<a href=\"tel:+31495 542 640\" class=\"button artis horizontal\">Tel.: + 31 (0) 495 542 640<\/a>\r\n\r\n<a href=\"mailto:info@AntjevandeStatie.eu\" class=\"button artis horizontal\">E-Mail: info@AntjevandeStatie.eu<\/a>\r\n<\/center><\/div>\n\t\t<\/div><\/div><br \/>\n<\/p><\/div><\/div><\/div><\/div><!-- close content main div --><\/div><\/div><div id='after_section_1'  class='main_color av_default_container_wrap container_wrap sidebar_right'  ><div class='container av-section-cont-open' ><div class='template-page content  av-content-small alpha units'><div class='post-entry post-entry-type-page post-entry-4658'><div class='entry-content-wrapper clearfix'>\n","protected":false},"excerpt":{"rendered":"","protected":false},"author":1,"featured_media":0,"parent":0,"menu_order":0,"comment_status":"closed","ping_status":"closed","template":"","meta":{"_exactmetrics_skip_tracking":false,"_exactmetrics_sitenote_active":false,"_exactmetrics_sitenote_note":"","_exactmetrics_sitenote_category":0,"footnotes":""},"class_list":["post-4658","page","type-page","status-publish","hentry"],"_links":{"self":[{"href":"https:\/\/www.antjevandestatie.eu\/de\/wp-json\/wp\/v2\/pages\/4658"}],"collection":[{"href":"https:\/\/www.antjevandestatie.eu\/de\/wp-json\/wp\/v2\/pages"}],"about":[{"href":"https:\/\/www.antjevandestatie.eu\/de\/wp-json\/wp\/v2\/types\/page"}],"author":[{"embeddable":true,"href":"https:\/\/www.antjevandestatie.eu\/de\/wp-json\/wp\/v2\/users\/1"}],"replies":[{"embeddable":true,"href":"https:\/\/www.antjevandestatie.eu\/de\/wp-json\/wp\/v2\/comments?post=4658"}],"version-history":[{"count":12,"href":"https:\/\/www.antjevandestatie.eu\/de\/wp-json\/wp\/v2\/pages\/4658\/revisions"}],"predecessor-version":[{"id":28313,"href":"https:\/\/www.antjevandestatie.eu\/de\/wp-json\/wp\/v2\/pages\/4658\/revisions\/28313"}],"wp:attachment":[{"href":"https:\/\/www.antjevandestatie.eu\/de\/wp-json\/wp\/v2\/media?parent=4658"}],"curies":[{"name":"wp","href":"https:\/\/api.w.org\/{rel}","templated":true}]}}