{"id":4702,"date":"2015-10-13T08:58:47","date_gmt":"2015-10-13T07:58:47","guid":{"rendered":"https:\/\/www.antjevandestatie.eu\/?page_id=4702"},"modified":"2015-10-15T09:40:52","modified_gmt":"2015-10-15T08:40:52","slug":"konferenz-und-partyraum","status":"publish","type":"page","link":"https:\/\/www.antjevandestatie.eu\/de\/konferenz-und-partyraum\/","title":{"rendered":"Konferenz- und Partyraum"},"content":{"rendered":"<div id='full_slider_1'  class='avia-fullwidth-slider main_color avia-shadow   avia-builder-el-0  el_before_av_layout_row  avia-builder-el-first   container_wrap sidebar_right' style='background-repeat: no-repeat; background-image: url(https:\/\/www.antjevandestatie.eu\/wp-content\/uploads\/2014\/07\/bg-slider1.png); background-attachment: scroll; background-position: top left;'  ><div  class='avia-slideshow av-av_slideshow_full-d387a67defc7bd13b85c6d29b3e4355d avia-slideshow-entry_without_sidebar av_slideshow_full avia-fade-slider av-slideshow-ui av-control-default av-slideshow-autoplay av-loop-endless av-loop-manual-endless av-default-height-applied   avia-slideshow-1' data-slideshow-options=\"{&quot;animation&quot;:&quot;fade&quot;,&quot;autoplay&quot;:true,&quot;loop_autoplay&quot;:&quot;endless&quot;,&quot;interval&quot;:7,&quot;loop_manual&quot;:&quot;manual-endless&quot;,&quot;autoplay_stopper&quot;:false,&quot;noNavigation&quot;:false,&quot;bg_slider&quot;:false,&quot;keep_padding&quot;:false,&quot;hoverpause&quot;:false,&quot;show_slide_delay&quot;:0}\"  itemprop=\"image\" itemscope=\"itemscope\" itemtype=\"https:\/\/schema.org\/ImageObject\" ><ul class='avia-slideshow-inner ' style='padding-bottom: 34.95867768595%;'><li  class='avia-slideshow-slide av-av_slideshow_full-d387a67defc7bd13b85c6d29b3e4355d__0  slide-1 slide-odd'><div data-rel='slideshow-1' class='avia-slide-wrap '   ><img fetchpriority=\"high\" class=\"wp-image-26194 avia-img-lazy-loading-not-26194\"  src='https:\/\/www.antjevandestatie.eu\/wp-content\/uploads\/2015\/08\/11-5-1210x423.jpg' width='1210' height='423' title='11-5' alt=''  itemprop=\"thumbnailUrl\"   \/><\/div><\/li><li  class='avia-slideshow-slide av-av_slideshow_full-d387a67defc7bd13b85c6d29b3e4355d__1  slide-2 slide-even'><div data-rel='slideshow-1' class='avia-slide-wrap '   ><img fetchpriority=\"high\" class=\"wp-image-26272 avia-img-lazy-loading-not-26272\"  src='https:\/\/www.antjevandestatie.eu\/wp-content\/uploads\/2015\/09\/1-13-1210x423.jpg' width='1210' height='423' title='1-13' alt=''  itemprop=\"thumbnailUrl\"   \/><\/div><\/li><\/ul><div class='avia-slideshow-arrows avia-slideshow-controls' ><a href='#prev' class='prev-slide ' aria-hidden='true' data-av_icon='\ue87c' data-av_iconfont='entypo-fontello'  tabindex='-1'>Zur\u00fcck<\/a><a href='#next' class='next-slide ' aria-hidden='true' data-av_icon='\ue87d' data-av_iconfont='entypo-fontello'  tabindex='-1'>Weiter<\/a><\/div><div class='avia-slideshow-dots avia-slideshow-controls'><a href='#1' class='goto-slide active' >1<\/a><a href='#2' class='goto-slide ' >2<\/a><\/div><div class='av-slideshow-caption av-av_slideshow_full-d387a67defc7bd13b85c6d29b3e4355d__0 caption_fullwidth caption_bottom'><div class=\"container caption_container\"><div class=\"slideshow_caption\"><div class=\"slideshow_inner_caption\"><div class=\"slideshow_align_caption\"><h2 class='avia-caption-title '  itemprop=\"name\" >.<\/h2><\/div><\/div><\/div><\/div><\/div><\/div><\/div>\n<div id='av-layout-grid-1'  class='av-layout-grid-container av-av_layout_row-cc10f99070d0821f30984f26b6799f37 entry-content-wrapper alternate_color av-flex-cells  avia-builder-el-1  el_after_av_slideshow_full  el_before_av_layout_row  grid-row-not-first  container_wrap sidebar_right'  >\n\n<style type=\"text\/css\" data-created_by=\"avia_inline_auto\" id=\"style-css-av-av_cell_one_full-3ba23b9471756d0117532380725609bd\">\n.flex_cell.av-av_cell_one_full-3ba23b9471756d0117532380725609bd{\nvertical-align:top;\nheight:10px;\nmin-height:10px;\n}\n.responsive #top #wrap_all .flex_cell.av-av_cell_one_full-3ba23b9471756d0117532380725609bd{\npadding:0px 0px 0px 0px !important;\n}\n<\/style>\n<div class='flex_cell av-av_cell_one_full-3ba23b9471756d0117532380725609bd av-gridrow-cell av_one_full no_margin  avia-builder-el-2  avia-builder-el-no-sibling  av-zero-padding'  ><div class='flex_cell_inner'><\/div><\/div>\n<\/div>\n<div id='av-layout-grid-2'  class='av-layout-grid-container av-av_layout_row-caf1f26e08707a2ebe9176b630e736c2 entry-content-wrapper main_color av-flex-cells  avia-builder-el-3  el_after_av_layout_row  avia-builder-el-last  grid-row-not-first  container_wrap sidebar_right'  >\n\n<style type=\"text\/css\" data-created_by=\"avia_inline_auto\" id=\"style-css-av-av_cell_one_half-e1f26af0c39a5bab1ccac3af9ab7d707\">\n.flex_cell.av-av_cell_one_half-e1f26af0c39a5bab1ccac3af9ab7d707{\nvertical-align:top;\nbackground:url(https:\/\/www.antjevandestatie.eu\/wp-content\/uploads\/2014\/07\/bg-slider1.png) 50% 50% no-repeat scroll #f5a300;\n}\n.responsive #top #wrap_all .flex_cell.av-av_cell_one_half-e1f26af0c39a5bab1ccac3af9ab7d707{\npadding:60px 60px 60px 60px !important;\n}\n<\/style>\n<div class='flex_cell av-av_cell_one_half-e1f26af0c39a5bab1ccac3af9ab7d707 av-gridrow-cell av_one_half no_margin  avia-builder-el-4  el_before_av_cell_one_half  avia-builder-el-first  avia-full-stretch'  ><div class='flex_cell_inner'><div  class='flex_column av-av_one_full-2a9015ff38129c418a3f2eafba3e9512 av_one_full  avia-builder-el-5  avia-builder-el-no-sibling  first flex_column_div  '     ><style type=\"text\/css\" data-created_by=\"avia_inline_auto\" id=\"style-css-av-av_icon_box-41eedd8017bcd6f151af4a39e184d326\">\n.iconbox.av-av_icon_box-41eedd8017bcd6f151af4a39e184d326 .iconbox_icon{\ncolor:#ffffff;\n}\n#top #wrap_all .iconbox.av-av_icon_box-41eedd8017bcd6f151af4a39e184d326 .iconbox_content_title{\ncolor:#ffffff;\n}\n.iconbox.av-av_icon_box-41eedd8017bcd6f151af4a39e184d326 .iconbox_content_container{\ncolor:#ffffff;\n}\n<\/style>\n<article  class='iconbox iconbox_left_content av-av_icon_box-41eedd8017bcd6f151af4a39e184d326  avia-builder-el-6  avia-builder-el-no-sibling '  itemscope=\"itemscope\" itemtype=\"https:\/\/schema.org\/CreativeWork\" ><div class=\"iconbox_icon heading-color\" aria-hidden='true' data-av_icon='\ue80a' data-av_iconfont='fontello'><\/div><div class=\"iconbox_content\"><header class=\"entry-content-header\"><h3 class='iconbox_content_title '  itemprop=\"headline\" >Konferenz- und Partyraum<\/h3><\/header><div class='iconbox_content_container av_inherit_color'  itemprop=\"text\" ><p>Durch Schiebew\u00e4nde kann die gesamte Brasserie in ein Restaurant und\/oder in einen Sitzungsraum f\u00fcr Gruppen aller Gr\u00f6\u00dfen aufgeteilt werden. Die Lage des Hotels am Eingang von Weert, in einer Ecke der Stationsplein (Bahnhofsplatz) ist einzigartig. Der gem\u00fctliche Raum ist mit Elementen verziert, die auffallend sind und in Kombination mit gro\u00dfen Sepia-Bildern von klassischen Szenen aus dem Innen- und Au\u00dfenraum des Bahnhofs eine vertraute Atmosph\u00e4re schaffen. Die Idee von einem Wohnzimmer am Bahnhof wird durch die &#8217;natte hoek&#8216; (Erfrischungsecke) direkt am Eingang erweitert; An der R\u00fcckwand der Bar gibt es ein Foto von Antje selbst, die Sie beim Trinken beobachtet.<\/p>\n<\/div><\/div><footer class=\"entry-footer\"><\/footer><\/article><\/div>\n<\/div><\/div>\n<style type=\"text\/css\" data-created_by=\"avia_inline_auto\" id=\"style-css-av-av_cell_one_half-f44e631197e1bf036166a323e0f1f218\">\n.flex_cell.av-av_cell_one_half-f44e631197e1bf036166a323e0f1f218{\nvertical-align:middle;\nbackground:url(https:\/\/www.antjevandestatie.eu\/wp-content\/uploads\/2015\/08\/11-5.jpg) 50% 50% no-repeat scroll #000000;\n}\n.responsive #top #wrap_all .flex_cell.av-av_cell_one_half-f44e631197e1bf036166a323e0f1f218{\npadding:60px 60px 60px 60px !important;\n}\n<\/style>\n<div class='flex_cell av-av_cell_one_half-f44e631197e1bf036166a323e0f1f218 av-gridrow-cell av_one_half no_margin  avia-builder-el-7  el_after_av_cell_one_half  avia-builder-el-last  avia-full-stretch'  ><div class='flex_cell_inner'><p><div  class='flex_column av-av_one_fifth-2a9015ff38129c418a3f2eafba3e9512 av_one_fifth  avia-builder-el-8  el_before_av_three_fifth  avia-builder-el-first  first flex_column_div  '     ><\/div><div  class='flex_column av-av_three_fifth-1c47c10d9dd6b9bc0b68f292c1cf5942 av_three_fifth  avia-builder-el-9  el_after_av_one_fifth  el_before_av_one_fifth  flex_column_div  '     ><p><div  class='avia-button-wrap avia-button-center  avia-builder-el-10  el_before_av_button_big  avia-builder-el-first '>\n<style type=\"text\/css\" data-created_by=\"avia_inline_auto\" id=\"style-css-av-av_button_big-cfc4fbda6ae740193c9e53c9937a50fb\">\n#top #wrap_all .avia-button.av-av_button_big-cfc4fbda6ae740193c9e53c9937a50fb{\nbackground-color:#ffffff;\nborder-color:#ffffff;\ncolor:#0e0d0f;\ntransition:all 0.4s ease-in-out;\n}\n#top #wrap_all .avia-button.av-av_button_big-cfc4fbda6ae740193c9e53c9937a50fb:hover{\ncolor:#ffffff;\ntransition:all 0.4s ease-in-out;\n}\n<\/style>\n<a href='\/de\/konferenz-und-partyraum\/uberblick-vom-veranstaltungsraum\/#buchen-sie-einen-veranstaltungsraum' class='avia-button avia-button-fullwidth av-av_button_big-cfc4fbda6ae740193c9e53c9937a50fb avia-icon_select-yes-right-icon avia-color-custom'   aria-label=\"Buchen Sie einen Veranstaltungsraum\"><span class='avia_iconbox_title' >Buchen Sie einen Veranstaltungsraum<\/span><span class='avia_button_icon avia_button_icon_right' aria-hidden='true' data-av_icon='\ue832' data-av_iconfont='entypo-fontello'><\/span><span class='avia_button_background avia-button avia-button-fullwidth avia-color-theme-color-subtle'><\/span><\/a><\/div><br \/>\n<div  class='avia-button-wrap avia-button-center  avia-builder-el-11  el_after_av_button_big  el_before_av_button_big '>\n<style type=\"text\/css\" data-created_by=\"avia_inline_auto\" id=\"style-css-av-av_button_big-2ce7b9d988ed0a95a64485cc93b7b35e\">\n#top #wrap_all .avia-button.av-av_button_big-2ce7b9d988ed0a95a64485cc93b7b35e{\nbackground-color:#ffffff;\nborder-color:#ffffff;\ncolor:#0e0d0f;\ntransition:all 0.4s ease-in-out;\n}\n#top #wrap_all .avia-button.av-av_button_big-2ce7b9d988ed0a95a64485cc93b7b35e:hover{\ncolor:#ffffff;\ntransition:all 0.4s ease-in-out;\n}\n<\/style>\n<a href='\/de\/konferenz-und-partyraum\/uberblick-vom-veranstaltungsraum\/' class='avia-button avia-button-fullwidth av-av_button_big-2ce7b9d988ed0a95a64485cc93b7b35e avia-icon_select-yes-right-icon avia-color-custom'   aria-label=\"\u00dcberblick vom Veranstaltungsraum\"><span class='avia_iconbox_title' >\u00dcberblick vom Veranstaltungsraum<\/span><span class='avia_button_icon avia_button_icon_right' aria-hidden='true' data-av_icon='\ue8a5' data-av_iconfont='entypo-fontello'><\/span><span class='avia_button_background avia-button avia-button-fullwidth avia-color-theme-color-subtle'><\/span><\/a><\/div><br \/>\n<div  class='avia-button-wrap avia-button-center  avia-builder-el-12  el_after_av_button_big  avia-builder-el-last '>\n<style type=\"text\/css\" data-created_by=\"avia_inline_auto\" id=\"style-css-av-av_button_big-b4ba70108dc6e19f21bef225a392bb6a\">\n#top #wrap_all .avia-button.av-av_button_big-b4ba70108dc6e19f21bef225a392bb6a{\nbackground-color:#ffffff;\nborder-color:#ffffff;\ncolor:#0e0d0f;\ntransition:all 0.4s ease-in-out;\n}\n#top #wrap_all .avia-button.av-av_button_big-b4ba70108dc6e19f21bef225a392bb6a:hover{\ncolor:#ffffff;\ntransition:all 0.4s ease-in-out;\n}\n<\/style>\n<a href='\/de\/konferenz-und-partyraum\/gestaltungsmoglichkeiten-vom-veranstaltungsraum\/' class='avia-button avia-button-fullwidth av-av_button_big-b4ba70108dc6e19f21bef225a392bb6a avia-icon_select-yes-right-icon avia-color-custom'   aria-label=\"Gestaltungsm\u00f6glichkeiten vom Veranstaltungsraum\"><span class='avia_iconbox_title' >Gestaltungsm\u00f6glichkeiten vom Veranstaltungsraum<\/span><span class='avia_button_icon avia_button_icon_right' aria-hidden='true' data-av_icon='\ue810' data-av_iconfont='entypo-fontello'><\/span><span class='avia_button_background avia-button avia-button-fullwidth avia-color-theme-color-subtle'><\/span><\/a><\/div><\/p><\/div><div  class='flex_column av-av_one_fifth-1c47c10d9dd6b9bc0b68f292c1cf5942 av_one_fifth  avia-builder-el-13  el_after_av_three_fifth  avia-builder-el-last  flex_column_div  '     ><\/div><\/p>\n<\/div><\/div><\/div>\n","protected":false},"excerpt":{"rendered":"","protected":false},"author":1,"featured_media":0,"parent":0,"menu_order":0,"comment_status":"closed","ping_status":"closed","template":"","meta":{"_exactmetrics_skip_tracking":false,"_exactmetrics_sitenote_active":false,"_exactmetrics_sitenote_note":"","_exactmetrics_sitenote_category":0,"footnotes":""},"class_list":["post-4702","page","type-page","status-publish","hentry"],"_links":{"self":[{"href":"https:\/\/www.antjevandestatie.eu\/de\/wp-json\/wp\/v2\/pages\/4702"}],"collection":[{"href":"https:\/\/www.antjevandestatie.eu\/de\/wp-json\/wp\/v2\/pages"}],"about":[{"href":"https:\/\/www.antjevandestatie.eu\/de\/wp-json\/wp\/v2\/types\/page"}],"author":[{"embeddable":true,"href":"https:\/\/www.antjevandestatie.eu\/de\/wp-json\/wp\/v2\/users\/1"}],"replies":[{"embeddable":true,"href":"https:\/\/www.antjevandestatie.eu\/de\/wp-json\/wp\/v2\/comments?post=4702"}],"version-history":[{"count":3,"href":"https:\/\/www.antjevandestatie.eu\/de\/wp-json\/wp\/v2\/pages\/4702\/revisions"}],"predecessor-version":[{"id":4880,"href":"https:\/\/www.antjevandestatie.eu\/de\/wp-json\/wp\/v2\/pages\/4702\/revisions\/4880"}],"wp:attachment":[{"href":"https:\/\/www.antjevandestatie.eu\/de\/wp-json\/wp\/v2\/media?parent=4702"}],"curies":[{"name":"wp","href":"https:\/\/api.w.org\/{rel}","templated":true}]}}