{"id":4774,"date":"2015-10-13T11:50:36","date_gmt":"2015-10-13T10:50:36","guid":{"rendered":"https:\/\/www.antjevandestatie.eu\/?page_id=4774"},"modified":"2020-04-02T10:11:03","modified_gmt":"2020-04-02T09:11:03","slug":"kontakt","status":"publish","type":"page","link":"https:\/\/www.antjevandestatie.eu\/de\/kontakt\/","title":{"rendered":"Kontakt"},"content":{"rendered":"\n<style type=\"text\/css\" data-created_by=\"avia_inline_auto\" id=\"style-css-av-av_section-7b045160b4bd5d1d2ba465d2cb833cf9\">\n.avia-section.av-av_section-7b045160b4bd5d1d2ba465d2cb833cf9 .av-parallax .av-parallax-inner{\nbackground-repeat:no-repeat;\nbackground-image:url(https:\/\/www.antjevandestatie.eu\/wp-content\/uploads\/2015\/03\/antje1.jpg);\nbackground-position:50% 50%;\nbackground-attachment:scroll;\n}\n<\/style>\n<div id='contact'  class='avia-section av-av_section-7b045160b4bd5d1d2ba465d2cb833cf9 main_color avia-section-large avia-no-border-styling  avia-builder-el-0  el_before_av_two_fifth  avia-builder-el-first  avia-full-stretch av-parallax-section avia-bg-style-parallax container_wrap sidebar_right'  data-section-bg-repeat='stretch'><div class='av-parallax' data-avia-parallax-ratio='0.3' ><div class='av-parallax-inner main_color avia-full-stretch'><\/div><\/div><div class='container av-section-cont-open' ><main  role=\"main\" itemprop=\"mainContentOfPage\"  class='template-page content  av-content-small alpha units'><div class='post-entry post-entry-type-page post-entry-4774'><div class='entry-content-wrapper clearfix'>\n\n<style type=\"text\/css\" data-created_by=\"avia_inline_auto\" id=\"style-css-av-av_heading-6d19703a42b6684c7c578ac6439c72de\">\n#top .av-special-heading.av-av_heading-6d19703a42b6684c7c578ac6439c72de{\npadding-bottom:0;\ncolor:#ffffff;\nfont-size:60px;\n}\nbody .av-special-heading.av-av_heading-6d19703a42b6684c7c578ac6439c72de .av-special-heading-tag .heading-char{\nfont-size:25px;\n}\n#top #wrap_all .av-special-heading.av-av_heading-6d19703a42b6684c7c578ac6439c72de .av-special-heading-tag{\nfont-size:60px;\n}\n.av-special-heading.av-av_heading-6d19703a42b6684c7c578ac6439c72de .special-heading-inner-border{\nborder-color:#ffffff;\n}\n.av-special-heading.av-av_heading-6d19703a42b6684c7c578ac6439c72de .av-subheading{\nfont-size:15px;\n}\n\n@media only screen and (min-width: 480px) and (max-width: 767px){ \n#top #wrap_all .av-special-heading.av-av_heading-6d19703a42b6684c7c578ac6439c72de .av-special-heading-tag{\nfont-size:0.8em;\n}\n}\n\n@media only screen and (max-width: 479px){ \n#top #wrap_all .av-special-heading.av-av_heading-6d19703a42b6684c7c578ac6439c72de .av-special-heading-tag{\nfont-size:0.8em;\n}\n}\n<\/style>\n<div  class='av-special-heading av-av_heading-6d19703a42b6684c7c578ac6439c72de av-special-heading-h2 custom-color-heading blockquote modern-quote modern-centered  avia-builder-el-1  avia-builder-el-no-sibling  av-inherit-size'><h2 class='av-special-heading-tag '  itemprop=\"headline\"  >Kontakt<\/h2><div class=\"special-heading-border\"><div class=\"special-heading-inner-border\"><\/div><\/div><\/div>\n<\/div><\/div><\/main><!-- close content main element --><\/div><\/div><div id='after_section_1'  class='main_color av_default_container_wrap container_wrap sidebar_right'  ><div class='container av-section-cont-open' ><div class='template-page content  av-content-small alpha units'><div class='post-entry post-entry-type-page post-entry-4774'><div class='entry-content-wrapper clearfix'>\n<div  class='flex_column av-av_two_fifth-2a9015ff38129c418a3f2eafba3e9512 av_two_fifth  avia-builder-el-2  el_after_av_section  el_before_av_three_fifth  avia-builder-el-first  first flex_column_div  '     ><p><article  class='iconbox iconbox_left_content av-av_icon_box-dd62dfae26968197f3670b44d0a5ceae  avia-builder-el-3  el_before_av_hr  avia-builder-el-first '  itemscope=\"itemscope\" itemtype=\"https:\/\/schema.org\/CreativeWork\" ><div class=\"iconbox_icon heading-color\" aria-hidden='true' data-av_icon='\ue842' data-av_iconfont='entypo-fontello'><\/div><div class=\"iconbox_content\"><header class=\"entry-content-header\"><h3 class='iconbox_content_title '  itemprop=\"headline\" >Antje van de Statie BV \u00ae<\/h3><\/header><div class='iconbox_content_container '  itemprop=\"text\" ><p>Stationsplein 1<br \/>\n6001 CH Weert<\/p>\n<p><a title=\"Bel +31 (0)495 542 640\" href=\"tel:+31495%20542 640\">+31 (0)495 542 640<\/a><br \/>\n<a title=\"Mail naar info@antjevandestatie.eu\" href=\"mailto:info@antjevandestatie.eu\" target=\"_blank\" rel=\"noopener\">info@AntjevandeStatie.eu<\/a><\/p>\n<p><strong>\u00d6ffnungszeiten<br \/>\n<\/strong>Sehr geehrter Website-Besucher, leider m\u00fcssen wir unsere T\u00fcren bis zum 28. April schlie\u00dfen. Wir sind nat\u00fcrlich telefonisch erreichbar und denken gerne \u00fcber zuk\u00fcnftige Aktivit\u00e4ten nach. Das Antje-Team hofft, dass diese Situation bald ein Ende hat und wir Sie wieder in unserem sch\u00f6nen Gesch\u00e4ft oder auf unserer sch\u00f6nen Terrasse begr\u00fc\u00dfen k\u00f6nnen.<\/p>\n<p><div  class='avia-button-wrap av-av_button-b05e390712170ce063baa86ab236e912-wrap avia-button-left  avia-builder-el-4  el_before_av_button  avia-builder-el-first '>\n<style type=\"text\/css\" data-created_by=\"avia_inline_auto\" id=\"style-css-av-av_button-b05e390712170ce063baa86ab236e912\">\n#top #wrap_all .avia-button.av-av_button-b05e390712170ce063baa86ab236e912{\nbackground-color:#474746;\nborder-color:#474746;\ncolor:#ffffff;\ntransition:all 0.4s ease-in-out;\n}\n<\/style>\n<a href='\/de\/kontakt\/parkplatz\/'  class='avia-button av-av_button-b05e390712170ce063baa86ab236e912 av-link-btn avia-icon_select-yes-left-icon avia-size-medium avia-position-left'   aria-label=\"Parkplatz\"><span class='avia_button_icon avia_button_icon_left' aria-hidden='true' data-av_icon='\ue813' data-av_iconfont='fontello'><\/span><span class='avia_iconbox_title' >Parkplatz<\/span><\/a><\/div><div  class='avia-button-wrap av-av_button-26947b1b465d2e25676bc5a3047829b8-wrap avia-button-left  avia-builder-el-5  el_after_av_button  avia-builder-el-last '><a href='\/de\/kontakt\/planen-sie-ihre-reise\/'  class='avia-button av-av_button-26947b1b465d2e25676bc5a3047829b8 av-link-btn avia-icon_select-yes-left-icon avia-size-medium avia-position-left avia-color-theme-color'   aria-label=\"Planen Sie Ihre Reise\"><span class='avia_button_icon avia_button_icon_left' aria-hidden='true' data-av_icon='\ue80f' data-av_iconfont='fontello'><\/span><span class='avia_iconbox_title' >Planen Sie Ihre Reise<\/span><\/a><\/div><\/p>\n<\/div><\/div><footer class=\"entry-footer\"><\/footer><\/article><br \/>\n\n<style type=\"text\/css\" data-created_by=\"avia_inline_auto\" id=\"style-css-av-av_hr-80e5a055ff74b01179656f9c19313581\">\n#top .hr.hr-invisible.av-av_hr-80e5a055ff74b01179656f9c19313581{\nheight:6px;\n}\n<\/style>\n<div  class='hr av-av_hr-80e5a055ff74b01179656f9c19313581 hr-invisible  avia-builder-el-6  el_after_av_icon_box  el_before_av_heading '><span class='hr-inner '><span class=\"hr-inner-style\"><\/span><\/span><\/div><br \/>\n\n<style type=\"text\/css\" data-created_by=\"avia_inline_auto\" id=\"style-css-av-av_heading-797703752c48c225ac0cd68830b91f83\">\n#top .av-special-heading.av-av_heading-797703752c48c225ac0cd68830b91f83{\npadding-bottom:10px;\n}\nbody .av-special-heading.av-av_heading-797703752c48c225ac0cd68830b91f83 .av-special-heading-tag .heading-char{\nfont-size:25px;\n}\n.av-special-heading.av-av_heading-797703752c48c225ac0cd68830b91f83 .av-subheading{\nfont-size:15px;\n}\n<\/style>\n<div  class='av-special-heading av-av_heading-797703752c48c225ac0cd68830b91f83 av-special-heading-h3  avia-builder-el-7  el_after_av_hr  el_before_av_google_map  avia-builder-el-last '><h3 class='av-special-heading-tag '  itemprop=\"headline\"  >Lage<\/h3><div class=\"special-heading-border\"><div class=\"special-heading-inner-border\"><\/div><\/div><\/div><br \/>\n<div  class='av_gmaps_sc_main_wrap av_gmaps_main_wrap '><div id='av_gmap_0' class='avia-google-map-container avia-google-map-sc av_gmaps_show_unconditionally av-no-fallback-img ' data-mapid='av_gmap_0'  style='height: 300px;'><a class=\"av_gmaps_browser_disabled av_text_confirm_link av_text_confirm_link_visible\" href=\"https:\/\/www.google.com\/maps\/search\/?api=1&#038;query=Stationsplein%201%20%20Weert%20%20Netherlands\" target=\"_blank\" rel=\"noopener\">Aufgrund deiner Datenschutz-Einstellungen k\u00f6nnen wir Ihnen die Karte nicht anzeigen. Klicken Sie hier, um die Karte in einem neuen Fenster zu \u00f6ffnen.<\/a><\/div><\/div><br \/>\n\n<style type=\"text\/css\" data-created_by=\"avia_inline_auto\" id=\"style-css-av-av_hr-78ac25550b6b4a5d3be596e2cea7aeb7\">\n#top .hr.hr-invisible.av-av_hr-78ac25550b6b4a5d3be596e2cea7aeb7{\nheight:5px;\n}\n<\/style>\n<div  class='hr av-av_hr-78ac25550b6b4a5d3be596e2cea7aeb7 hr-invisible  avia-builder-el-9  el_after_av_google_map  el_before_av_textblock  avia-builder-el-first '><span class='hr-inner '><span class=\"hr-inner-style\"><\/span><\/span><\/div><br \/>\n<section  class='av_textblock_section av-av_textblock-0366cc7376be6c9e82a3e9cc8987b64f '   itemscope=\"itemscope\" itemtype=\"https:\/\/schema.org\/CreativeWork\" ><div class='avia_textblock'  itemprop=\"text\" ><div  class='avia-button-wrap av-av_button-9c27798a04157bda1a94e6ce279e2700-wrap avia-button-left  avia-builder-el-11  avia-builder-el-no-sibling '><a href='http:\/\/maps.google.com\/maps?daddr=Stationsplein+1%2C+weert&amp;markers=color:orange%7CStationsplein+1%2C+weert' class='avia-button av-av_button-9c27798a04157bda1a94e6ce279e2700 av-link-btn avia-icon_select-yes-left-icon avia-size-large avia-position-left avia-color-theme-color' target=\"_blank\" rel=\"noopener noreferrer\" aria-label=\"Bestimmen Sie Ihre Route\"><span class='avia_button_icon avia_button_icon_left' aria-hidden='true' data-av_icon='\ue841' data-av_iconfont='entypo-fontello'><\/span><span class='avia_iconbox_title' >Bestimmen Sie Ihre Route<\/span><\/a><\/div>\n<\/div><\/section><\/p><\/div>\n<style type=\"text\/css\" data-created_by=\"avia_inline_auto\" id=\"style-css-av-av_three_fifth-0aa7055fe62c3622faec82866afbaeb2\">\n.flex_column.av-av_three_fifth-0aa7055fe62c3622faec82866afbaeb2{\nborder-radius:0px 0px 0px 0px;\npadding:0px 0px 0px 0px;\n}\n<\/style>\n<div  class='flex_column av-av_three_fifth-0aa7055fe62c3622faec82866afbaeb2 av_three_fifth  avia-builder-el-12  el_after_av_two_fifth  avia-builder-el-last  flex_column_div av-zero-column-padding  '     ><p>\n<style type=\"text\/css\" data-created_by=\"avia_inline_auto\" id=\"style-css-av-av_heading-9366b0e88268bc96755273df77c671bf\">\n#top .av-special-heading.av-av_heading-9366b0e88268bc96755273df77c671bf{\npadding-bottom:10px;\n}\nbody .av-special-heading.av-av_heading-9366b0e88268bc96755273df77c671bf .av-special-heading-tag .heading-char{\nfont-size:25px;\n}\n.av-special-heading.av-av_heading-9366b0e88268bc96755273df77c671bf .av-subheading{\nfont-size:15px;\n}\n<\/style>\n<div  class='av-special-heading av-av_heading-9366b0e88268bc96755273df77c671bf av-special-heading-h3  avia-builder-el-13  el_before_av_textblock  avia-builder-el-first '><h3 class='av-special-heading-tag '  itemprop=\"headline\"  >Kontakt<\/h3><div class=\"special-heading-border\"><div class=\"special-heading-inner-border\"><\/div><\/div><\/div><br \/>\n<section  class='av_textblock_section av-av_textblock-0366cc7376be6c9e82a3e9cc8987b64f '   itemscope=\"itemscope\" itemtype=\"https:\/\/schema.org\/CreativeWork\" ><div class='avia_textblock'  itemprop=\"text\" >\n<div class=\"wpcf7 no-js\" id=\"wpcf7-f4291-o1\" lang=\"nl-NL\" dir=\"ltr\" data-wpcf7-id=\"4291\">\n<div class=\"screen-reader-response\"><p role=\"status\" aria-live=\"polite\" aria-atomic=\"true\"><\/p> <ul><\/ul><\/div>\n<form action=\"\/de\/wp-json\/wp\/v2\/pages\/4774#wpcf7-f4291-o1\" method=\"post\" class=\"wpcf7-form init\" aria-label=\"Contactformulier\" novalidate=\"novalidate\" data-status=\"init\">\n<div style=\"display: none;\">\n<input type=\"hidden\" name=\"_wpcf7\" value=\"4291\" \/>\n<input type=\"hidden\" name=\"_wpcf7_version\" value=\"6.0\" \/>\n<input type=\"hidden\" name=\"_wpcf7_locale\" value=\"nl_NL\" \/>\n<input type=\"hidden\" name=\"_wpcf7_unit_tag\" value=\"wpcf7-f4291-o1\" \/>\n<input type=\"hidden\" name=\"_wpcf7_container_post\" value=\"0\" \/>\n<input type=\"hidden\" name=\"_wpcf7_posted_data_hash\" value=\"\" \/>\n<\/div>\n<fieldset>\n\t<p class=\"first_form form_element form_fullwidth\"><label>[:t: \"Name\"] <abbr class=\"required\" title=\"required\">*<\/abbr> <span class=\"wpcf7-form-control-wrap\" data-name=\"input-naam\"><input size=\"40\" maxlength=\"400\" class=\"wpcf7-form-control wpcf7-text wpcf7-validates-as-required text_input\" aria-required=\"true\" aria-invalid=\"false\" value=\"\" type=\"text\" name=\"input-naam\" \/><\/span> <\/label>\n\t<\/p>\n\t<p class=\"first_form form_element form_element_half\"><label>[:t: \"E-mail\"] <abbr class=\"required\" title=\"required\">*<\/abbr> <span class=\"wpcf7-form-control-wrap\" data-name=\"input-email\"><input size=\"40\" maxlength=\"400\" class=\"wpcf7-form-control wpcf7-email wpcf7-validates-as-required wpcf7-text wpcf7-validates-as-email text_input\" aria-required=\"true\" aria-invalid=\"false\" value=\"\" type=\"email\" name=\"input-email\" \/><\/span> <\/label>\n\t<\/p>\n\t<p class=\"form_element form_element_half\"><label>[:t: \"Phone number\"] <abbr class=\"required\" title=\"required\">*<\/abbr> <span class=\"wpcf7-form-control-wrap\" data-name=\"input-telefoonnummer\"><input size=\"40\" maxlength=\"400\" class=\"wpcf7-form-control wpcf7-text wpcf7-validates-as-required text_input\" aria-required=\"true\" aria-invalid=\"false\" value=\"\" type=\"text\" name=\"input-telefoonnummer\" \/><\/span> <\/label>\n\t<\/p>\n\t<p class=\"first_form form_element form_fullwidth\"><label>[:t: \"Topic\"] <span class=\"wpcf7-form-control-wrap\" data-name=\"input-onderwerp\"><input size=\"40\" maxlength=\"400\" class=\"wpcf7-form-control wpcf7-text text_input\" aria-invalid=\"false\" value=\"\" type=\"text\" name=\"input-onderwerp\" \/><\/span> <\/label>\n\t<\/p>\n\t<p class=\"first_form form_element form_fullwidth\"><label>[:t: \"Message\"] <abbr class=\"required\" title=\"required\">*<\/abbr><br \/>\n<span class=\"wpcf7-form-control-wrap\" data-name=\"input-bericht\"><textarea cols=\"40\" rows=\"10\" maxlength=\"2000\" class=\"wpcf7-form-control wpcf7-textarea wpcf7-validates-as-required text_area\" aria-required=\"true\" aria-invalid=\"false\" name=\"input-bericht\"><\/textarea><\/span><\/label>\n\t<\/p>\n\t<p><label><span class=\"wpcf7-form-control-wrap\" data-name=\"acceptance-avg\"><span class=\"wpcf7-form-control wpcf7-acceptance\"><span class=\"wpcf7-list-item\"><input type=\"checkbox\" name=\"acceptance-avg\" value=\"1\" aria-invalid=\"false\" \/><\/span><\/span><\/span> [:t: \"When you submit this form, you agree to the storage and processing of your data by this website.\"]<\/label>\n\t<\/p>\n\t<div style=\"clear:both;margin:20px 0;\">\n\t\t<p>[recaptcha]\n\t\t<\/p>\n\t<\/div>\n\t<p class=\"form_element\">[artis_submit class:button \":t:Submit\"]\n\t<\/p>\n<\/fieldset><div class=\"wpcf7-response-output\" aria-hidden=\"true\"><\/div>\n<\/form>\n<\/div>\n\n<\/div><\/section><\/p><\/div><\/p>\n","protected":false},"excerpt":{"rendered":"","protected":false},"author":1,"featured_media":0,"parent":0,"menu_order":0,"comment_status":"closed","ping_status":"closed","template":"","meta":{"_exactmetrics_skip_tracking":false,"_exactmetrics_sitenote_active":false,"_exactmetrics_sitenote_note":"","_exactmetrics_sitenote_category":0,"footnotes":""},"class_list":["post-4774","page","type-page","status-publish","hentry"],"_links":{"self":[{"href":"https:\/\/www.antjevandestatie.eu\/de\/wp-json\/wp\/v2\/pages\/4774"}],"collection":[{"href":"https:\/\/www.antjevandestatie.eu\/de\/wp-json\/wp\/v2\/pages"}],"about":[{"href":"https:\/\/www.antjevandestatie.eu\/de\/wp-json\/wp\/v2\/types\/page"}],"author":[{"embeddable":true,"href":"https:\/\/www.antjevandestatie.eu\/de\/wp-json\/wp\/v2\/users\/1"}],"replies":[{"embeddable":true,"href":"https:\/\/www.antjevandestatie.eu\/de\/wp-json\/wp\/v2\/comments?post=4774"}],"version-history":[{"count":8,"href":"https:\/\/www.antjevandestatie.eu\/de\/wp-json\/wp\/v2\/pages\/4774\/revisions"}],"predecessor-version":[{"id":11767,"href":"https:\/\/www.antjevandestatie.eu\/de\/wp-json\/wp\/v2\/pages\/4774\/revisions\/11767"}],"wp:attachment":[{"href":"https:\/\/www.antjevandestatie.eu\/de\/wp-json\/wp\/v2\/media?parent=4774"}],"curies":[{"name":"wp","href":"https:\/\/api.w.org\/{rel}","templated":true}]}}