{"id":5173,"date":"2015-08-25T15:42:25","date_gmt":"2015-08-25T14:42:25","guid":{"rendered":"https:\/\/www.antjevandestatie.eu\/?page_id=5173"},"modified":"2025-07-28T13:29:03","modified_gmt":"2025-07-28T12:29:03","slug":"fuer-unsere-speisekarte-siehe-die-englische-version-bitte-seite-4","status":"publish","type":"page","link":"https:\/\/www.antjevandestatie.eu\/de\/brasserie\/fuer-unsere-speisekarte-siehe-die-englische-version-bitte-seite-4\/","title":{"rendered":"f\u00fcr unsere speisekarte siehe die englische Version bitte seite 4"},"content":{"rendered":"\n<style type=\"text\/css\" data-created_by=\"avia_inline_auto\" id=\"style-css-av-1sf9jvp-ba183173f3ef33b88ab15f8fb828042d\">\n.avia-section.av-1sf9jvp-ba183173f3ef33b88ab15f8fb828042d .av-parallax .av-parallax-inner{\nbackground-repeat:no-repeat;\nbackground-image:url(https:\/\/www.antjevandestatie.eu\/wp-content\/uploads\/2015\/07\/1-6-2.jpg);\nbackground-position:50% 100%;\nbackground-attachment:scroll;\n}\n<\/style>\n<div id='brasserie'  class='avia-section av-1sf9jvp-ba183173f3ef33b88ab15f8fb828042d main_color avia-section-large avia-no-border-styling  avia-builder-el-0  el_before_av_submenu  avia-builder-el-first  avia-full-stretch av-parallax-section avia-bg-style-parallax container_wrap sidebar_right'  data-section-bg-repeat='stretch'><div class='av-parallax' data-avia-parallax-ratio='0.3' ><div class='av-parallax-inner main_color avia-full-stretch'><\/div><\/div><div class='container av-section-cont-open' ><main  role=\"main\" itemprop=\"mainContentOfPage\"  class='template-page content  av-content-small alpha units'><div class='post-entry post-entry-type-page post-entry-5173'><div class='entry-content-wrapper clearfix'>\n\n<style type=\"text\/css\" data-created_by=\"avia_inline_auto\" id=\"style-css-av-1pd0psl-3457368295d0b5125626ebc06dde83ed\">\n#top .av-special-heading.av-1pd0psl-3457368295d0b5125626ebc06dde83ed{\npadding-bottom:0;\ncolor:#ffffff;\nfont-size:60px;\n}\nbody .av-special-heading.av-1pd0psl-3457368295d0b5125626ebc06dde83ed .av-special-heading-tag .heading-char{\nfont-size:25px;\n}\n#top #wrap_all .av-special-heading.av-1pd0psl-3457368295d0b5125626ebc06dde83ed .av-special-heading-tag{\nfont-size:60px;\n}\n.av-special-heading.av-1pd0psl-3457368295d0b5125626ebc06dde83ed .special-heading-inner-border{\nborder-color:#ffffff;\n}\n.av-special-heading.av-1pd0psl-3457368295d0b5125626ebc06dde83ed .av-subheading{\nfont-size:15px;\n}\n\n@media only screen and (min-width: 480px) and (max-width: 767px){ \n#top #wrap_all .av-special-heading.av-1pd0psl-3457368295d0b5125626ebc06dde83ed .av-special-heading-tag{\nfont-size:0.8em;\n}\n}\n\n@media only screen and (max-width: 479px){ \n#top #wrap_all .av-special-heading.av-1pd0psl-3457368295d0b5125626ebc06dde83ed .av-special-heading-tag{\nfont-size:0.8em;\n}\n}\n<\/style>\n<div  class='av-special-heading av-1pd0psl-3457368295d0b5125626ebc06dde83ed av-special-heading-h2 custom-color-heading blockquote modern-quote modern-centered  avia-builder-el-1  avia-builder-el-no-sibling  av-inherit-size'><h2 class='av-special-heading-tag '  itemprop=\"headline\"  >f\u00fcr unsere meunkaart siehe die englische Version bitte, seite 4<\/h2><div class=\"special-heading-border\"><div class=\"special-heading-inner-border\"><\/div><\/div><\/div>\n<\/div><\/div><\/main><!-- close content main element --><\/div><\/div><div class='clear'><\/div><div id='sub_menu1'  class='av-submenu-container av-1nxoal1-a72213ac068706116fe1bdd9008efab4 main_color  avia-builder-el-2  el_after_av_section  el_before_av_section  av-sticky-submenu submenu-not-first container_wrap sidebar_right' style='z-index:301' ><div class='container av-menu-mobile-disabled av-submenu-pos-center'><ul id=\"menu-menukaart-menu-de\" class=\"av-subnav-menu\" role=\"menu\"><li role=\"menuitem\" id=\"menu-item-5537\" class=\"menu-item menu-item-type-custom menu-item-object-custom menu-item-top-level menu-item-top-level-1\"><a href=\"\/de\/brasserie\/speisekarte\/#gruppenmenu\" itemprop=\"url\" tabindex=\"0\"><span class=\"avia-bullet\"><\/span><span class=\"avia-menu-text\">Gruppenmen\u00fc<\/span><span class=\"avia-menu-fx\"><span class=\"avia-arrow-wrap\"><span class=\"avia-arrow\"><\/span><\/span><\/span><\/a><\/li>\n<li role=\"menuitem\" id=\"menu-item-10045\" class=\"menu-item menu-item-type-custom menu-item-object-custom menu-item-top-level menu-item-top-level-2\"><a href=\"\/de\/brasserie\/speisekarte\/#speisekarte\" itemprop=\"url\" tabindex=\"0\"><span class=\"avia-bullet\"><\/span><span class=\"avia-menu-text\">Speisekarte<\/span><span class=\"avia-menu-fx\"><span class=\"avia-arrow-wrap\"><span class=\"avia-arrow\"><\/span><\/span><\/span><\/a><\/li>\n<li role=\"menuitem\" id=\"menu-item-10030\" class=\"menu-item menu-item-type-post_type menu-item-object-page menu-item-top-level menu-item-top-level-3\"><a href=\"https:\/\/www.antjevandestatie.eu\/de\/brasserie\/getraenke-und-weine\/\" itemprop=\"url\" tabindex=\"0\"><span class=\"avia-bullet\"><\/span><span class=\"avia-menu-text\">Getr\u00e4nke und Weine<\/span><span class=\"avia-menu-fx\"><span class=\"avia-arrow-wrap\"><span class=\"avia-arrow\"><\/span><\/span><\/span><\/a><\/li>\n<\/ul><\/div><\/div><div class='sticky_placeholder'><\/div><\/p>\n\n<style type=\"text\/css\" data-created_by=\"avia_inline_auto\" id=\"style-css-av-1mn1erp-5dccc660f3af23e3320a7a3f38e8607b\">\n.avia-section.av-1mn1erp-5dccc660f3af23e3320a7a3f38e8607b{\nbackground-repeat:no-repeat;\nbackground-image:url(https:\/\/www.antjevandestatie.eu\/wp-content\/uploads\/2014\/07\/bg-slider1.png);\nbackground-position:100% 100%;\nbackground-attachment:scroll;\n}\n<\/style>\n<div id='gruppenmenu'  class='avia-section av-1mn1erp-5dccc660f3af23e3320a7a3f38e8607b main_color avia-section-default avia-no-border-styling  avia-builder-el-3  el_after_av_submenu  el_before_av_section  avia-bg-style-scroll container_wrap sidebar_right'  data-section-bg-repeat='no-repeat'><div class='container av-section-cont-open' ><div class='template-page content  av-content-small alpha units'><div class='post-entry post-entry-type-page post-entry-5173'><div class='entry-content-wrapper clearfix'>\n\n<style type=\"text\/css\" data-created_by=\"avia_inline_auto\" id=\"style-css-av-5ra691-485bdb5408a1270f9beafea7e225adfc\">\n#top .av-special-heading.av-5ra691-485bdb5408a1270f9beafea7e225adfc{\npadding-bottom:25px;\n}\nbody .av-special-heading.av-5ra691-485bdb5408a1270f9beafea7e225adfc .av-special-heading-tag .heading-char{\nfont-size:25px;\n}\n.av-special-heading.av-5ra691-485bdb5408a1270f9beafea7e225adfc .av-subheading{\nfont-size:15px;\n}\n<\/style>\n<div  class='av-special-heading av-5ra691-485bdb5408a1270f9beafea7e225adfc av-special-heading-h2 blockquote modern-quote modern-centered  avia-builder-el-4  el_before_av_one_fifth  avia-builder-el-first '><h2 class='av-special-heading-tag '  itemprop=\"headline\"  ><strong id=\"breakfast\">Gruppen<\/strong>men\u00fc<\/h2><div class=\"special-heading-border\"><div class=\"special-heading-inner-border\"><\/div><\/div><\/div>\n<div  class='flex_column av-1k24xj9-ed999156d9f6262520571621e76e1475 av_one_fifth  avia-builder-el-5  el_after_av_heading  el_before_av_three_fifth  first flex_column_div  '     ><\/div>\n<style type=\"text\/css\" data-created_by=\"avia_inline_auto\" id=\"style-css-av-5bmh1h-d3d540021a0787b419d6e37b94bc2d8a\">\n.flex_column.av-5bmh1h-d3d540021a0787b419d6e37b94bc2d8a{\nborder-radius:0px 0px 0px 0px;\npadding:0px 0px 0px 0px;\n}\n<\/style>\n<div  class='flex_column av-5bmh1h-d3d540021a0787b419d6e37b94bc2d8a av_three_fifth  avia-builder-el-6  el_after_av_one_fifth  el_before_av_one_fifth  flex_column_div av-zero-column-padding  '     ><section  class='av_textblock_section av-1fgj7md-aa0c3e46e978106ebe8ea9960d76b110 '   itemscope=\"itemscope\" itemtype=\"https:\/\/schema.org\/CreativeWork\" ><div class='avia_textblock'  itemprop=\"text\" ><p style=\"text-align: center;\">For groups from <strong>9\u00a0to\u00a015 persons<\/strong>\u00a0we offer the possibility to choose a maximum of three dishes per course of our menu. This way you can compose your own group menu.<\/p>\n<p style=\"text-align: center;\">In case you are with <strong>16 persons<\/strong> <strong>or more<\/strong>, we invite you to contact us about your lunch or dinner preferences. We are happy to make an approriate proposal for you.<\/p>\n<\/div><\/section><\/div>\n<style type=\"text\/css\" data-created_by=\"avia_inline_auto\" id=\"style-css-av-1e9uuz9-c28fa846c58dab31d7e6a5ef019ad2e4\">\n.flex_column.av-1e9uuz9-c28fa846c58dab31d7e6a5ef019ad2e4{\nborder-radius:0px 0px 0px 0px;\npadding:0px 0px 0px 0px;\n}\n<\/style>\n<div  class='flex_column av-1e9uuz9-c28fa846c58dab31d7e6a5ef019ad2e4 av_one_fifth  avia-builder-el-8  el_after_av_three_fifth  avia-builder-el-last  flex_column_div av-zero-column-padding  '     ><\/div>\n\n<\/div><\/div><\/div><!-- close content main div --><\/div><\/div><div id='speisekarte'  class='avia-section av-1dg0m51-662e749662eee0a33477f2f8f8775b53 main_color avia-section-default avia-no-border-styling  avia-builder-el-9  el_after_av_section  el_before_av_section  avia-bg-style-scroll container_wrap sidebar_right'  ><div class='container av-section-cont-open' ><div class='template-page content  av-content-small alpha units'><div class='post-entry post-entry-type-page post-entry-5173'><div class='entry-content-wrapper clearfix'>\n\n<style type=\"text\/css\" data-created_by=\"avia_inline_auto\" id=\"style-css-av-1bauu51-7a619c741ee41e02e27c8e6001a38d9d\">\n#top .av-special-heading.av-1bauu51-7a619c741ee41e02e27c8e6001a38d9d{\npadding-bottom:25px;\n}\nbody .av-special-heading.av-1bauu51-7a619c741ee41e02e27c8e6001a38d9d .av-special-heading-tag .heading-char{\nfont-size:25px;\n}\n.av-special-heading.av-1bauu51-7a619c741ee41e02e27c8e6001a38d9d .av-subheading{\nfont-size:15px;\n}\n<\/style>\n<div  class='av-special-heading av-1bauu51-7a619c741ee41e02e27c8e6001a38d9d av-special-heading-h2 blockquote modern-quote modern-centered  avia-builder-el-10  el_before_av_one_fifth  avia-builder-el-first '><h2 class='av-special-heading-tag '  itemprop=\"headline\"  ><strong id=\"breakfast\">Speise<\/strong>karte<\/h2><div class='av-subheading av-subheading_below'><p>Die K\u00fcche ist durchgehend von 12.00 bis 21.00 Uhr ge\u00f6ffnet. Fr\u00fchst\u00fcck (f\u00fcr Hotelg\u00e4ste) von 7.00 bis 10.30 Uhr. Sonntags ab 8 Uhr<\/p>\n<\/div><div class=\"special-heading-border\"><div class=\"special-heading-inner-border\"><\/div><\/div><\/div>\n<div  class='flex_column av-19wqkfp-61daaa423ce3368979de0513000add95 av_one_fifth  avia-builder-el-11  el_after_av_heading  el_before_av_three_fifth  first flex_column_div  '     ><\/div>\n<style type=\"text\/css\" data-created_by=\"avia_inline_auto\" id=\"style-css-av-18hffit-bce930a9de8376c497ad4317f0b02d62\">\n.flex_column.av-18hffit-bce930a9de8376c497ad4317f0b02d62{\nborder-radius:0px 0px 0px 0px;\npadding:0px 0px 0px 0px;\n}\n<\/style>\n<div  class='flex_column av-18hffit-bce930a9de8376c497ad4317f0b02d62 av_three_fifth  avia-builder-el-12  el_after_av_one_fifth  el_before_av_one_fifth  flex_column_div av-zero-column-padding  '     ><div  class='avia-button-wrap avia-button-center  avia-builder-el-13  avia-builder-el-no-sibling '>\n<style type=\"text\/css\" data-created_by=\"avia_inline_auto\" id=\"style-css-av-16oglzp-dd45990dfb2e6632a5da8c89c51940eb\">\n#top #wrap_all .avia-button.av-16oglzp-dd45990dfb2e6632a5da8c89c51940eb{\ncolor:#ffffff;\ntransition:all 0.4s ease-in-out;\n}\n#top #wrap_all .avia-button.av-16oglzp-dd45990dfb2e6632a5da8c89c51940eb:hover{\ncolor:#ffffff;\ntransition:all 0.4s ease-in-out;\n}\n<\/style>\n<a href='' class='avia-color-theme-color avia-button avia-button-fullwidth av-16oglzp-dd45990dfb2e6632a5da8c89c51940eb avia-icon_select-yes-left-icon avia-color-theme-color'   aria-label=\"Download the menu (PDF)\"><span class='avia_button_icon avia_button_icon_left' aria-hidden='true' data-av_icon='\ue84e' data-av_iconfont='entypo-fontello'><\/span><span class='avia_iconbox_title' >Download the menu (PDF)<\/span><span class='avia_button_background avia-button avia-button-fullwidth avia-color-theme-color-subtle'><\/span><\/a><\/div><\/div>\n<style type=\"text\/css\" data-created_by=\"avia_inline_auto\" id=\"style-css-av-14u3f6t-b513159b83c768e81453fec3a784a267\">\n.flex_column.av-14u3f6t-b513159b83c768e81453fec3a784a267{\nborder-radius:0px 0px 0px 0px;\npadding:0px 0px 0px 0px;\n}\n<\/style>\n<div  class='flex_column av-14u3f6t-b513159b83c768e81453fec3a784a267 av_one_fifth  avia-builder-el-14  el_after_av_three_fifth  avia-builder-el-last  flex_column_div av-zero-column-padding  '     ><\/div><\/div><\/div><\/div><!-- close content main div --><\/div><\/div>\n<style type=\"text\/css\" data-created_by=\"avia_inline_auto\" id=\"style-css-av-3vim6d-5ad18ba43e524c589328627fa1bf7314\">\n.avia-section.av-3vim6d-5ad18ba43e524c589328627fa1bf7314{\nbackground-repeat:no-repeat;\nbackground-image:url(https:\/\/www.antjevandestatie.eu\/wp-content\/uploads\/2014\/07\/bg-slider1-1030x730.png);\nbackground-position:100% 100%;\nbackground-attachment:scroll;\n}\n<\/style>\n<div id='fingerfood'  class='avia-section av-3vim6d-5ad18ba43e524c589328627fa1bf7314 main_color avia-section-default avia-no-border-styling  avia-builder-el-15  el_after_av_section  avia-builder-el-last  avia-bg-style-scroll container_wrap sidebar_right'  data-section-bg-repeat='no-repeat'><div class='container av-section-cont-open' ><div class='template-page content  av-content-small alpha units'><div class='post-entry post-entry-type-page post-entry-5173'><div class='entry-content-wrapper clearfix'>\n<section  class='av_textblock_section av-10slanp-02a99612e442732d5375aced611471d7 '   itemscope=\"itemscope\" itemtype=\"https:\/\/schema.org\/CreativeWork\" ><div class='avia_textblock'  itemprop=\"text\" ><p><a href=\"https:\/\/www.antjevandestatie.eu\/antje_menukaart_zomer2025_dutch_online\/\"><img decoding=\"async\" class=\"size-full wp-image-28956 alignnone\" src=\"https:\/\/www.antjevandestatie.eu\/wp-content\/uploads\/2025\/07\/Antje_Menukaart.jpg\" alt=\"\" width=\"300\" height=\"300\" srcset=\"https:\/\/www.antjevandestatie.eu\/wp-content\/uploads\/2025\/07\/Antje_Menukaart.jpg 300w, https:\/\/www.antjevandestatie.eu\/wp-content\/uploads\/2025\/07\/Antje_Menukaart-36x36.jpg 36w, https:\/\/www.antjevandestatie.eu\/wp-content\/uploads\/2025\/07\/Antje_Menukaart-180x180.jpg 180w\" sizes=\"(max-width: 300px) 100vw, 300px\" \/><\/a><\/p>\n<p><a href=\"https:\/\/www.antjevandestatie.eu\/antje_menukaart_zomer2025_dutch_online\/\">Antje Nederlandstalige Menukaart<\/a><\/p>\n<p><a href=\"https:\/\/www.antjevandestatie.eu\/antje_menukaart_summer2025_english_online\/\"><img decoding=\"async\" class=\"size-full wp-image-28952 alignnone\" src=\"https:\/\/www.antjevandestatie.eu\/wp-content\/uploads\/2025\/07\/Antje_English_Menu.jpg\" alt=\"\" width=\"300\" height=\"300\" srcset=\"https:\/\/www.antjevandestatie.eu\/wp-content\/uploads\/2025\/07\/Antje_English_Menu.jpg 300w, https:\/\/www.antjevandestatie.eu\/wp-content\/uploads\/2025\/07\/Antje_English_Menu-36x36.jpg 36w, https:\/\/www.antjevandestatie.eu\/wp-content\/uploads\/2025\/07\/Antje_English_Menu-180x180.jpg 180w\" sizes=\"(max-width: 300px) 100vw, 300px\" \/><\/a><\/p>\n<p><a href=\"https:\/\/www.antjevandestatie.eu\/antje_menukaart_zomer2025_dutch_online\/\">Antje English Menu<\/a><\/p>\n<h3 style=\"text-align: center;\"><strong>Haben Sie ein allergie?\u00a0Sage\u00a0<\/strong><strong>es!<\/strong><\/h3>\n<\/div><\/section>\n<div  class='av_promobox av-zcsl11-ec2e05e4b37acf848d804ddf1a837187 avia-button-yes  avia-builder-el-17  el_after_av_textblock  el_before_av_hr '><div class='avia-promocontent'><p>Klicken Sie hier, um Ihren Tisch zu reservieren!<\/p>\n<\/div><div  class='avia-button-wrap av-zcsl11-421db116e4745ec7200d293debbd9620-wrap avia-button-right '><a href='\/de\/brasserie\/#tisch-reservieren'  class='avia-button av-zcsl11-421db116e4745ec7200d293debbd9620 av-link-btn avia-icon_select-no avia-size-large avia-position-right avia-color-theme-color'   aria-label=\"Reservieren\"><span class='avia_iconbox_title' >Reservieren<\/span><\/a><\/div><\/div>\n\n<style type=\"text\/css\" data-created_by=\"avia_inline_auto\" id=\"style-css-av-y8llz9-6dd0d3ae70818dcf90498ee2629b5e9c\">\n#top .hr.hr-invisible.av-y8llz9-6dd0d3ae70818dcf90498ee2629b5e9c{\nheight:50px;\n}\n<\/style>\n<div  class='hr av-y8llz9-6dd0d3ae70818dcf90498ee2629b5e9c hr-invisible  avia-builder-el-18  el_after_av_promobox  avia-builder-el-last '><span class='hr-inner '><span class=\"hr-inner-style\"><\/span><\/span><\/div>\n<\/div><\/div><\/div><!-- close content main div --><\/div><\/div><div id='after_section_4'  class='main_color av_default_container_wrap container_wrap sidebar_right'  ><div class='container av-section-cont-open' ><div class='template-page content  av-content-small alpha units'><div class='post-entry post-entry-type-page post-entry-5173'><div class='entry-content-wrapper clearfix'><\/p>\n","protected":false},"excerpt":{"rendered":"","protected":false},"author":1,"featured_media":0,"parent":4658,"menu_order":0,"comment_status":"closed","ping_status":"closed","template":"","meta":{"_exactmetrics_skip_tracking":false,"_exactmetrics_sitenote_active":false,"_exactmetrics_sitenote_note":"","_exactmetrics_sitenote_category":0,"footnotes":""},"class_list":["post-5173","page","type-page","status-publish","hentry"],"_links":{"self":[{"href":"https:\/\/www.antjevandestatie.eu\/de\/wp-json\/wp\/v2\/pages\/5173"}],"collection":[{"href":"https:\/\/www.antjevandestatie.eu\/de\/wp-json\/wp\/v2\/pages"}],"about":[{"href":"https:\/\/www.antjevandestatie.eu\/de\/wp-json\/wp\/v2\/types\/page"}],"author":[{"embeddable":true,"href":"https:\/\/www.antjevandestatie.eu\/de\/wp-json\/wp\/v2\/users\/1"}],"replies":[{"embeddable":true,"href":"https:\/\/www.antjevandestatie.eu\/de\/wp-json\/wp\/v2\/comments?post=5173"}],"version-history":[{"count":26,"href":"https:\/\/www.antjevandestatie.eu\/de\/wp-json\/wp\/v2\/pages\/5173\/revisions"}],"predecessor-version":[{"id":28967,"href":"https:\/\/www.antjevandestatie.eu\/de\/wp-json\/wp\/v2\/pages\/5173\/revisions\/28967"}],"up":[{"embeddable":true,"href":"https:\/\/www.antjevandestatie.eu\/de\/wp-json\/wp\/v2\/pages\/4658"}],"wp:attachment":[{"href":"https:\/\/www.antjevandestatie.eu\/de\/wp-json\/wp\/v2\/media?parent=5173"}],"curies":[{"name":"wp","href":"https:\/\/api.w.org\/{rel}","templated":true}]}}