{"id":4589,"date":"2015-09-29T09:18:45","date_gmt":"2015-09-29T08:18:45","guid":{"rendered":"https:\/\/www.antjevandestatie.eu\/?page_id=4589"},"modified":"2020-01-18T20:25:58","modified_gmt":"2020-01-18T19:25:58","slug":"home","status":"publish","type":"page","link":"https:\/\/www.antjevandestatie.eu\/fr\/","title":{"rendered":"Home"},"content":{"rendered":"<div id='full_slider_1'  class='avia-fullwidth-slider main_color avia-shadow   avia-builder-el-0  el_before_av_layout_row  avia-builder-el-first   container_wrap sidebar_right' style='background-repeat: no-repeat; background-image: url(https:\/\/www.antjevandestatie.eu\/wp-content\/uploads\/2014\/07\/bg-slider1.png); background-attachment: scroll; background-position: top left;'  ><div  class='avia-slideshow av-av_slideshow_full-d387a67defc7bd13b85c6d29b3e4355d avia-slideshow-entry_without_sidebar av_slideshow_full avia-fade-slider av-slideshow-ui av-control-default av-slideshow-autoplay av-loop-endless av-loop-manual-endless av-default-height-applied   avia-slideshow-1' data-slideshow-options=\"{&quot;animation&quot;:&quot;fade&quot;,&quot;autoplay&quot;:true,&quot;loop_autoplay&quot;:&quot;endless&quot;,&quot;interval&quot;:7,&quot;loop_manual&quot;:&quot;manual-endless&quot;,&quot;autoplay_stopper&quot;:false,&quot;noNavigation&quot;:false,&quot;bg_slider&quot;:false,&quot;keep_padding&quot;:false,&quot;hoverpause&quot;:false,&quot;show_slide_delay&quot;:0}\"  itemprop=\"image\" itemscope=\"itemscope\" itemtype=\"https:\/\/schema.org\/ImageObject\" ><ul class='avia-slideshow-inner ' style='padding-bottom: 34.95867768595%;'><li  class='avia-slideshow-slide av-av_slideshow_full-d387a67defc7bd13b85c6d29b3e4355d__0  slide-1 slide-odd'><div data-rel='slideshow-1' class='avia-slide-wrap '   ><img fetchpriority=\"high\" class=\"wp-image-27065 avia-img-lazy-loading-not-27065\"  src='https:\/\/www.antjevandestatie.eu\/wp-content\/uploads\/2015\/09\/terras.jpg' width='1210' height='423' title='terras' alt=''  itemprop=\"thumbnailUrl\"   \/><\/div><\/li><li  class='avia-slideshow-slide av-av_slideshow_full-d387a67defc7bd13b85c6d29b3e4355d__1  slide-2 slide-even'><div data-rel='slideshow-1' class='avia-slide-wrap '   ><img fetchpriority=\"high\" class=\"wp-image-27035 avia-img-lazy-loading-not-27035\"  src='https:\/\/www.antjevandestatie.eu\/wp-content\/uploads\/2015\/07\/Bruidssuite.jpg' width='1210' height='423' title='Bruidssuite' alt=''  itemprop=\"thumbnailUrl\"   \/><\/div><\/li><li  class='avia-slideshow-slide av-av_slideshow_full-d387a67defc7bd13b85c6d29b3e4355d__2  slide-3 slide-odd'><div data-rel='slideshow-1' class='avia-slide-wrap '   ><img fetchpriority=\"high\" class=\"wp-image-27044 avia-img-lazy-loading-not-27044\"  src='https:\/\/www.antjevandestatie.eu\/wp-content\/uploads\/2015\/07\/Brasserie-new.jpg' width='1210' height='423' title='Brasserie new' alt=''  itemprop=\"thumbnailUrl\"   \/><\/div><\/li><li  class='avia-slideshow-slide av-av_slideshow_full-d387a67defc7bd13b85c6d29b3e4355d__3  slide-4 slide-even'><div data-rel='slideshow-1' class='avia-slide-wrap '   ><img fetchpriority=\"high\" class=\"wp-image-27038 avia-img-lazy-loading-not-27038\"  src='https:\/\/www.antjevandestatie.eu\/wp-content\/uploads\/2015\/07\/Heerenkamer.jpg' width='1210' height='423' title='Heerenkamer' alt=''  itemprop=\"thumbnailUrl\"   \/><\/div><\/li><li  class='avia-slideshow-slide av-av_slideshow_full-d387a67defc7bd13b85c6d29b3e4355d__4  slide-5 slide-odd'><div data-rel='slideshow-1' class='avia-slide-wrap '   ><img fetchpriority=\"high\" class=\"wp-image-27062 avia-img-lazy-loading-not-27062\"  src='https:\/\/www.antjevandestatie.eu\/wp-content\/uploads\/2015\/07\/Brasserie-new-4.jpg' width='1210' height='423' title='Brasserie new 4' alt=''  itemprop=\"thumbnailUrl\"   \/><\/div><\/li><li  class='avia-slideshow-slide av-av_slideshow_full-d387a67defc7bd13b85c6d29b3e4355d__6  slide-6 slide-even'><div data-rel='slideshow-1' class='avia-slide-wrap '   ><img fetchpriority=\"high\" class=\"wp-image-27050 avia-img-lazy-loading-not-27050\"  src='https:\/\/www.antjevandestatie.eu\/wp-content\/uploads\/2015\/07\/Familiekamer.jpg' width='1210' height='423' title='Familiekamer' alt=''  itemprop=\"thumbnailUrl\"   \/><\/div><\/li><li  class='avia-slideshow-slide av-av_slideshow_full-d387a67defc7bd13b85c6d29b3e4355d__7  slide-7 slide-odd'><div data-rel='slideshow-1' class='avia-slide-wrap '   ><img fetchpriority=\"high\" class=\"wp-image-27053 avia-img-lazy-loading-not-27053\"  src='https:\/\/www.antjevandestatie.eu\/wp-content\/uploads\/2015\/07\/superior-room.jpg' width='1210' height='423' title='superior room' alt=''  itemprop=\"thumbnailUrl\"   \/><\/div><\/li><li  class='avia-slideshow-slide av-av_slideshow_full-d387a67defc7bd13b85c6d29b3e4355d__8  slide-8 slide-even'><div data-rel='slideshow-1' class='avia-slide-wrap '   ><img fetchpriority=\"high\" class=\"wp-image-27068 avia-img-lazy-loading-not-27068\"  src='https:\/\/www.antjevandestatie.eu\/wp-content\/uploads\/2015\/07\/inchecken2.jpg' width='1210' height='423' title='inchecken2' alt=''  itemprop=\"thumbnailUrl\"   \/><\/div><\/li><li  class='avia-slideshow-slide av-av_slideshow_full-d387a67defc7bd13b85c6d29b3e4355d__9  slide-9 slide-odd'><div data-rel='slideshow-1' class='avia-slide-wrap '   ><img fetchpriority=\"high\" class=\"wp-image-27056 avia-img-lazy-loading-not-27056\"  src='https:\/\/www.antjevandestatie.eu\/wp-content\/uploads\/2015\/07\/antjezaal.jpg' width='1210' height='423' title='antjezaal' alt=''  itemprop=\"thumbnailUrl\"   \/><\/div><\/li><\/ul><div class='avia-slideshow-arrows avia-slideshow-controls' ><a href='#prev' class='prev-slide ' aria-hidden='true' data-av_icon='\ue87c' data-av_iconfont='entypo-fontello'  tabindex='-1'>Pr\u00e9c\u00e9dent<\/a><a href='#next' class='next-slide ' aria-hidden='true' data-av_icon='\ue87d' data-av_iconfont='entypo-fontello'  tabindex='-1'>Suivant<\/a><\/div><div class='avia-slideshow-dots avia-slideshow-controls'><a href='#1' class='goto-slide active' >1<\/a><a href='#2' class='goto-slide ' >2<\/a><a href='#3' class='goto-slide ' >3<\/a><a href='#4' class='goto-slide ' >4<\/a><a href='#5' class='goto-slide ' >5<\/a><a href='#6' class='goto-slide ' >6<\/a><a href='#7' class='goto-slide ' >7<\/a><a href='#8' class='goto-slide ' >8<\/a><a href='#9' class='goto-slide ' >9<\/a><\/div><div class='av-slideshow-caption av-av_slideshow_full-d387a67defc7bd13b85c6d29b3e4355d__2 caption_fullwidth caption_right caption_right_framed caption_framed'><div class=\"container caption_container\"><div class=\"slideshow_caption\"><div class=\"slideshow_inner_caption\"><div class=\"slideshow_align_caption\"><h2 class='avia-caption-title '  itemprop=\"name\" >.<\/h2><\/div><\/div><\/div><\/div><\/div><\/div><\/div>\n<div id='av-layout-grid-1'  class='av-layout-grid-container av-av_layout_row-caf1f26e08707a2ebe9176b630e736c2 entry-content-wrapper main_color av-flex-cells  avia-builder-el-1  el_after_av_slideshow_full  el_before_av_heading  grid-row-not-first  container_wrap sidebar_right'  >\n\n<style type=\"text\/css\" data-created_by=\"avia_inline_auto\" id=\"style-css-av-av_cell_one_third-3d106998fcfe63dd01622301c1199a59\">\n.flex_cell.av-av_cell_one_third-3d106998fcfe63dd01622301c1199a59{\nvertical-align:top;\nbackground-color:#474746;\n}\n.responsive #top #wrap_all .flex_cell.av-av_cell_one_third-3d106998fcfe63dd01622301c1199a59{\npadding:30px 30px 30px 30px !important;\n}\n<\/style>\n<div class='flex_cell av-av_cell_one_third-3d106998fcfe63dd01622301c1199a59 av-gridrow-cell av_one_third no_margin  avia-builder-el-2  el_before_av_cell_one_third  avia-builder-el-first '  ><div class='flex_cell_inner'>\n<style type=\"text\/css\" data-created_by=\"avia_inline_auto\" id=\"style-css-av-av_icon_box-facfa0dd4c984cf2339c0326f721d17c\">\n.iconbox.av-av_icon_box-facfa0dd4c984cf2339c0326f721d17c .iconbox_icon{\ncolor:#ffffff;\n}\n#top #wrap_all .iconbox.av-av_icon_box-facfa0dd4c984cf2339c0326f721d17c .iconbox_content_title{\ncolor:#ffffff;\n}\n.iconbox.av-av_icon_box-facfa0dd4c984cf2339c0326f721d17c .iconbox_content_container{\ncolor:#ffffff;\n}\n<\/style>\n<article  class='iconbox iconbox_left_content av-av_icon_box-facfa0dd4c984cf2339c0326f721d17c  avia-builder-el-3  avia-builder-el-no-sibling '  itemscope=\"itemscope\" itemtype=\"https:\/\/schema.org\/CreativeWork\" ><div class=\"iconbox_icon heading-color\" aria-hidden='true' data-av_icon='\ue801' data-av_iconfont='fontello'><\/div><div class=\"iconbox_content\"><header class=\"entry-content-header\"><h3 class='iconbox_content_title '  itemprop=\"headline\" >Brasserie et Heerenkamer<\/h3><\/header><div class='iconbox_content_container av_inherit_color'  itemprop=\"text\" ><p>Venez d\u00e9guster un d\u00e9licieux petit-d\u00e9jeuner, d\u00e9jeuner ou d\u00eener dans notre Brasserie. Avec une tasse de caf\u00e9 d\u00e9couvrez notre fameuse tarte Weerter, ou prenez une boisson dans notre Grand Caf\u00e9. <div  class='avia-button-wrap av-av_button-cccdd656a9c6a621174ce36872819b47-wrap avia-button-left  avia-builder-el-4  el_before_av_button  avia-builder-el-first '>\n<style type=\"text\/css\" data-created_by=\"avia_inline_auto\" id=\"style-css-av-av_button-cccdd656a9c6a621174ce36872819b47\">\n#top #wrap_all .avia-button.av-av_button-cccdd656a9c6a621174ce36872819b47{\nbackground-color:#ffffff;\nborder-color:#ffffff;\ncolor:#1e1f1d;\ntransition:all 0.4s ease-in-out;\n}\n<\/style>\n<a href='\/fr\/brasserie\/'  class='avia-button av-av_button-cccdd656a9c6a621174ce36872819b47 av-link-btn avia-icon_select-yes-right-icon avia-size-medium avia-position-left'   aria-label=\"Brasserie\"><span class='avia_iconbox_title' >Brasserie<\/span><span class='avia_button_icon avia_button_icon_right' aria-hidden='true' data-av_icon='\ue801' data-av_iconfont='fontello'><\/span><\/a><\/div><div  class='avia-button-wrap av-av_button-aa0bc9c63c96607ff97b4366cb78eb28-wrap avia-button-left  avia-builder-el-5  el_after_av_button  avia-builder-el-last '>\n<style type=\"text\/css\" data-created_by=\"avia_inline_auto\" id=\"style-css-av-av_button-aa0bc9c63c96607ff97b4366cb78eb28\">\n#top #wrap_all .avia-button.av-av_button-aa0bc9c63c96607ff97b4366cb78eb28{\nbackground-color:#2b2b2a;\nborder-color:#2b2b2a;\ncolor:#ffffff;\ntransition:all 0.4s ease-in-out;\n}\n<\/style>\n<a href='\/fr\/heerenkamer\/'  class='avia-button av-av_button-aa0bc9c63c96607ff97b4366cb78eb28 av-link-btn avia-icon_select-yes-right-icon avia-size-medium avia-position-left'   aria-label=\"Heerenkamer\"><span class='avia_iconbox_title' >Heerenkamer<\/span><span class='avia_button_icon avia_button_icon_right' aria-hidden='true' data-av_icon='\ue807' data-av_iconfont='fontello'><\/span><\/a><\/div><\/p>\n<\/div><\/div><footer class=\"entry-footer\"><\/footer><\/article>\n<\/div><\/div>\n<style type=\"text\/css\" data-created_by=\"avia_inline_auto\" id=\"style-css-av-av_cell_one_third-f002a04a68d84be02a16fa2207093d69\">\n.flex_cell.av-av_cell_one_third-f002a04a68d84be02a16fa2207093d69{\nvertical-align:top;\nbackground-color:#129e97;\n}\n.responsive #top #wrap_all .flex_cell.av-av_cell_one_third-f002a04a68d84be02a16fa2207093d69{\npadding:30px 30px 30px 30px !important;\n}\n<\/style>\n<div class='flex_cell av-av_cell_one_third-f002a04a68d84be02a16fa2207093d69 av-gridrow-cell av_one_third no_margin  avia-builder-el-6  el_after_av_cell_one_third  el_before_av_cell_one_third '  ><div class='flex_cell_inner'>\n<style type=\"text\/css\" data-created_by=\"avia_inline_auto\" id=\"style-css-av-av_icon_box-66dbd7489df305fcfc11c20528c11a70\">\n.iconbox.av-av_icon_box-66dbd7489df305fcfc11c20528c11a70 .iconbox_icon{\ncolor:#ffffff;\n}\n#top #wrap_all .iconbox.av-av_icon_box-66dbd7489df305fcfc11c20528c11a70 .iconbox_content_title{\ncolor:#ffffff;\n}\n.iconbox.av-av_icon_box-66dbd7489df305fcfc11c20528c11a70 .iconbox_content_container{\ncolor:#ffffff;\n}\n<\/style>\n<article  class='iconbox iconbox_left_content av-av_icon_box-66dbd7489df305fcfc11c20528c11a70  avia-builder-el-7  avia-builder-el-no-sibling '  itemscope=\"itemscope\" itemtype=\"https:\/\/schema.org\/CreativeWork\" ><div class=\"iconbox_icon heading-color\" aria-hidden='true' data-av_icon='\ue8bc' data-av_iconfont='entypo-fontello'><\/div><div class=\"iconbox_content\"><header class=\"entry-content-header\"><h3 class='iconbox_content_title '  itemprop=\"headline\" >H\u00f4tel<\/h3><\/header><div class='iconbox_content_container av_inherit_color'  itemprop=\"text\" ><p>Venez s\u00e9journer dans cet h\u00f4tel \u00ab\u00a0boutique\u00a0\u00bb branch\u00e9, au c\u0153ur de Weert, juste \u00e0 c\u00f4t\u00e9 de la gare centrale. D\u00e9couvrez la r\u00e9gion de Weert et les nombreuses activit\u00e9s aux alentours. <div  class='avia-button-wrap av-av_button-fc4d3be0dd02f0850ec3ce87731996d7-wrap avia-button-left  avia-builder-el-8  el_before_av_button  avia-builder-el-first '>\n<style type=\"text\/css\" data-created_by=\"avia_inline_auto\" id=\"style-css-av-av_button-fc4d3be0dd02f0850ec3ce87731996d7\">\n#top #wrap_all .avia-button.av-av_button-fc4d3be0dd02f0850ec3ce87731996d7{\nbackground-color:#ffffff;\nborder-color:#ffffff;\ncolor:#054844;\ntransition:all 0.4s ease-in-out;\n}\n<\/style>\n<a href='https:\/\/secure.maxengine.eu?hotel_id=4001&amp;template=antjevandestatie&amp;hl=fr'  class='avia-button av-av_button-fc4d3be0dd02f0850ec3ce87731996d7 av-link-btn avia-icon_select-yes-right-icon avia-size-medium avia-position-left'   aria-label=\"R\u00e9server une chambre\"><span class='avia_iconbox_title' >R\u00e9server une chambre<\/span><span class='avia_button_icon avia_button_icon_right' aria-hidden='true' data-av_icon='\ue832' data-av_iconfont='entypo-fontello'><\/span><\/a><\/div><div  class='avia-button-wrap av-av_button-e19f11e528910862989d4093e5fdb381-wrap avia-button-left  avia-builder-el-9  el_after_av_button  avia-builder-el-last '>\n<style type=\"text\/css\" data-created_by=\"avia_inline_auto\" id=\"style-css-av-av_button-e19f11e528910862989d4093e5fdb381\">\n#top #wrap_all .avia-button.av-av_button-e19f11e528910862989d4093e5fdb381{\nbackground-color:#0b5f5b;\nborder-color:#0b5f5b;\ncolor:#ffffff;\ntransition:all 0.4s ease-in-out;\n}\n<\/style>\n<a href='\/fr\/hotel\/'  class='avia-button av-av_button-e19f11e528910862989d4093e5fdb381 av-link-btn avia-icon_select-yes-right-icon avia-size-medium avia-position-left'   aria-label=\"Click me\"><span class='avia_iconbox_title' >Click me<\/span><span class='avia_button_icon avia_button_icon_right' aria-hidden='true' data-av_icon='\ue81c' data-av_iconfont='entypo-fontello'><\/span><\/a><\/div><\/p>\n<\/div><\/div><footer class=\"entry-footer\"><\/footer><\/article>\n<\/div><\/div>\n<style type=\"text\/css\" data-created_by=\"avia_inline_auto\" id=\"style-css-av-av_cell_one_third-f20af7df5f82d81e6cca1800cd4a786c\">\n.flex_cell.av-av_cell_one_third-f20af7df5f82d81e6cca1800cd4a786c{\nvertical-align:top;\nbackground-color:#f5a300;\n}\n.responsive #top #wrap_all .flex_cell.av-av_cell_one_third-f20af7df5f82d81e6cca1800cd4a786c{\npadding:30px 30px 30px 30px !important;\n}\n<\/style>\n<div class='flex_cell av-av_cell_one_third-f20af7df5f82d81e6cca1800cd4a786c av-gridrow-cell av_one_third no_margin  avia-builder-el-10  el_after_av_cell_one_third  avia-builder-el-last '  ><div class='flex_cell_inner'>\n<style type=\"text\/css\" data-created_by=\"avia_inline_auto\" id=\"style-css-av-av_icon_box-36004bb6499becbf587120b852ada7a3\">\n.iconbox.av-av_icon_box-36004bb6499becbf587120b852ada7a3 .iconbox_icon{\ncolor:#ffffff;\n}\n#top #wrap_all .iconbox.av-av_icon_box-36004bb6499becbf587120b852ada7a3 .iconbox_content_title{\ncolor:#ffffff;\n}\n.iconbox.av-av_icon_box-36004bb6499becbf587120b852ada7a3 .iconbox_content_container{\ncolor:#ffffff;\n}\n<\/style>\n<article  class='iconbox iconbox_left_content av-av_icon_box-36004bb6499becbf587120b852ada7a3  avia-builder-el-11  avia-builder-el-no-sibling '  itemscope=\"itemscope\" itemtype=\"https:\/\/schema.org\/CreativeWork\" ><div class=\"iconbox_icon heading-color\" aria-hidden='true' data-av_icon='\ue80a' data-av_iconfont='fontello'><\/div><div class=\"iconbox_content\"><header class=\"entry-content-header\"><h3 class='iconbox_content_title '  itemprop=\"headline\" >Salles de conferences et de fetes<\/h3><\/header><div class='iconbox_content_container av_inherit_color'  itemprop=\"text\" ><p>Quelque chose \u00e0 c\u00e9l\u00e9brer? Nos splendides salles de r\u00e9ception sont disponibles \u00e0 cet effet. Elles peuvent \u00e9galement \u00eatre utilis\u00e9es comme salles de r\u00e9union et de conf\u00e9rence. Notre salle de r\u00e9ception convient parfaitement pour des collations, des repas ou le th\u00e9 et le caf\u00e9 dans l&rsquo;apr\u00e8s-midi. <div  class='avia-button-wrap av-av_button-3f571bf6b86fe7a8485e445feb4c79b6-wrap avia-button-left  avia-builder-el-12  el_before_av_button  avia-builder-el-first '>\n<style type=\"text\/css\" data-created_by=\"avia_inline_auto\" id=\"style-css-av-av_button-3f571bf6b86fe7a8485e445feb4c79b6\">\n#top #wrap_all .avia-button.av-av_button-3f571bf6b86fe7a8485e445feb4c79b6{\nbackground-color:#ffffff;\nborder-color:#ffffff;\ncolor:#6a4a00;\ntransition:all 0.4s ease-in-out;\n}\n<\/style>\n<a href='\/fr\/salles-de-conferences-et-de-fetes\/apercu-de-la-salle-de-reception\/#apercu-de-la-salle-de-reception'  class='avia-button av-av_button-3f571bf6b86fe7a8485e445feb4c79b6 av-link-btn avia-icon_select-yes-right-icon avia-size-medium avia-position-left'   aria-label=\"R\u00e9server la salle de r\u00e9ception\"><span class='avia_iconbox_title' >R\u00e9server la salle de r\u00e9ception<\/span><span class='avia_button_icon avia_button_icon_right' aria-hidden='true' data-av_icon='\ue832' data-av_iconfont='entypo-fontello'><\/span><\/a><\/div><div  class='avia-button-wrap av-av_button-bca10902cc7adeeb9ed572af6c009732-wrap avia-button-left  avia-builder-el-13  el_after_av_button  avia-builder-el-last '>\n<style type=\"text\/css\" data-created_by=\"avia_inline_auto\" id=\"style-css-av-av_button-bca10902cc7adeeb9ed572af6c009732\">\n#top #wrap_all .avia-button.av-av_button-bca10902cc7adeeb9ed572af6c009732{\nbackground-color:#936200;\nborder-color:#936200;\ncolor:#ffffff;\ntransition:all 0.4s ease-in-out;\n}\n<\/style>\n<a href='\/fr\/salles-de-conferences-et-de-fetes\/'  class='avia-button av-av_button-bca10902cc7adeeb9ed572af6c009732 av-link-btn avia-icon_select-yes-right-icon avia-size-medium avia-position-left'   aria-label=\"Click me\"><span class='avia_iconbox_title' >Click me<\/span><span class='avia_button_icon avia_button_icon_right' aria-hidden='true' data-av_icon='\ue81c' data-av_iconfont='entypo-fontello'><\/span><\/a><\/div><\/p>\n<\/div><\/div><footer class=\"entry-footer\"><\/footer><\/article>\n<\/div><\/div>\n<\/div><div id='after_grid_row_1'  class='main_color av_default_container_wrap container_wrap sidebar_right'  ><div class='container av-section-cont-open' ><div class='template-page content  av-content-small alpha units'><div class='post-entry post-entry-type-page post-entry-4589'><div class='entry-content-wrapper clearfix'>\n\n<style type=\"text\/css\" data-created_by=\"avia_inline_auto\" id=\"style-css-av-av_heading-9e4447e978e1521111392adae35ffae1\">\n#top .av-special-heading.av-av_heading-9e4447e978e1521111392adae35ffae1{\npadding-bottom:10px;\nfont-size:30px;\n}\nbody .av-special-heading.av-av_heading-9e4447e978e1521111392adae35ffae1 .av-special-heading-tag .heading-char{\nfont-size:25px;\n}\n#top #wrap_all .av-special-heading.av-av_heading-9e4447e978e1521111392adae35ffae1 .av-special-heading-tag{\nfont-size:30px;\n}\n.av-special-heading.av-av_heading-9e4447e978e1521111392adae35ffae1 .av-subheading{\nfont-size:21px;\n}\n\n@media only screen and (min-width: 480px) and (max-width: 767px){ \n#top #wrap_all .av-special-heading.av-av_heading-9e4447e978e1521111392adae35ffae1 .av-special-heading-tag{\nfont-size:0.8em;\n}\n}\n\n@media only screen and (max-width: 479px){ \n#top #wrap_all .av-special-heading.av-av_heading-9e4447e978e1521111392adae35ffae1 .av-special-heading-tag{\nfont-size:0.8em;\n}\n}\n<\/style>\n<div  class='av-special-heading av-av_heading-9e4447e978e1521111392adae35ffae1 av-special-heading-h1 blockquote modern-quote  avia-builder-el-14  el_after_av_layout_row  el_before_av_textblock  avia-builder-el-first  av-thin-font av-inherit-size'><h1 class='av-special-heading-tag '  itemprop=\"headline\"  >Brasserie-Hotel <strong>Antje van de Statie<\/strong><\/h1><div class='av-subheading av-subheading_below'><p>Venez manger, boire et passer la nuit dans l&rsquo;\u00e9tablissement le plus hospitalier de la r\u00e9gion.<\/p>\n<\/div><div class=\"special-heading-border\"><div class=\"special-heading-inner-border\"><\/div><\/div><\/div>\n<section  class='av_textblock_section av-av_textblock-0366cc7376be6c9e82a3e9cc8987b64f '   itemscope=\"itemscope\" itemtype=\"https:\/\/schema.org\/CreativeWork\" ><div class='avia_textblock'  itemprop=\"text\" ><p>La brasserie &#8211; h\u00f4tel Antje van de Statie est ouverte!<\/p>\n<p>Avec la r\u00e9novation de l&rsquo;ancien H\u00f4tel Mertens, rebaptis\u00e9 H\u00f4tel De Staasie, Antje a retrouv\u00e9 un foyer. Une splendide r\u00e9sidence de style. Une r\u00e9sidence digne d&rsquo;Antje : <strong>Brasserie &#8211; H\u00f4tel Antje van de Statie.<\/strong> Jusque dans les ann\u00e9es soixante-dix, il a \u00e9t\u00e9 le lieu le plus remarquable \u00e0 l&rsquo;entr\u00e9e de la ville. Le b\u00e2timent a \u00e9t\u00e9 restaur\u00e9 selon son architecture d&rsquo;origine et enti\u00e8rement modernis\u00e9. En alliant l&rsquo;authenticit\u00e9 \u00e0 un int\u00e9rieur moderne, il est redevenu un lieu confortable o\u00f9 l&rsquo;on peut manger, boire, dormir, organiser des r\u00e9unions et s&rsquo;amuser.<\/p>\n<p>Une brasserie o\u00f9 les clients sont servis d&rsquo;une mani\u00e8re plus accueillante, selon les id\u00e9es de <strong>Maria Hubertina Hendrix<\/strong>. O\u00f9 tout le monde peut appr\u00e9cier une cuisine traditionnelle d&rsquo;excellente qualit\u00e9, \u00e0 un prix abordable. Une cuisine aux saveurs fran\u00e7aises avec une touche de modernit\u00e9. Un h\u00f4tel de 10 chambres confortables. Des salles de r\u00e9unions \u00e9quip\u00e9es de tous les \u00e9quipements dernier cri, possibles et imaginables Salles de r\u00e9ception spacieuses et tendances. Un bar confortable. Une grande terrasse \u00e0 l&rsquo;entr\u00e9e. Et tout cela dans une ambiance unique, \u00e9l\u00e9gante et moderne, avec une r\u00e9f\u00e9rence amusante au pass\u00e9 et un clin \u0153il \u00e0 la gare charismatique de l&rsquo;autre cot\u00e9 de la place. La gare o\u00f9 Antje est devenue c\u00e9l\u00e8bre.<\/p>\n<p>Avec la brasserie-h\u00f4tel Antje van de Statie, face \u00e0 la gare, Weert a de nouveau une entr\u00e9e chic. N&rsquo;h\u00e9sitez pas \u00e0 consulter le site. Nous serons heureux de pouvoir vous accueillir chaleureusement, prochainement&#8230; Bienvenu \u00e0 Antje van de Statie.<\/p>\n<p><strong>Heures d&rsquo;ouverture<br \/>\n<\/strong>Du lundi au samedi\u00a0de 7h00 \u00e0 23h00.<br \/>\nDimanche de 8h00 \u00e0 23h00.<\/p>\n<\/div><\/section>\n<div  class='avia-button-wrap av-av_button-2902a607a1aed4e28d5242873edd3d44-wrap avia-button-left  avia-builder-el-16  el_after_av_textblock  el_before_av_button '><a href='\/fr\/tour-dantje-van-de-statie\/'  class='avia-button av-av_button-2902a607a1aed4e28d5242873edd3d44 av-link-btn avia-icon_select-yes-left-icon avia-size-large avia-position-left avia-color-theme-color'   aria-label=\"Cliquez ici pour une visite virtuelle\"><span class='avia_button_icon avia_button_icon_left' aria-hidden='true' data-av_icon='\ue80d' data-av_iconfont='entypo-fontello'><\/span><span class='avia_iconbox_title' >Cliquez ici pour une visite virtuelle<\/span><\/a><\/div>\n<div  class='avia-button-wrap av-av_button-10230a6e449187ebe1afd9db53b51570-wrap avia-button-left  avia-builder-el-17  el_after_av_button  avia-builder-el-last '><a href='\/fr\/webcam\/'  class='avia-button av-av_button-10230a6e449187ebe1afd9db53b51570 av-link-btn avia-icon_select-yes-left-icon avia-size-large avia-position-left avia-color-theme-color-subtle'   aria-label=\"Cliquez, et observez la Stationsplein, vivre...\"><span class='avia_button_icon avia_button_icon_left' aria-hidden='true' data-av_icon='\ue826' data-av_iconfont='entypo-fontello'><\/span><span class='avia_iconbox_title' >Cliquez, et observez la Stationsplein, vivre...<\/span><\/a><\/div>\n","protected":false},"excerpt":{"rendered":"","protected":false},"author":1,"featured_media":27503,"parent":0,"menu_order":0,"comment_status":"closed","ping_status":"closed","template":"","meta":{"_exactmetrics_skip_tracking":false,"_exactmetrics_sitenote_active":false,"_exactmetrics_sitenote_note":"","_exactmetrics_sitenote_category":0,"footnotes":""},"class_list":["post-4589","page","type-page","status-publish","has-post-thumbnail","hentry"],"_links":{"self":[{"href":"https:\/\/www.antjevandestatie.eu\/fr\/wp-json\/wp\/v2\/pages\/4589"}],"collection":[{"href":"https:\/\/www.antjevandestatie.eu\/fr\/wp-json\/wp\/v2\/pages"}],"about":[{"href":"https:\/\/www.antjevandestatie.eu\/fr\/wp-json\/wp\/v2\/types\/page"}],"author":[{"embeddable":true,"href":"https:\/\/www.antjevandestatie.eu\/fr\/wp-json\/wp\/v2\/users\/1"}],"replies":[{"embeddable":true,"href":"https:\/\/www.antjevandestatie.eu\/fr\/wp-json\/wp\/v2\/comments?post=4589"}],"version-history":[{"count":17,"href":"https:\/\/www.antjevandestatie.eu\/fr\/wp-json\/wp\/v2\/pages\/4589\/revisions"}],"predecessor-version":[{"id":11673,"href":"https:\/\/www.antjevandestatie.eu\/fr\/wp-json\/wp\/v2\/pages\/4589\/revisions\/11673"}],"wp:featuredmedia":[{"embeddable":true,"href":"https:\/\/www.antjevandestatie.eu\/fr\/wp-json\/wp\/v2\/media\/27503"}],"wp:attachment":[{"href":"https:\/\/www.antjevandestatie.eu\/fr\/wp-json\/wp\/v2\/media?parent=4589"}],"curies":[{"name":"wp","href":"https:\/\/api.w.org\/{rel}","templated":true}]}}