{"id":4615,"date":"2015-09-30T13:49:58","date_gmt":"2015-09-30T12:49:58","guid":{"rendered":"https:\/\/www.antjevandestatie.eu\/?page_id=4615"},"modified":"2015-10-15T09:22:43","modified_gmt":"2015-10-15T08:22:43","slug":"hotel","status":"publish","type":"page","link":"https:\/\/www.antjevandestatie.eu\/fr\/hotel\/","title":{"rendered":"H\u00f4tel"},"content":{"rendered":"<div id='full_slider_1'  class='avia-fullwidth-slider main_color avia-shadow   avia-builder-el-0  el_before_av_layout_row  avia-builder-el-first   container_wrap sidebar_right' style='background-repeat: no-repeat; background-image: url(https:\/\/www.antjevandestatie.eu\/wp-content\/uploads\/2014\/07\/bg-slider1.png); background-attachment: scroll; background-position: top left;'  ><div  class='avia-slideshow av-av_slideshow_full-d387a67defc7bd13b85c6d29b3e4355d avia-slideshow-entry_without_sidebar av_slideshow_full avia-fade-slider av-slideshow-ui av-control-default av-slideshow-autoplay av-loop-endless av-loop-manual-endless av-default-height-applied   avia-slideshow-1' data-slideshow-options=\"{&quot;animation&quot;:&quot;fade&quot;,&quot;autoplay&quot;:true,&quot;loop_autoplay&quot;:&quot;endless&quot;,&quot;interval&quot;:7,&quot;loop_manual&quot;:&quot;manual-endless&quot;,&quot;autoplay_stopper&quot;:false,&quot;noNavigation&quot;:false,&quot;bg_slider&quot;:false,&quot;keep_padding&quot;:false,&quot;hoverpause&quot;:false,&quot;show_slide_delay&quot;:0}\"  itemprop=\"image\" itemscope=\"itemscope\" itemtype=\"https:\/\/schema.org\/ImageObject\" ><ul class='avia-slideshow-inner ' style='padding-bottom: 34.95867768595%;'><li  class='avia-slideshow-slide av-av_slideshow_full-d387a67defc7bd13b85c6d29b3e4355d__0  slide-1 slide-odd'><div data-rel='slideshow-1' class='avia-slide-wrap '   ><img fetchpriority=\"high\" class=\"wp-image-26097 avia-img-lazy-loading-not-26097\"  src='https:\/\/www.antjevandestatie.eu\/wp-content\/uploads\/2015\/07\/11-17-1210x423.jpg' width='1210' height='423' title='11-17' alt=''  itemprop=\"thumbnailUrl\"   \/><\/div><\/li><li  class='avia-slideshow-slide av-av_slideshow_full-d387a67defc7bd13b85c6d29b3e4355d__1  slide-2 slide-even'><div data-rel='slideshow-1' class='avia-slide-wrap '   ><img fetchpriority=\"high\" class=\"wp-image-26094 avia-img-lazy-loading-not-26094\"  src='https:\/\/www.antjevandestatie.eu\/wp-content\/uploads\/2015\/07\/11-13-1210x423.jpg' width='1210' height='423' title='11-13' alt=''  itemprop=\"thumbnailUrl\"   \/><\/div><\/li><li  class='avia-slideshow-slide av-av_slideshow_full-d387a67defc7bd13b85c6d29b3e4355d__2  slide-3 slide-odd'><div data-rel='slideshow-1' class='avia-slide-wrap '   ><img fetchpriority=\"high\" class=\"wp-image-26124 avia-img-lazy-loading-not-26124\"  src='https:\/\/www.antjevandestatie.eu\/wp-content\/uploads\/2015\/07\/11-11-1210x423.jpg' width='1210' height='423' title='11-11' alt=''  itemprop=\"thumbnailUrl\"   \/><\/div><\/li><li  class='avia-slideshow-slide av-av_slideshow_full-d387a67defc7bd13b85c6d29b3e4355d__3  slide-4 slide-even'><div data-rel='slideshow-1' class='avia-slide-wrap '   ><img fetchpriority=\"high\" class=\"wp-image-26172 avia-img-lazy-loading-not-26172\"  src='https:\/\/www.antjevandestatie.eu\/wp-content\/uploads\/2015\/08\/11-10-1210x423.jpg' width='1210' height='423' title='11-10' alt=''  itemprop=\"thumbnailUrl\"   \/><\/div><\/li><li  class='avia-slideshow-slide av-av_slideshow_full-d387a67defc7bd13b85c6d29b3e4355d__4  slide-5 slide-odd'><div data-rel='slideshow-1' class='avia-slide-wrap '   ><img fetchpriority=\"high\" class=\"wp-image-26175 avia-img-lazy-loading-not-26175\"  src='https:\/\/www.antjevandestatie.eu\/wp-content\/uploads\/2015\/08\/11-12-1210x423.jpg' width='1210' height='423' title='11-12' alt=''  itemprop=\"thumbnailUrl\"   \/><\/div><\/li><li  class='avia-slideshow-slide av-av_slideshow_full-d387a67defc7bd13b85c6d29b3e4355d__5  slide-6 slide-even'><div data-rel='slideshow-1' class='avia-slide-wrap '   ><img fetchpriority=\"high\" class=\"wp-image-26178 avia-img-lazy-loading-not-26178\"  src='https:\/\/www.antjevandestatie.eu\/wp-content\/uploads\/2015\/08\/11-14-1210x423.jpg' width='1210' height='423' title='11-14' alt=''  itemprop=\"thumbnailUrl\"   \/><\/div><\/li><li  class='avia-slideshow-slide av-av_slideshow_full-d387a67defc7bd13b85c6d29b3e4355d__6  slide-7 slide-odd'><div data-rel='slideshow-1' class='avia-slide-wrap '   ><img fetchpriority=\"high\" class=\"wp-image-26181 avia-img-lazy-loading-not-26181\"  src='https:\/\/www.antjevandestatie.eu\/wp-content\/uploads\/2015\/08\/11-15-1210x423.jpg' width='1210' height='423' title='11-15' alt=''  itemprop=\"thumbnailUrl\"   \/><\/div><\/li><li  class='avia-slideshow-slide av-av_slideshow_full-d387a67defc7bd13b85c6d29b3e4355d__7  slide-8 slide-even'><div data-rel='slideshow-1' class='avia-slide-wrap '   ><img fetchpriority=\"high\" class=\"wp-image-26187 avia-img-lazy-loading-not-26187\"  src='https:\/\/www.antjevandestatie.eu\/wp-content\/uploads\/2015\/08\/11-18-1210x423.jpg' width='1210' height='423' title='11-18' alt=''  itemprop=\"thumbnailUrl\"   \/><\/div><\/li><li  class='avia-slideshow-slide av-av_slideshow_full-d387a67defc7bd13b85c6d29b3e4355d__8  slide-9 slide-odd'><div data-rel='slideshow-1' class='avia-slide-wrap '   ><img fetchpriority=\"high\" class=\"wp-image-26190 avia-img-lazy-loading-not-26190\"  src='https:\/\/www.antjevandestatie.eu\/wp-content\/uploads\/2015\/08\/11-20-1210x423.jpg' width='1210' height='423' title='11-20' alt=''  itemprop=\"thumbnailUrl\"   \/><\/div><\/li><\/ul><div class='avia-slideshow-arrows avia-slideshow-controls' ><a href='#prev' class='prev-slide ' aria-hidden='true' data-av_icon='\ue87c' data-av_iconfont='entypo-fontello'  tabindex='-1'>Pr\u00e9c\u00e9dent<\/a><a href='#next' class='next-slide ' aria-hidden='true' data-av_icon='\ue87d' data-av_iconfont='entypo-fontello'  tabindex='-1'>Suivant<\/a><\/div><div class='avia-slideshow-dots avia-slideshow-controls'><a href='#1' class='goto-slide active' >1<\/a><a href='#2' class='goto-slide ' >2<\/a><a href='#3' class='goto-slide ' >3<\/a><a href='#4' class='goto-slide ' >4<\/a><a href='#5' class='goto-slide ' >5<\/a><a href='#6' class='goto-slide ' >6<\/a><a href='#7' class='goto-slide ' >7<\/a><a href='#8' class='goto-slide ' >8<\/a><a href='#9' class='goto-slide ' >9<\/a><\/div><div class='av-slideshow-caption av-av_slideshow_full-d387a67defc7bd13b85c6d29b3e4355d__0 caption_fullwidth caption_bottom'><div class=\"container caption_container\"><div class=\"slideshow_caption\"><div class=\"slideshow_inner_caption\"><div class=\"slideshow_align_caption\"><h2 class='avia-caption-title '  itemprop=\"name\" >.<\/h2><\/div><\/div><\/div><\/div><\/div><\/div><\/div>\n<div id='av-layout-grid-1'  class='av-layout-grid-container av-av_layout_row-cc10f99070d0821f30984f26b6799f37 entry-content-wrapper alternate_color av-flex-cells  avia-builder-el-1  el_after_av_slideshow_full  el_before_av_layout_row  grid-row-not-first  container_wrap sidebar_right'  >\n\n<style type=\"text\/css\" data-created_by=\"avia_inline_auto\" id=\"style-css-av-av_cell_one_full-3ba23b9471756d0117532380725609bd\">\n.flex_cell.av-av_cell_one_full-3ba23b9471756d0117532380725609bd{\nvertical-align:top;\nheight:10px;\nmin-height:10px;\n}\n.responsive #top #wrap_all .flex_cell.av-av_cell_one_full-3ba23b9471756d0117532380725609bd{\npadding:0px 0px 0px 0px !important;\n}\n<\/style>\n<div class='flex_cell av-av_cell_one_full-3ba23b9471756d0117532380725609bd av-gridrow-cell av_one_full no_margin  avia-builder-el-2  avia-builder-el-no-sibling  av-zero-padding'  ><div class='flex_cell_inner'><\/div><\/div>\n<\/div>\n<div id='av-layout-grid-2'  class='av-layout-grid-container av-av_layout_row-caf1f26e08707a2ebe9176b630e736c2 entry-content-wrapper main_color av-flex-cells  avia-builder-el-3  el_after_av_layout_row  avia-builder-el-last  grid-row-not-first  container_wrap sidebar_right'  >\n\n<style type=\"text\/css\" data-created_by=\"avia_inline_auto\" id=\"style-css-av-av_cell_one_half-8073bd0b3615271148a0d69c8ed160c4\">\n.flex_cell.av-av_cell_one_half-8073bd0b3615271148a0d69c8ed160c4{\nvertical-align:top;\nbackground:url(https:\/\/www.antjevandestatie.eu\/wp-content\/uploads\/2014\/07\/bg-slider1.png) 50% 50% no-repeat scroll #129e97;\n}\n.responsive #top #wrap_all .flex_cell.av-av_cell_one_half-8073bd0b3615271148a0d69c8ed160c4{\npadding:60px 60px 60px 60px !important;\n}\n<\/style>\n<div class='flex_cell av-av_cell_one_half-8073bd0b3615271148a0d69c8ed160c4 av-gridrow-cell av_one_half no_margin  avia-builder-el-4  el_before_av_cell_one_half  avia-builder-el-first  avia-full-stretch'  ><div class='flex_cell_inner'><div  class='flex_column av-av_one_full-2a9015ff38129c418a3f2eafba3e9512 av_one_full  avia-builder-el-5  avia-builder-el-no-sibling  first flex_column_div  '     ><style type=\"text\/css\" data-created_by=\"avia_inline_auto\" id=\"style-css-av-av_icon_box-66dbd7489df305fcfc11c20528c11a70\">\n.iconbox.av-av_icon_box-66dbd7489df305fcfc11c20528c11a70 .iconbox_icon{\ncolor:#ffffff;\n}\n#top #wrap_all .iconbox.av-av_icon_box-66dbd7489df305fcfc11c20528c11a70 .iconbox_content_title{\ncolor:#ffffff;\n}\n.iconbox.av-av_icon_box-66dbd7489df305fcfc11c20528c11a70 .iconbox_content_container{\ncolor:#ffffff;\n}\n<\/style>\n<article  class='iconbox iconbox_left_content av-av_icon_box-66dbd7489df305fcfc11c20528c11a70  avia-builder-el-6  avia-builder-el-no-sibling '  itemscope=\"itemscope\" itemtype=\"https:\/\/schema.org\/CreativeWork\" ><div class=\"iconbox_icon heading-color\" aria-hidden='true' data-av_icon='\ue8bc' data-av_iconfont='entypo-fontello'><\/div><div class=\"iconbox_content\"><header class=\"entry-content-header\"><h3 class='iconbox_content_title '  itemprop=\"headline\" >H\u00f4tel<\/h3><\/header><div class='iconbox_content_container av_inherit_color'  itemprop=\"text\" ><p>Antje van de Statie offre, en service suppl\u00e9mentaire, dix chambres d&rsquo;h\u00f4tel avec des \u00e9quipements dernier cri, ayant une entr\u00e9e priv\u00e9e sur la Stationsstraat. Avec son aspect unique et son atmosph\u00e8re luxueuse, Antje van de Statie int\u00e8gre le d\u00e9veloppement branch\u00e9 des h\u00f4tels \u00ab\u00a0boutique\u00a0\u00bb, comme on les appelle. Ces h\u00e9bergements intimes ont, ind\u00e9pendamment des cha\u00eenes h\u00f4teli\u00e8res, gagn\u00e9 une part croissante du march\u00e9 mondial de l&rsquo;h\u00f4tellerie. A partir du 1ier Novembre, 2015, une des chambres sera transform\u00e9e en salle \u00e0 manger priv\u00e9e et \/ ou salle de r\u00e9union pouvant accueillir jusqu&rsquo;\u00e0 10 personnes.<\/p>\n<p><strong>Enregistrement \u00e0 partir de 15h00.<\/strong><br \/>\n<strong>Chambres lib\u00e9r\u00e9es \u00e0 11h00.<\/strong><\/p>\n<\/div><\/div><footer class=\"entry-footer\"><\/footer><\/article><\/div>\n<\/div><\/div>\n<style type=\"text\/css\" data-created_by=\"avia_inline_auto\" id=\"style-css-av-av_cell_one_half-13f8bdf1f542040eaa284650b63d722e\">\n.flex_cell.av-av_cell_one_half-13f8bdf1f542040eaa284650b63d722e{\nvertical-align:middle;\nbackground:url(https:\/\/www.antjevandestatie.eu\/wp-content\/uploads\/2015\/08\/11-17.jpg) 50% 50% no-repeat scroll #000000;\n}\n.responsive #top #wrap_all .flex_cell.av-av_cell_one_half-13f8bdf1f542040eaa284650b63d722e{\npadding:60px 60px 60px 60px !important;\n}\n<\/style>\n<div class='flex_cell av-av_cell_one_half-13f8bdf1f542040eaa284650b63d722e av-gridrow-cell av_one_half no_margin  avia-builder-el-7  el_after_av_cell_one_half  avia-builder-el-last  avia-full-stretch'  ><div class='flex_cell_inner'><p><div  class='flex_column av-av_one_fifth-2a9015ff38129c418a3f2eafba3e9512 av_one_fifth  avia-builder-el-8  el_before_av_three_fifth  avia-builder-el-first  first flex_column_div  '     ><\/div><div  class='flex_column av-av_three_fifth-cae1f7b2f72c6a5cdf3719c4a548253a av_three_fifth  avia-builder-el-9  el_after_av_one_fifth  el_before_av_one_fifth  flex_column_div  '     ><p><div  class='avia-button-wrap avia-button-center  avia-builder-el-10  el_before_av_button_big  avia-builder-el-first '>\n<style type=\"text\/css\" data-created_by=\"avia_inline_auto\" id=\"style-css-av-av_button_big-93daec19bb071e84c3651f376e5dd37e\">\n#top #wrap_all .avia-button.av-av_button_big-93daec19bb071e84c3651f376e5dd37e{\nbackground-color:#ffffff;\nborder-color:#ffffff;\ncolor:#0e0d0f;\ntransition:all 0.4s ease-in-out;\n}\n#top #wrap_all .avia-button.av-av_button_big-93daec19bb071e84c3651f376e5dd37e:hover{\ncolor:#ffffff;\ntransition:all 0.4s ease-in-out;\n}\n<\/style>\n<a href='\/hotel\/apercu-des-chambre\/#reserver-une-chambre' class='avia-button avia-button-fullwidth av-av_button_big-93daec19bb071e84c3651f376e5dd37e avia-icon_select-yes-right-icon avia-color-custom'   aria-label=\"R\u00e9server une chambre\"><span class='avia_iconbox_title' >R\u00e9server une chambre<\/span><span class='avia_button_icon avia_button_icon_right' aria-hidden='true' data-av_icon='\ue832' data-av_iconfont='entypo-fontello'><\/span><span class='avia_button_background avia-button avia-button-fullwidth avia-color-theme-color-subtle'><\/span><\/a><\/div><br \/>\n<div  class='avia-button-wrap avia-button-center  avia-builder-el-11  el_after_av_button_big  avia-builder-el-last '>\n<style type=\"text\/css\" data-created_by=\"avia_inline_auto\" id=\"style-css-av-av_button_big-3f4e9410f0e2eaa3cc950d9d37864269\">\n#top #wrap_all .avia-button.av-av_button_big-3f4e9410f0e2eaa3cc950d9d37864269{\nbackground-color:#ffffff;\nborder-color:#ffffff;\ncolor:#0e0d0f;\ntransition:all 0.4s ease-in-out;\n}\n#top #wrap_all .avia-button.av-av_button_big-3f4e9410f0e2eaa3cc950d9d37864269:hover{\ncolor:#ffffff;\ntransition:all 0.4s ease-in-out;\n}\n<\/style>\n<a href='\/fr\/hotel\/apercu-des-chambre\/' class='avia-button avia-button-fullwidth av-av_button_big-3f4e9410f0e2eaa3cc950d9d37864269 avia-icon_select-yes-right-icon avia-color-custom'   aria-label=\"Aper\u00e7u des chambres\"><span class='avia_iconbox_title' >Aper\u00e7u des chambres<\/span><span class='avia_button_icon avia_button_icon_right' aria-hidden='true' data-av_icon='\ue8a5' data-av_iconfont='entypo-fontello'><\/span><span class='avia_button_background avia-button avia-button-fullwidth avia-color-theme-color-subtle'><\/span><\/a><\/div><\/p><\/div><div  class='flex_column av-av_one_fifth-cae1f7b2f72c6a5cdf3719c4a548253a av_one_fifth  avia-builder-el-12  el_after_av_three_fifth  avia-builder-el-last  flex_column_div  '     ><\/div><\/p>\n<\/div><\/div><\/div>\n","protected":false},"excerpt":{"rendered":"","protected":false},"author":1,"featured_media":0,"parent":0,"menu_order":0,"comment_status":"closed","ping_status":"closed","template":"","meta":{"_exactmetrics_skip_tracking":false,"_exactmetrics_sitenote_active":false,"_exactmetrics_sitenote_note":"","_exactmetrics_sitenote_category":0,"footnotes":""},"class_list":["post-4615","page","type-page","status-publish","hentry"],"_links":{"self":[{"href":"https:\/\/www.antjevandestatie.eu\/fr\/wp-json\/wp\/v2\/pages\/4615"}],"collection":[{"href":"https:\/\/www.antjevandestatie.eu\/fr\/wp-json\/wp\/v2\/pages"}],"about":[{"href":"https:\/\/www.antjevandestatie.eu\/fr\/wp-json\/wp\/v2\/types\/page"}],"author":[{"embeddable":true,"href":"https:\/\/www.antjevandestatie.eu\/fr\/wp-json\/wp\/v2\/users\/1"}],"replies":[{"embeddable":true,"href":"https:\/\/www.antjevandestatie.eu\/fr\/wp-json\/wp\/v2\/comments?post=4615"}],"version-history":[{"count":7,"href":"https:\/\/www.antjevandestatie.eu\/fr\/wp-json\/wp\/v2\/pages\/4615\/revisions"}],"predecessor-version":[{"id":4857,"href":"https:\/\/www.antjevandestatie.eu\/fr\/wp-json\/wp\/v2\/pages\/4615\/revisions\/4857"}],"wp:attachment":[{"href":"https:\/\/www.antjevandestatie.eu\/fr\/wp-json\/wp\/v2\/media?parent=4615"}],"curies":[{"name":"wp","href":"https:\/\/api.w.org\/{rel}","templated":true}]}}