{"id":4660,"date":"2015-10-08T14:49:33","date_gmt":"2015-10-08T13:49:33","guid":{"rendered":"https:\/\/www.antjevandestatie.eu\/?page_id=4660"},"modified":"2025-03-20T11:22:25","modified_gmt":"2025-03-20T10:22:25","slug":"brasserie","status":"publish","type":"page","link":"https:\/\/www.antjevandestatie.eu\/fr\/brasserie\/","title":{"rendered":"Brasserie"},"content":{"rendered":"<div id='full_slider_1'  class='avia-fullwidth-slider main_color avia-shadow   avia-builder-el-0  el_before_av_layout_row  avia-builder-el-first   container_wrap sidebar_right' style='background-repeat: no-repeat; background-image: url(https:\/\/www.antjevandestatie.eu\/wp-content\/uploads\/2014\/07\/bg-slider1.png); background-attachment: scroll; background-position: top left;'  ><div  class='avia-slideshow av-av_slideshow_full-d387a67defc7bd13b85c6d29b3e4355d avia-slideshow-entry_without_sidebar av_slideshow_full avia-fade-slider av-slideshow-ui av-control-default av-slideshow-autoplay av-loop-endless av-loop-manual-endless av-default-height-applied   avia-slideshow-1' data-slideshow-options=\"{&quot;animation&quot;:&quot;fade&quot;,&quot;autoplay&quot;:true,&quot;loop_autoplay&quot;:&quot;endless&quot;,&quot;interval&quot;:7,&quot;loop_manual&quot;:&quot;manual-endless&quot;,&quot;autoplay_stopper&quot;:false,&quot;noNavigation&quot;:false,&quot;bg_slider&quot;:false,&quot;keep_padding&quot;:false,&quot;hoverpause&quot;:false,&quot;show_slide_delay&quot;:0}\"  itemprop=\"image\" itemscope=\"itemscope\" itemtype=\"https:\/\/schema.org\/ImageObject\" ><ul class='avia-slideshow-inner ' style='padding-bottom: 34.95867768595%;'><li  class='avia-slideshow-slide av-av_slideshow_full-d387a67defc7bd13b85c6d29b3e4355d__0  slide-1 slide-odd'><div data-rel='slideshow-1' class='avia-slide-wrap '   ><img fetchpriority=\"high\" class=\"wp-image-26103 avia-img-lazy-loading-not-26103\"  src='https:\/\/www.antjevandestatie.eu\/wp-content\/uploads\/2015\/07\/1-10-1210x423.jpg' width='1210' height='423' title='1-10' alt=''  itemprop=\"thumbnailUrl\"   \/><\/div><\/li><li  class='avia-slideshow-slide av-av_slideshow_full-d387a67defc7bd13b85c6d29b3e4355d__1  slide-2 slide-even'><div data-rel='slideshow-1' class='avia-slide-wrap '   ><img fetchpriority=\"high\" class=\"wp-image-26118 avia-img-lazy-loading-not-26118\"  src='https:\/\/www.antjevandestatie.eu\/wp-content\/uploads\/2015\/07\/11-2-1210x423.jpg' width='1210' height='423' title='11-2' alt=''  itemprop=\"thumbnailUrl\"   \/><\/div><\/li><li  class='avia-slideshow-slide av-av_slideshow_full-d387a67defc7bd13b85c6d29b3e4355d__2  slide-3 slide-odd'><div data-rel='slideshow-1' class='avia-slide-wrap '   ><img fetchpriority=\"high\" class=\"wp-image-26154 avia-img-lazy-loading-not-26154\"  src='https:\/\/www.antjevandestatie.eu\/wp-content\/uploads\/2015\/08\/1-5-1210x423.jpg' width='1210' height='423' title='1-5' alt=''  itemprop=\"thumbnailUrl\"   \/><\/div><\/li><li  class='avia-slideshow-slide av-av_slideshow_full-d387a67defc7bd13b85c6d29b3e4355d__3  slide-4 slide-even'><div data-rel='slideshow-1' class='avia-slide-wrap '   ><img fetchpriority=\"high\" class=\"wp-image-26142 avia-img-lazy-loading-not-26142\"  src='https:\/\/www.antjevandestatie.eu\/wp-content\/uploads\/2015\/07\/1-6-2-1210x423.jpg' width='1210' height='423' title='1-6 2' alt=''  itemprop=\"thumbnailUrl\"   \/><\/div><\/li><\/ul><div class='avia-slideshow-arrows avia-slideshow-controls' ><a href='#prev' class='prev-slide ' aria-hidden='true' data-av_icon='\ue87c' data-av_iconfont='entypo-fontello'  tabindex='-1'>Pr\u00e9c\u00e9dent<\/a><a href='#next' class='next-slide ' aria-hidden='true' data-av_icon='\ue87d' data-av_iconfont='entypo-fontello'  tabindex='-1'>Suivant<\/a><\/div><div class='avia-slideshow-dots avia-slideshow-controls'><a href='#1' class='goto-slide active' >1<\/a><a href='#2' class='goto-slide ' >2<\/a><a href='#3' class='goto-slide ' >3<\/a><a href='#4' class='goto-slide ' >4<\/a><\/div><div class='av-slideshow-caption av-av_slideshow_full-d387a67defc7bd13b85c6d29b3e4355d__0 caption_fullwidth caption_bottom'><div class=\"container caption_container\"><div class=\"slideshow_caption\"><div class=\"slideshow_inner_caption\"><div class=\"slideshow_align_caption\"><h2 class='avia-caption-title '  itemprop=\"name\" >.<\/h2><\/div><\/div><\/div><\/div><\/div><\/div><\/div>\n<div id='av-layout-grid-1'  class='av-layout-grid-container av-av_layout_row-cc10f99070d0821f30984f26b6799f37 entry-content-wrapper alternate_color av-flex-cells  avia-builder-el-1  el_after_av_slideshow_full  el_before_av_layout_row  grid-row-not-first  container_wrap sidebar_right'  >\n\n<style type=\"text\/css\" data-created_by=\"avia_inline_auto\" id=\"style-css-av-av_cell_one_full-3ba23b9471756d0117532380725609bd\">\n.flex_cell.av-av_cell_one_full-3ba23b9471756d0117532380725609bd{\nvertical-align:top;\nheight:10px;\nmin-height:10px;\n}\n.responsive #top #wrap_all .flex_cell.av-av_cell_one_full-3ba23b9471756d0117532380725609bd{\npadding:0px 0px 0px 0px !important;\n}\n<\/style>\n<div class='flex_cell av-av_cell_one_full-3ba23b9471756d0117532380725609bd av-gridrow-cell av_one_full no_margin  avia-builder-el-2  avia-builder-el-no-sibling  av-zero-padding'  ><div class='flex_cell_inner'><\/div><\/div>\n<\/div>\n<div id='av-layout-grid-2'  class='av-layout-grid-container av-av_layout_row-caf1f26e08707a2ebe9176b630e736c2 entry-content-wrapper main_color av-flex-cells  avia-builder-el-3  el_after_av_layout_row  el_before_av_layout_row  grid-row-not-first  container_wrap sidebar_right'  >\n\n<style type=\"text\/css\" data-created_by=\"avia_inline_auto\" id=\"style-css-av-av_cell_one_half-b6d868563806864598ec9b89618811d2\">\n.flex_cell.av-av_cell_one_half-b6d868563806864598ec9b89618811d2{\nvertical-align:top;\nbackground:url(https:\/\/www.antjevandestatie.eu\/wp-content\/uploads\/2014\/07\/bg-slider1.png) 50% 50% no-repeat scroll #474746;\n}\n.responsive #top #wrap_all .flex_cell.av-av_cell_one_half-b6d868563806864598ec9b89618811d2{\npadding:60px 60px 60px 60px !important;\n}\n<\/style>\n<div class='flex_cell av-av_cell_one_half-b6d868563806864598ec9b89618811d2 av-gridrow-cell av_one_half no_margin  avia-builder-el-4  el_before_av_cell_one_half  avia-builder-el-first  avia-full-stretch'  ><div class='flex_cell_inner'><div  class='flex_column av-av_one_full-2a9015ff38129c418a3f2eafba3e9512 av_one_full  avia-builder-el-5  avia-builder-el-no-sibling  first flex_column_div  '     ><style type=\"text\/css\" data-created_by=\"avia_inline_auto\" id=\"style-css-av-av_icon_box-14822f262aff6ec97c2ea5c037e9212b\">\n.iconbox.av-av_icon_box-14822f262aff6ec97c2ea5c037e9212b .iconbox_icon{\ncolor:#ffffff;\n}\n#top #wrap_all .iconbox.av-av_icon_box-14822f262aff6ec97c2ea5c037e9212b .iconbox_content_title{\ncolor:#ffffff;\n}\n.iconbox.av-av_icon_box-14822f262aff6ec97c2ea5c037e9212b .iconbox_content_container{\ncolor:#ffffff;\n}\n<\/style>\n<article  class='iconbox iconbox_left_content av-av_icon_box-14822f262aff6ec97c2ea5c037e9212b  avia-builder-el-6  avia-builder-el-no-sibling '  itemscope=\"itemscope\" itemtype=\"https:\/\/schema.org\/CreativeWork\" ><div class=\"iconbox_icon heading-color\" aria-hidden='true' data-av_icon='\ue801' data-av_iconfont='fontello'><\/div><div class=\"iconbox_content\"><header class=\"entry-content-header\"><h3 class='iconbox_content_title '  itemprop=\"headline\" >Brasserie<\/h3><\/header><div class='iconbox_content_container av_inherit_color'  itemprop=\"text\" ><p>Dans notre brasserie, faites l&rsquo;exp\u00e9rience de l&rsquo;association d&rsquo;une nourriture d\u00e9licieuse et de l&rsquo;hospitalit\u00e9 &lsquo;Weerter&rsquo;. Vous faire passer un moment agr\u00e9able en vous r\u00e9galant, est l&rsquo;int\u00e9r\u00eat principal d&rsquo;Antje van de Statie moderne. Nous servons de la nourriture de haute qualit\u00e9, d\u00e9licatement aromatis\u00e9 aux saveurs fran\u00e7aises, dans un cadre moderne et d\u00e9contract\u00e9. Dans notre brasserie, vous exp\u00e9rimenterez l&rsquo;espace d&rsquo;un hall de gare traditionnel, au haut plafond, avec ses arcs en fonte et ses bancs de gare. L&rsquo;association d&rsquo;un am\u00e9nagement int\u00e9rieur traditionnel et moderne, cr\u00e9e une atmosph\u00e8re o\u00f9 nos clients se sentent chez eux. La brasserie donnant sur la cuisine ouverte, offre quatre-vingts si\u00e8ges ainsi qu&rsquo;une table du Chef: vous pouvez vous asseoir dans la cuisine!<\/p>\n<p>Tout comme dans l&rsquo;ancien buffet de la gare d&rsquo;Antje, le bar central poss\u00e8de les m\u00eames f\u00fbts en cuivre pour la bi\u00e8re pression, chacun avec quatre robinets. Les quatre f\u00fbts offrent diff\u00e9rentes sortes de bi\u00e8re et fournissent toutes les brasseries et les salles de r\u00e9ception des alentours. Une autre r\u00e9f\u00e9rence au chemin de fer de l&rsquo;autre cot\u00e9 de la place, l&rsquo;horloge de la gare de taille humaine qui, avec son inscription en fran\u00e7ais, est un rappel des jours o\u00f9 Weert \u00e9tait un arr\u00eat sur le Rhin d&rsquo;acier, une ligne reliant Anvers (Belgique) \u00e0 M\u00f6nchengladbach (Allemagne). Les clients sont les bienvenus chez nous, du premier au dernier train. Cela signifie que nos portes sont ouvertes sept jours sur sept, \u00e0 partir de 5h30 du matin jusqu&rsquo;\u00e0 1h00 du matin. De plus, les clients ne sont pas oblig\u00e9s de partir, car ils peuvent apr\u00e8s avoir d\u00e9gust\u00e9 leur petit d\u00e9jeuner, d\u00e9jeuner, boissons ou d\u00eener, passer la nuit chez nous.<\/p>\n<p>Et enfin, c&rsquo;est la meilleure terrasse de Weert, \u00e0 &lsquo;Stationsplein&rsquo; (place de la gare). 250 si\u00e8ges orient\u00e9s au sud. Installez-vous au soleil ou sous un auvent de 90 m2!<\/p>\n<\/div><\/div><footer class=\"entry-footer\"><\/footer><\/article><\/div>\n<\/div><\/div>\n<style type=\"text\/css\" data-created_by=\"avia_inline_auto\" id=\"style-css-av-av_cell_one_half-d09e6b4d1903925eca8225972553a959\">\n.flex_cell.av-av_cell_one_half-d09e6b4d1903925eca8225972553a959{\nvertical-align:middle;\nbackground:url(https:\/\/www.antjevandestatie.eu\/wp-content\/uploads\/2015\/08\/1-5.jpg) 50% 50% no-repeat scroll #000000;\n}\n.responsive #top #wrap_all .flex_cell.av-av_cell_one_half-d09e6b4d1903925eca8225972553a959{\npadding:60px 60px 60px 60px !important;\n}\n<\/style>\n<div class='flex_cell av-av_cell_one_half-d09e6b4d1903925eca8225972553a959 av-gridrow-cell av_one_half no_margin  avia-builder-el-7  el_after_av_cell_one_half  avia-builder-el-last  avia-full-stretch'  ><div class='flex_cell_inner'><p><div  class='flex_column av-av_one_fifth-2a9015ff38129c418a3f2eafba3e9512 av_one_fifth  avia-builder-el-8  el_before_av_three_fifth  avia-builder-el-first  first flex_column_div  '     ><\/div><div  class='flex_column av-av_three_fifth-cae1f7b2f72c6a5cdf3719c4a548253a av_three_fifth  avia-builder-el-9  el_after_av_one_fifth  el_before_av_one_fifth  flex_column_div  '     ><p><div  class='avia-button-wrap avia-button-center  avia-builder-el-10  el_before_av_button_big  avia-builder-el-first '>\n<style type=\"text\/css\" data-created_by=\"avia_inline_auto\" id=\"style-css-av-av_button_big-ca1af32dcd11dd2f4d181167e24dfb3f\">\n#top #wrap_all .avia-button.av-av_button_big-ca1af32dcd11dd2f4d181167e24dfb3f{\nbackground-color:#ffffff;\nborder-color:#ffffff;\ncolor:#0e0d0f;\ntransition:all 0.4s ease-in-out;\n}\n#top #wrap_all .avia-button.av-av_button_big-ca1af32dcd11dd2f4d181167e24dfb3f:hover{\ncolor:#ffffff;\ntransition:all 0.4s ease-in-out;\n}\n<\/style>\n<a href='#reserver-un-table' class='avia-button avia-button-fullwidth av-av_button_big-ca1af32dcd11dd2f4d181167e24dfb3f avia-icon_select-yes-right-icon avia-color-custom'   aria-label=\"R\u00e9server une table\"><span class='avia_iconbox_title' >R\u00e9server une table<\/span><span class='avia_button_icon avia_button_icon_right' aria-hidden='true' data-av_icon='\ue832' data-av_iconfont='entypo-fontello'><\/span><span class='avia_button_background avia-button avia-button-fullwidth avia-color-theme-color-subtle'><\/span><\/a><\/div><br \/>\n<div  class='avia-button-wrap avia-button-center  avia-builder-el-11  el_after_av_button_big  el_before_av_button_big '>\n<style type=\"text\/css\" data-created_by=\"avia_inline_auto\" id=\"style-css-av-av_button_big-f79bb9df29a9bcad67da83a571806f63\">\n#top #wrap_all .avia-button.av-av_button_big-f79bb9df29a9bcad67da83a571806f63{\nbackground-color:#ffffff;\nborder-color:#ffffff;\ncolor:#0e0d0f;\ntransition:all 0.4s ease-in-out;\n}\n#top #wrap_all .avia-button.av-av_button_big-f79bb9df29a9bcad67da83a571806f63:hover{\ncolor:#ffffff;\ntransition:all 0.4s ease-in-out;\n}\n<\/style>\n<a href='\/fr\/brasserie\/menu\/' class='avia-button avia-button-fullwidth av-av_button_big-f79bb9df29a9bcad67da83a571806f63 avia-icon_select-yes-right-icon avia-color-custom'   aria-label=\"Menu\"><span class='avia_iconbox_title' >Menu<\/span><span class='avia_button_icon avia_button_icon_right' aria-hidden='true' data-av_icon='\ue84e' data-av_iconfont='entypo-fontello'><\/span><span class='avia_button_background avia-button avia-button-fullwidth avia-color-theme-color-subtle'><\/span><\/a><\/div><br \/>\n<div  class='avia-button-wrap avia-button-center  avia-builder-el-12  el_after_av_button_big  el_before_av_button_big '>\n<style type=\"text\/css\" data-created_by=\"avia_inline_auto\" id=\"style-css-av-av_button_big-52a022658fc34d20eef883f0e43c1598\">\n#top #wrap_all .avia-button.av-av_button_big-52a022658fc34d20eef883f0e43c1598{\nbackground-color:#ffffff;\nborder-color:#ffffff;\ncolor:#0e0d0f;\ntransition:all 0.4s ease-in-out;\n}\n#top #wrap_all .avia-button.av-av_button_big-52a022658fc34d20eef883f0e43c1598:hover{\ncolor:#ffffff;\ntransition:all 0.4s ease-in-out;\n}\n<\/style>\n<a href='\/fr\/brasserie\/wijnkaart\/' class='avia-button avia-button-fullwidth av-av_button_big-52a022658fc34d20eef883f0e43c1598 avia-icon_select-yes-right-icon avia-color-custom'   aria-label=\"S\u00e9lection des vins\"><span class='avia_iconbox_title' >S\u00e9lection des vins<\/span><span class='avia_button_icon avia_button_icon_right' aria-hidden='true' data-av_icon='\ue8a5' data-av_iconfont='entypo-fontello'><\/span><span class='avia_button_background avia-button avia-button-fullwidth avia-color-theme-color-subtle'><\/span><\/a><\/div><br \/>\n<div  class='avia-button-wrap avia-button-center  avia-builder-el-13  el_after_av_button_big  avia-builder-el-last '>\n<style type=\"text\/css\" data-created_by=\"avia_inline_auto\" id=\"style-css-av-av_button_big-aa165e63182c0eaabc2c320d475342cb\">\n#top #wrap_all .avia-button.av-av_button_big-aa165e63182c0eaabc2c320d475342cb{\nbackground-color:#ffffff;\nborder-color:#ffffff;\ncolor:#0e0d0f;\ntransition:all 0.4s ease-in-out;\n}\n#top #wrap_all .avia-button.av-av_button_big-aa165e63182c0eaabc2c320d475342cb:hover{\ncolor:#ffffff;\ntransition:all 0.4s ease-in-out;\n}\n<\/style>\n<a href='\/fr\/drankenkaart\/' class='avia-button avia-button-fullwidth av-av_button_big-aa165e63182c0eaabc2c320d475342cb avia-icon_select-yes-right-icon avia-color-custom'   aria-label=\"Menu des boissons\"><span class='avia_iconbox_title' >Menu des boissons<\/span><span class='avia_button_icon avia_button_icon_right' aria-hidden='true' data-av_icon='\ue803' data-av_iconfont='fontello'><\/span><span class='avia_button_background avia-button avia-button-fullwidth avia-color-theme-color-subtle'><\/span><\/a><\/div><\/p><\/div><div  class='flex_column av-av_one_fifth-cae1f7b2f72c6a5cdf3719c4a548253a av_one_fifth  avia-builder-el-14  el_after_av_three_fifth  avia-builder-el-last  flex_column_div  '     ><\/div><\/p>\n<\/div><\/div>\n<\/div>\n<div id='av-layout-grid-3'  class='av-layout-grid-container av-av_layout_row-e86fe5d4840202838a3c2036bce6d486 entry-content-wrapper alternate_color av-flex-cells  avia-builder-el-15  el_after_av_layout_row  el_before_av_section  grid-row-not-first  container_wrap sidebar_right'  >\n\n<style type=\"text\/css\" data-created_by=\"avia_inline_auto\" id=\"style-css-av-av_cell_one_full-3ba23b9471756d0117532380725609bd\">\n.flex_cell.av-av_cell_one_full-3ba23b9471756d0117532380725609bd{\nvertical-align:top;\nheight:2px;\nmin-height:2px;\n}\n.responsive #top #wrap_all .flex_cell.av-av_cell_one_full-3ba23b9471756d0117532380725609bd{\npadding:0px 0px 0px 0px !important;\n}\n<\/style>\n<div class='flex_cell av-av_cell_one_full-3ba23b9471756d0117532380725609bd av-gridrow-cell av_one_full no_margin  avia-builder-el-16  avia-builder-el-no-sibling  av-zero-padding'  ><div class='flex_cell_inner'><\/div><\/div>\n<\/div>\n\n<style type=\"text\/css\" data-created_by=\"avia_inline_auto\" id=\"style-css-av-av_section-219106050c13a0ca6e47aeabd2f98774\">\n.avia-section.av-av_section-219106050c13a0ca6e47aeabd2f98774{\nbackground-repeat:no-repeat;\nbackground-image:url(https:\/\/www.antjevandestatie.eu\/wp-content\/uploads\/2014\/07\/bg-slider1.png);\nbackground-position:100% 100%;\nbackground-attachment:scroll;\n}\n<\/style>\n<div id='reserver-un-table'  class='avia-section av-av_section-219106050c13a0ca6e47aeabd2f98774 main_color avia-section-default avia-no-shadow  avia-builder-el-17  el_after_av_layout_row  avia-builder-el-last  avia-bg-style-scroll container_wrap sidebar_right'  data-section-bg-repeat='no-repeat'><div class='container av-section-cont-open' ><div class='template-page content  av-content-small alpha units'><div class='post-entry post-entry-type-page post-entry-4660'><div class='entry-content-wrapper clearfix'>\n<div  class='flex_column av-av_one_full-2a9015ff38129c418a3f2eafba3e9512 av_one_full  avia-builder-el-18  avia-builder-el-no-sibling  first flex_column_div  '     ><p><div  class='avia-builder-widget-area clearfix  avia-builder-el-19  el_before_av_codeblock  avia-builder-el-first '><div id=\"text-26\" class=\"widget clearfix widget_text\">\t\t\t<div class=\"textwidget\"><center>\r\nPour plus d'informations:\r\n\r\n<a href=\"\/fr\/contact\" class=\"button artis horizontal\">Page de contact<\/a>\r\n\r\n<a href=\"tel:+31495 542 640\" class=\"button artis horizontal\">T\u00e9l.:+31 (0)495 542 640<\/a>\r\n\r\n<a href=\"mailto:info@AntjevandeStatie.eu\" class=\"button artis horizontal\">Email : info@AntjevandeStatie.eu<\/a>\r\n<\/center><\/div>\n\t\t<\/div><\/div><br \/>\n<\/p><\/div><\/div><\/div><\/div><!-- close content main div --><\/div><\/div><div id='after_section_1'  class='main_color av_default_container_wrap container_wrap sidebar_right'  ><div class='container av-section-cont-open' ><div class='template-page content  av-content-small alpha units'><div class='post-entry post-entry-type-page post-entry-4660'><div class='entry-content-wrapper clearfix'>\n","protected":false},"excerpt":{"rendered":"","protected":false},"author":1,"featured_media":0,"parent":0,"menu_order":0,"comment_status":"closed","ping_status":"closed","template":"","meta":{"_exactmetrics_skip_tracking":false,"_exactmetrics_sitenote_active":false,"_exactmetrics_sitenote_note":"","_exactmetrics_sitenote_category":0,"footnotes":""},"class_list":["post-4660","page","type-page","status-publish","hentry"],"_links":{"self":[{"href":"https:\/\/www.antjevandestatie.eu\/fr\/wp-json\/wp\/v2\/pages\/4660"}],"collection":[{"href":"https:\/\/www.antjevandestatie.eu\/fr\/wp-json\/wp\/v2\/pages"}],"about":[{"href":"https:\/\/www.antjevandestatie.eu\/fr\/wp-json\/wp\/v2\/types\/page"}],"author":[{"embeddable":true,"href":"https:\/\/www.antjevandestatie.eu\/fr\/wp-json\/wp\/v2\/users\/1"}],"replies":[{"embeddable":true,"href":"https:\/\/www.antjevandestatie.eu\/fr\/wp-json\/wp\/v2\/comments?post=4660"}],"version-history":[{"count":13,"href":"https:\/\/www.antjevandestatie.eu\/fr\/wp-json\/wp\/v2\/pages\/4660\/revisions"}],"predecessor-version":[{"id":28311,"href":"https:\/\/www.antjevandestatie.eu\/fr\/wp-json\/wp\/v2\/pages\/4660\/revisions\/28311"}],"wp:attachment":[{"href":"https:\/\/www.antjevandestatie.eu\/fr\/wp-json\/wp\/v2\/media?parent=4660"}],"curies":[{"name":"wp","href":"https:\/\/api.w.org\/{rel}","templated":true}]}}