{"id":4665,"date":"2015-10-09T10:08:18","date_gmt":"2015-10-09T09:08:18","guid":{"rendered":"https:\/\/www.antjevandestatie.eu\/?page_id=4665"},"modified":"2020-07-22T16:49:43","modified_gmt":"2020-07-22T15:49:43","slug":"heerenkamer","status":"publish","type":"page","link":"https:\/\/www.antjevandestatie.eu\/fr\/heerenkamer\/","title":{"rendered":"Heerenkamer"},"content":{"rendered":"<div id='full_slider_1'  class='avia-fullwidth-slider main_color avia-shadow   avia-builder-el-0  el_before_av_layout_row  avia-builder-el-first   container_wrap sidebar_right' style='background-repeat: no-repeat; background-image: url(https:\/\/www.antjevandestatie.eu\/wp-content\/uploads\/2014\/07\/bg-slider1.png); background-attachment: scroll; background-position: top left;'  ><div  class='avia-slideshow av-av_slideshow_full-d387a67defc7bd13b85c6d29b3e4355d avia-slideshow-entry_without_sidebar av_slideshow_full avia-fade-slider av-slideshow-ui av-control-default av-slideshow-autoplay av-loop-endless av-loop-manual-endless av-default-height-applied   avia-slideshow-1' data-slideshow-options=\"{&quot;animation&quot;:&quot;fade&quot;,&quot;autoplay&quot;:true,&quot;loop_autoplay&quot;:&quot;endless&quot;,&quot;interval&quot;:7,&quot;loop_manual&quot;:&quot;manual-endless&quot;,&quot;autoplay_stopper&quot;:false,&quot;noNavigation&quot;:false,&quot;bg_slider&quot;:false,&quot;keep_padding&quot;:false,&quot;hoverpause&quot;:false,&quot;show_slide_delay&quot;:0}\"  itemprop=\"image\" itemscope=\"itemscope\" itemtype=\"https:\/\/schema.org\/ImageObject\" ><ul class='avia-slideshow-inner ' style='padding-bottom: 34.95867768595%;'><li  class='avia-slideshow-slide av-av_slideshow_full-d387a67defc7bd13b85c6d29b3e4355d__0  slide-1 slide-odd'><div data-rel='slideshow-1' class='avia-slide-wrap '   ><img fetchpriority=\"high\" class=\"wp-image-26112 avia-img-lazy-loading-not-26112\"  src='https:\/\/www.antjevandestatie.eu\/wp-content\/uploads\/2015\/07\/1-22-1210x423.jpg' width='1210' height='423' title='1-22' alt=''  itemprop=\"thumbnailUrl\"   \/><\/div><\/li><li  class='avia-slideshow-slide av-av_slideshow_full-d387a67defc7bd13b85c6d29b3e4355d__1  slide-2 slide-even'><div data-rel='slideshow-1' class='avia-slide-wrap '   ><img fetchpriority=\"high\" class=\"wp-image-26160 avia-img-lazy-loading-not-26160\"  src='https:\/\/www.antjevandestatie.eu\/wp-content\/uploads\/2015\/08\/1-19-1210x423.jpg' width='1210' height='423' title='1-19' alt=''  itemprop=\"thumbnailUrl\"   \/><\/div><\/li><li  class='avia-slideshow-slide av-av_slideshow_full-d387a67defc7bd13b85c6d29b3e4355d__2  slide-3 slide-odd'><div data-rel='slideshow-1' class='avia-slide-wrap '   ><img fetchpriority=\"high\" class=\"wp-image-26163 avia-img-lazy-loading-not-26163\"  src='https:\/\/www.antjevandestatie.eu\/wp-content\/uploads\/2015\/08\/1-21-2-1210x423.jpg' width='1210' height='423' title='1-21 2' alt=''  itemprop=\"thumbnailUrl\"   \/><\/div><\/li><li  class='avia-slideshow-slide av-av_slideshow_full-d387a67defc7bd13b85c6d29b3e4355d__3  slide-4 slide-even'><div data-rel='slideshow-1' class='avia-slide-wrap '   ><img fetchpriority=\"high\" class=\"wp-image-26166 avia-img-lazy-loading-not-26166\"  src='https:\/\/www.antjevandestatie.eu\/wp-content\/uploads\/2015\/08\/11-9-1210x423.jpg' width='1210' height='423' title='11-9' alt=''  itemprop=\"thumbnailUrl\"   \/><\/div><\/li><li  class='avia-slideshow-slide av-av_slideshow_full-d387a67defc7bd13b85c6d29b3e4355d__4  slide-5 slide-odd'><div data-rel='slideshow-1' class='avia-slide-wrap '   ><img fetchpriority=\"high\" class=\"wp-image-26253 avia-img-lazy-loading-not-26253\"  src='https:\/\/www.antjevandestatie.eu\/wp-content\/uploads\/2015\/08\/heerenkamer-stretch-1210x423.jpg' width='1210' height='423' title='heerenkamer-stretch' alt=''  itemprop=\"thumbnailUrl\"   \/><\/div><\/li><\/ul><div class='avia-slideshow-arrows avia-slideshow-controls' ><a href='#prev' class='prev-slide ' aria-hidden='true' data-av_icon='\ue87c' data-av_iconfont='entypo-fontello'  tabindex='-1'>Pr\u00e9c\u00e9dent<\/a><a href='#next' class='next-slide ' aria-hidden='true' data-av_icon='\ue87d' data-av_iconfont='entypo-fontello'  tabindex='-1'>Suivant<\/a><\/div><div class='avia-slideshow-dots avia-slideshow-controls'><a href='#1' class='goto-slide active' >1<\/a><a href='#2' class='goto-slide ' >2<\/a><a href='#3' class='goto-slide ' >3<\/a><a href='#4' class='goto-slide ' >4<\/a><a href='#5' class='goto-slide ' >5<\/a><\/div><\/div><\/div>\n<div id='av-layout-grid-1'  class='av-layout-grid-container av-av_layout_row-cc10f99070d0821f30984f26b6799f37 entry-content-wrapper alternate_color av-flex-cells  avia-builder-el-1  el_after_av_slideshow_full  el_before_av_layout_row  grid-row-not-first  container_wrap sidebar_right'  >\n\n<style type=\"text\/css\" data-created_by=\"avia_inline_auto\" id=\"style-css-av-av_cell_one_full-3ba23b9471756d0117532380725609bd\">\n.flex_cell.av-av_cell_one_full-3ba23b9471756d0117532380725609bd{\nvertical-align:top;\nheight:10px;\nmin-height:10px;\n}\n.responsive #top #wrap_all .flex_cell.av-av_cell_one_full-3ba23b9471756d0117532380725609bd{\npadding:0px 0px 0px 0px !important;\n}\n<\/style>\n<div class='flex_cell av-av_cell_one_full-3ba23b9471756d0117532380725609bd av-gridrow-cell av_one_full no_margin  avia-builder-el-2  avia-builder-el-no-sibling  av-zero-padding'  ><div class='flex_cell_inner'><\/div><\/div>\n<\/div>\n<div id='av-layout-grid-2'  class='av-layout-grid-container av-av_layout_row-caf1f26e08707a2ebe9176b630e736c2 entry-content-wrapper main_color av-flex-cells  avia-builder-el-3  el_after_av_layout_row  el_before_av_section  grid-row-not-first  container_wrap sidebar_right'  >\n\n<style type=\"text\/css\" data-created_by=\"avia_inline_auto\" id=\"style-css-av-av_cell_one_half-b6d868563806864598ec9b89618811d2\">\n.flex_cell.av-av_cell_one_half-b6d868563806864598ec9b89618811d2{\nvertical-align:top;\nbackground:url(https:\/\/www.antjevandestatie.eu\/wp-content\/uploads\/2014\/07\/bg-slider1.png) 50% 50% no-repeat scroll #474746;\n}\n.responsive #top #wrap_all .flex_cell.av-av_cell_one_half-b6d868563806864598ec9b89618811d2{\npadding:60px 60px 60px 60px !important;\n}\n<\/style>\n<div class='flex_cell av-av_cell_one_half-b6d868563806864598ec9b89618811d2 av-gridrow-cell av_one_half no_margin  avia-builder-el-4  el_before_av_cell_one_half  avia-builder-el-first  avia-full-stretch'  ><div class='flex_cell_inner'><div  class='flex_column av-av_one_full-2a9015ff38129c418a3f2eafba3e9512 av_one_full  avia-builder-el-5  avia-builder-el-no-sibling  first flex_column_div  '     ><style type=\"text\/css\" data-created_by=\"avia_inline_auto\" id=\"style-css-av-av_icon_box-6aec19b240b3e0623afeed04ec91ec14\">\n.iconbox.av-av_icon_box-6aec19b240b3e0623afeed04ec91ec14 .iconbox_icon{\ncolor:#ffffff;\n}\n#top #wrap_all .iconbox.av-av_icon_box-6aec19b240b3e0623afeed04ec91ec14 .iconbox_content_title{\ncolor:#ffffff;\n}\n.iconbox.av-av_icon_box-6aec19b240b3e0623afeed04ec91ec14 .iconbox_content_container{\ncolor:#ffffff;\n}\n<\/style>\n<article  class='iconbox iconbox_left_content av-av_icon_box-6aec19b240b3e0623afeed04ec91ec14  avia-builder-el-6  avia-builder-el-no-sibling '  itemscope=\"itemscope\" itemtype=\"https:\/\/schema.org\/CreativeWork\" ><div class=\"iconbox_icon heading-color\" aria-hidden='true' data-av_icon='\ue807' data-av_iconfont='fontello'><\/div><div class=\"iconbox_content\"><header class=\"entry-content-header\"><h3 class='iconbox_content_title '  itemprop=\"headline\" >Heerenkamer<\/h3><\/header><div class='iconbox_content_container av_inherit_color'  itemprop=\"text\" ><p>Auparavant, les anciennes maisons avaient souvent en plus de la salle de s\u00e9jour, un \u00e9l\u00e9gant hall d&rsquo;entr\u00e9e ou salon, maintenant Antje van de Statie offre aussi ce genre de &lsquo;cabinet particulier&rsquo;. Un sorte de salle d&rsquo;attente premi\u00e8re classe ou d&rsquo;ancien salon de style anglais, o\u00f9 dans une atmosph\u00e8re priv\u00e9e.<\/p>\n<\/div><\/div><footer class=\"entry-footer\"><\/footer><\/article><\/div>\n<\/div><\/div>\n<style type=\"text\/css\" data-created_by=\"avia_inline_auto\" id=\"style-css-av-av_cell_one_half-274347f7bcb8aecdf344d2bb46b7d96c\">\n.flex_cell.av-av_cell_one_half-274347f7bcb8aecdf344d2bb46b7d96c{\nvertical-align:middle;\nbackground:url(https:\/\/www.antjevandestatie.eu\/wp-content\/uploads\/2015\/08\/Untitled-6-1030x360.jpg) 50% 50% no-repeat scroll #000000;\n}\n.responsive #top #wrap_all .flex_cell.av-av_cell_one_half-274347f7bcb8aecdf344d2bb46b7d96c{\npadding:60px 60px 60px 60px !important;\n}\n<\/style>\n<div class='flex_cell av-av_cell_one_half-274347f7bcb8aecdf344d2bb46b7d96c av-gridrow-cell av_one_half no_margin  avia-builder-el-7  el_after_av_cell_one_half  avia-builder-el-last  avia-full-stretch'  ><div class='flex_cell_inner'><p><div  class='flex_column av-av_one_fifth-2a9015ff38129c418a3f2eafba3e9512 av_one_fifth  avia-builder-el-8  el_before_av_three_fifth  avia-builder-el-first  first flex_column_div  '     ><\/div>\n<style type=\"text\/css\" data-created_by=\"avia_inline_auto\" id=\"style-css-av-av_three_fifth-0aa7055fe62c3622faec82866afbaeb2\">\n.flex_column.av-av_three_fifth-0aa7055fe62c3622faec82866afbaeb2{\nborder-radius:0px 0px 0px 0px;\npadding:0px 0px 0px 0px;\n}\n<\/style>\n<div  class='flex_column av-av_three_fifth-0aa7055fe62c3622faec82866afbaeb2 av_three_fifth  avia-builder-el-9  el_after_av_one_fifth  el_before_av_one_fifth  flex_column_div av-zero-column-padding  '     ><\/div>\n<style type=\"text\/css\" data-created_by=\"avia_inline_auto\" id=\"style-css-av-av_one_fifth-0aa7055fe62c3622faec82866afbaeb2\">\n.flex_column.av-av_one_fifth-0aa7055fe62c3622faec82866afbaeb2{\nborder-radius:0px 0px 0px 0px;\npadding:0px 0px 0px 0px;\n}\n<\/style>\n<div  class='flex_column av-av_one_fifth-0aa7055fe62c3622faec82866afbaeb2 av_one_fifth  avia-builder-el-10  el_after_av_three_fifth  avia-builder-el-last  flex_column_div av-zero-column-padding  '     ><\/div><\/p>\n<\/div><\/div>\n<\/div>\n\n<style type=\"text\/css\" data-created_by=\"avia_inline_auto\" id=\"style-css-av-av_section-ecb973f3e2e0a9b3c54d8e3856c70a87\">\n.avia-section.av-av_section-ecb973f3e2e0a9b3c54d8e3856c70a87{\nbackground-repeat:no-repeat;\nbackground-image:url(https:\/\/www.antjevandestatie.eu\/wp-content\/uploads\/2014\/07\/bg-slider1.png);\nbackground-position:100% 100%;\nbackground-attachment:scroll;\n}\n<\/style>\n<div id='reserveer-heerenkamer'  class='avia-section av-av_section-ecb973f3e2e0a9b3c54d8e3856c70a87 main_color avia-section-default avia-no-shadow  avia-builder-el-11  el_after_av_layout_row  avia-builder-el-last  avia-bg-style-scroll container_wrap sidebar_right'  data-section-bg-repeat='no-repeat'><div class='container av-section-cont-open' ><div class='template-page content  av-content-small alpha units'><div class='post-entry post-entry-type-page post-entry-4665'><div class='entry-content-wrapper clearfix'>\n\n<\/div><\/div><\/div><!-- close content main div --><\/div><\/div><div id='after_section_1'  class='main_color av_default_container_wrap container_wrap sidebar_right'  ><div class='container av-section-cont-open' ><div class='template-page content  av-content-small alpha units'><div class='post-entry post-entry-type-page post-entry-4665'><div class='entry-content-wrapper clearfix'>\n","protected":false},"excerpt":{"rendered":"","protected":false},"author":1,"featured_media":0,"parent":0,"menu_order":0,"comment_status":"closed","ping_status":"closed","template":"","meta":{"_exactmetrics_skip_tracking":false,"_exactmetrics_sitenote_active":false,"_exactmetrics_sitenote_note":"","_exactmetrics_sitenote_category":0,"footnotes":""},"class_list":["post-4665","page","type-page","status-publish","hentry"],"_links":{"self":[{"href":"https:\/\/www.antjevandestatie.eu\/fr\/wp-json\/wp\/v2\/pages\/4665"}],"collection":[{"href":"https:\/\/www.antjevandestatie.eu\/fr\/wp-json\/wp\/v2\/pages"}],"about":[{"href":"https:\/\/www.antjevandestatie.eu\/fr\/wp-json\/wp\/v2\/types\/page"}],"author":[{"embeddable":true,"href":"https:\/\/www.antjevandestatie.eu\/fr\/wp-json\/wp\/v2\/users\/1"}],"replies":[{"embeddable":true,"href":"https:\/\/www.antjevandestatie.eu\/fr\/wp-json\/wp\/v2\/comments?post=4665"}],"version-history":[{"count":9,"href":"https:\/\/www.antjevandestatie.eu\/fr\/wp-json\/wp\/v2\/pages\/4665\/revisions"}],"predecessor-version":[{"id":12018,"href":"https:\/\/www.antjevandestatie.eu\/fr\/wp-json\/wp\/v2\/pages\/4665\/revisions\/12018"}],"wp:attachment":[{"href":"https:\/\/www.antjevandestatie.eu\/fr\/wp-json\/wp\/v2\/media?parent=4665"}],"curies":[{"name":"wp","href":"https:\/\/api.w.org\/{rel}","templated":true}]}}