{"id":4700,"date":"2015-10-13T08:53:54","date_gmt":"2015-10-13T07:53:54","guid":{"rendered":"https:\/\/www.antjevandestatie.eu\/?page_id=4700"},"modified":"2015-10-15T09:36:13","modified_gmt":"2015-10-15T08:36:13","slug":"salles-de-conferences-et-de-fetes","status":"publish","type":"page","link":"https:\/\/www.antjevandestatie.eu\/fr\/salles-de-conferences-et-de-fetes\/","title":{"rendered":"Salles de conf\u00e9rences et de f\u00eates"},"content":{"rendered":"<div id='full_slider_1'  class='avia-fullwidth-slider main_color avia-shadow   avia-builder-el-0  el_before_av_layout_row  avia-builder-el-first   container_wrap sidebar_right' style='background-repeat: no-repeat; background-image: url(https:\/\/www.antjevandestatie.eu\/wp-content\/uploads\/2014\/07\/bg-slider1.png); background-attachment: scroll; background-position: top left;'  ><div  class='avia-slideshow av-av_slideshow_full-d387a67defc7bd13b85c6d29b3e4355d avia-slideshow-entry_without_sidebar av_slideshow_full avia-fade-slider av-slideshow-ui av-control-default av-slideshow-autoplay av-loop-endless av-loop-manual-endless av-default-height-applied   avia-slideshow-1' data-slideshow-options=\"{&quot;animation&quot;:&quot;fade&quot;,&quot;autoplay&quot;:true,&quot;loop_autoplay&quot;:&quot;endless&quot;,&quot;interval&quot;:7,&quot;loop_manual&quot;:&quot;manual-endless&quot;,&quot;autoplay_stopper&quot;:false,&quot;noNavigation&quot;:false,&quot;bg_slider&quot;:false,&quot;keep_padding&quot;:false,&quot;hoverpause&quot;:false,&quot;show_slide_delay&quot;:0}\"  itemprop=\"image\" itemscope=\"itemscope\" itemtype=\"https:\/\/schema.org\/ImageObject\" ><ul class='avia-slideshow-inner ' style='padding-bottom: 34.95867768595%;'><li  class='avia-slideshow-slide av-av_slideshow_full-d387a67defc7bd13b85c6d29b3e4355d__0  slide-1 slide-odd'><div data-rel='slideshow-1' class='avia-slide-wrap '   ><img fetchpriority=\"high\" class=\"wp-image-26193 avia-img-lazy-loading-not-26193\"  src='https:\/\/www.antjevandestatie.eu\/wp-content\/uploads\/2015\/08\/11-5-1210x423.jpg' width='1210' height='423' title='11-5' alt=''  itemprop=\"thumbnailUrl\"   \/><\/div><\/li><li  class='avia-slideshow-slide av-av_slideshow_full-d387a67defc7bd13b85c6d29b3e4355d__1  slide-2 slide-even'><div data-rel='slideshow-1' class='avia-slide-wrap '   ><img fetchpriority=\"high\" class=\"wp-image-26271 avia-img-lazy-loading-not-26271\"  src='https:\/\/www.antjevandestatie.eu\/wp-content\/uploads\/2015\/09\/1-13-1210x423.jpg' width='1210' height='423' title='1-13' alt=''  itemprop=\"thumbnailUrl\"   \/><\/div><\/li><\/ul><div class='avia-slideshow-arrows avia-slideshow-controls' ><a href='#prev' class='prev-slide ' aria-hidden='true' data-av_icon='\ue87c' data-av_iconfont='entypo-fontello'  tabindex='-1'>Pr\u00e9c\u00e9dent<\/a><a href='#next' class='next-slide ' aria-hidden='true' data-av_icon='\ue87d' data-av_iconfont='entypo-fontello'  tabindex='-1'>Suivant<\/a><\/div><div class='avia-slideshow-dots avia-slideshow-controls'><a href='#1' class='goto-slide active' >1<\/a><a href='#2' class='goto-slide ' >2<\/a><\/div><div class='av-slideshow-caption av-av_slideshow_full-d387a67defc7bd13b85c6d29b3e4355d__0 caption_fullwidth caption_bottom'><div class=\"container caption_container\"><div class=\"slideshow_caption\"><div class=\"slideshow_inner_caption\"><div class=\"slideshow_align_caption\"><h2 class='avia-caption-title '  itemprop=\"name\" >.<\/h2><\/div><\/div><\/div><\/div><\/div><\/div><\/div>\n<div id='av-layout-grid-1'  class='av-layout-grid-container av-av_layout_row-cc10f99070d0821f30984f26b6799f37 entry-content-wrapper alternate_color av-flex-cells  avia-builder-el-1  el_after_av_slideshow_full  el_before_av_layout_row  grid-row-not-first  container_wrap sidebar_right'  >\n\n<style type=\"text\/css\" data-created_by=\"avia_inline_auto\" id=\"style-css-av-av_cell_one_full-3ba23b9471756d0117532380725609bd\">\n.flex_cell.av-av_cell_one_full-3ba23b9471756d0117532380725609bd{\nvertical-align:top;\nheight:10px;\nmin-height:10px;\n}\n.responsive #top #wrap_all .flex_cell.av-av_cell_one_full-3ba23b9471756d0117532380725609bd{\npadding:0px 0px 0px 0px !important;\n}\n<\/style>\n<div class='flex_cell av-av_cell_one_full-3ba23b9471756d0117532380725609bd av-gridrow-cell av_one_full no_margin  avia-builder-el-2  avia-builder-el-no-sibling  av-zero-padding'  ><div class='flex_cell_inner'><\/div><\/div>\n<\/div>\n<div id='av-layout-grid-2'  class='av-layout-grid-container av-av_layout_row-caf1f26e08707a2ebe9176b630e736c2 entry-content-wrapper main_color av-flex-cells  avia-builder-el-3  el_after_av_layout_row  avia-builder-el-last  grid-row-not-first  container_wrap sidebar_right'  >\n\n<style type=\"text\/css\" data-created_by=\"avia_inline_auto\" id=\"style-css-av-av_cell_one_half-e1f26af0c39a5bab1ccac3af9ab7d707\">\n.flex_cell.av-av_cell_one_half-e1f26af0c39a5bab1ccac3af9ab7d707{\nvertical-align:top;\nbackground:url(https:\/\/www.antjevandestatie.eu\/wp-content\/uploads\/2014\/07\/bg-slider1.png) 50% 50% no-repeat scroll #f5a300;\n}\n.responsive #top #wrap_all .flex_cell.av-av_cell_one_half-e1f26af0c39a5bab1ccac3af9ab7d707{\npadding:60px 60px 60px 60px !important;\n}\n<\/style>\n<div class='flex_cell av-av_cell_one_half-e1f26af0c39a5bab1ccac3af9ab7d707 av-gridrow-cell av_one_half no_margin  avia-builder-el-4  el_before_av_cell_one_half  avia-builder-el-first  avia-full-stretch'  ><div class='flex_cell_inner'><div  class='flex_column av-av_one_full-2a9015ff38129c418a3f2eafba3e9512 av_one_full  avia-builder-el-5  avia-builder-el-no-sibling  first flex_column_div  '     ><style type=\"text\/css\" data-created_by=\"avia_inline_auto\" id=\"style-css-av-av_icon_box-4b38e0925fcc72f60c540e9d7e9002ed\">\n.iconbox.av-av_icon_box-4b38e0925fcc72f60c540e9d7e9002ed .iconbox_icon{\ncolor:#ffffff;\n}\n#top #wrap_all .iconbox.av-av_icon_box-4b38e0925fcc72f60c540e9d7e9002ed .iconbox_content_title{\ncolor:#ffffff;\n}\n.iconbox.av-av_icon_box-4b38e0925fcc72f60c540e9d7e9002ed .iconbox_content_container{\ncolor:#ffffff;\n}\n<\/style>\n<article  class='iconbox iconbox_left_content av-av_icon_box-4b38e0925fcc72f60c540e9d7e9002ed  avia-builder-el-6  avia-builder-el-no-sibling '  itemscope=\"itemscope\" itemtype=\"https:\/\/schema.org\/CreativeWork\" ><div class=\"iconbox_icon heading-color\" aria-hidden='true' data-av_icon='\ue80a' data-av_iconfont='fontello'><\/div><div class=\"iconbox_content\"><header class=\"entry-content-header\"><h3 class='iconbox_content_title '  itemprop=\"headline\" >Salles de conf\u00e9rences et de f\u00eates<\/h3><\/header><div class='iconbox_content_container av_inherit_color'  itemprop=\"text\" ><p>En ouvrant et en fermant les parois coulissantes, la brasserie peut \u00eatre divis\u00e9e en salle \u00e0 manger et \/ ou en salles de r\u00e9union pour des groupes de diff\u00e9rentes tailles. Un lieu unique, situ\u00e9 \u00e0 l&rsquo;entr\u00e9e de Weert, \u00e0 l&rsquo;angle de Stationsplein (place de la gare). Avec de grands tirages s\u00e9pia de sc\u00e8nes classiques dans et autour de la gare, cet espace confortable, d\u00e9cor\u00e9 remarquablement, donne une sensation de bien-\u00eatre. L&rsquo;id\u00e9e d&rsquo;une \u00ab\u00a0salle de s\u00e9jour dans la gare\u00a0\u00bb est renforc\u00e9e par le &lsquo;natte hoek &lsquo;(un coin buvette) juste \u00e0 l&rsquo;entr\u00e9e, un bar comportant une photographie sur le mur arri\u00e8re d&rsquo;Antje supervisant votre boisson pr\u00e9f\u00e9r\u00e9e.<\/p>\n<\/div><\/div><footer class=\"entry-footer\"><\/footer><\/article><\/div>\n<\/div><\/div>\n<style type=\"text\/css\" data-created_by=\"avia_inline_auto\" id=\"style-css-av-av_cell_one_half-f44e631197e1bf036166a323e0f1f218\">\n.flex_cell.av-av_cell_one_half-f44e631197e1bf036166a323e0f1f218{\nvertical-align:middle;\nbackground:url(https:\/\/www.antjevandestatie.eu\/wp-content\/uploads\/2015\/08\/11-5.jpg) 50% 50% no-repeat scroll #000000;\n}\n.responsive #top #wrap_all .flex_cell.av-av_cell_one_half-f44e631197e1bf036166a323e0f1f218{\npadding:60px 60px 60px 60px !important;\n}\n<\/style>\n<div class='flex_cell av-av_cell_one_half-f44e631197e1bf036166a323e0f1f218 av-gridrow-cell av_one_half no_margin  avia-builder-el-7  el_after_av_cell_one_half  avia-builder-el-last  avia-full-stretch'  ><div class='flex_cell_inner'><p><div  class='flex_column av-av_one_fifth-2a9015ff38129c418a3f2eafba3e9512 av_one_fifth  avia-builder-el-8  el_before_av_three_fifth  avia-builder-el-first  first flex_column_div  '     ><\/div><div  class='flex_column av-av_three_fifth-cae1f7b2f72c6a5cdf3719c4a548253a av_three_fifth  avia-builder-el-9  el_after_av_one_fifth  el_before_av_one_fifth  flex_column_div  '     ><p><div  class='avia-button-wrap avia-button-center  avia-builder-el-10  el_before_av_button_big  avia-builder-el-first '>\n<style type=\"text\/css\" data-created_by=\"avia_inline_auto\" id=\"style-css-av-av_button_big-fefec0ec0c96f6645dc0f6cd199b01c7\">\n#top #wrap_all .avia-button.av-av_button_big-fefec0ec0c96f6645dc0f6cd199b01c7{\nbackground-color:#ffffff;\nborder-color:#ffffff;\ncolor:#0e0d0f;\ntransition:all 0.4s ease-in-out;\n}\n#top #wrap_all .avia-button.av-av_button_big-fefec0ec0c96f6645dc0f6cd199b01c7:hover{\ncolor:#ffffff;\ntransition:all 0.4s ease-in-out;\n}\n<\/style>\n<a href='\/fr\/salles-de-conferences-et-de-fetes\/apercu-de-la-salle-de-reception\/#apercu-de-la-salle-de-reception' class='avia-button avia-button-fullwidth av-av_button_big-fefec0ec0c96f6645dc0f6cd199b01c7 avia-icon_select-yes-right-icon avia-color-custom'   aria-label=\"R\u00e9server la salle de r\u00e9ception\"><span class='avia_iconbox_title' >R\u00e9server la salle de r\u00e9ception<\/span><span class='avia_button_icon avia_button_icon_right' aria-hidden='true' data-av_icon='\ue832' data-av_iconfont='entypo-fontello'><\/span><span class='avia_button_background avia-button avia-button-fullwidth avia-color-theme-color-subtle'><\/span><\/a><\/div><br \/>\n<div  class='avia-button-wrap avia-button-center  avia-builder-el-11  el_after_av_button_big  el_before_av_button_big '>\n<style type=\"text\/css\" data-created_by=\"avia_inline_auto\" id=\"style-css-av-av_button_big-b461e5c913bf04be8624606ff1c7bf2b\">\n#top #wrap_all .avia-button.av-av_button_big-b461e5c913bf04be8624606ff1c7bf2b{\nbackground-color:#ffffff;\nborder-color:#ffffff;\ncolor:#0e0d0f;\ntransition:all 0.4s ease-in-out;\n}\n#top #wrap_all .avia-button.av-av_button_big-b461e5c913bf04be8624606ff1c7bf2b:hover{\ncolor:#ffffff;\ntransition:all 0.4s ease-in-out;\n}\n<\/style>\n<a href='\/fr\/salles-de-conferences-et-de-fetes\/apercu-de-la-salle-de-reception\/' class='avia-button avia-button-fullwidth av-av_button_big-b461e5c913bf04be8624606ff1c7bf2b avia-icon_select-yes-right-icon avia-color-custom'   aria-label=\"Aper\u00e7u de la salle de r\u00e9ception\"><span class='avia_iconbox_title' >Aper\u00e7u de la salle de r\u00e9ception<\/span><span class='avia_button_icon avia_button_icon_right' aria-hidden='true' data-av_icon='\ue8a5' data-av_iconfont='entypo-fontello'><\/span><span class='avia_button_background avia-button avia-button-fullwidth avia-color-theme-color-subtle'><\/span><\/a><\/div><br \/>\n<div  class='avia-button-wrap avia-button-center  avia-builder-el-12  el_after_av_button_big  avia-builder-el-last '>\n<style type=\"text\/css\" data-created_by=\"avia_inline_auto\" id=\"style-css-av-av_button_big-6813969fa4dec4d429d22d7973044323\">\n#top #wrap_all .avia-button.av-av_button_big-6813969fa4dec4d429d22d7973044323{\nbackground-color:#ffffff;\nborder-color:#ffffff;\ncolor:#0e0d0f;\ntransition:all 0.4s ease-in-out;\n}\n#top #wrap_all .avia-button.av-av_button_big-6813969fa4dec4d429d22d7973044323:hover{\ncolor:#ffffff;\ntransition:all 0.4s ease-in-out;\n}\n<\/style>\n<a href='\/fr\/salles-de-conferences-et-de-fetes\/options-damenagement-de-la-salle-de-reception\/' class='avia-button avia-button-fullwidth av-av_button_big-6813969fa4dec4d429d22d7973044323 avia-icon_select-yes-right-icon avia-color-custom'   aria-label=\"Options d\u2019am\u00e9nagement de la salle de r\u00e9ception\"><span class='avia_iconbox_title' >Options d\u2019am\u00e9nagement de la salle de r\u00e9ception<\/span><span class='avia_button_icon avia_button_icon_right' aria-hidden='true' data-av_icon='\ue810' data-av_iconfont='entypo-fontello'><\/span><span class='avia_button_background avia-button avia-button-fullwidth avia-color-theme-color-subtle'><\/span><\/a><\/div><\/p><\/div><div  class='flex_column av-av_one_fifth-cae1f7b2f72c6a5cdf3719c4a548253a av_one_fifth  avia-builder-el-13  el_after_av_three_fifth  avia-builder-el-last  flex_column_div  '     ><\/div><\/p>\n<\/div><\/div><\/div>\n","protected":false},"excerpt":{"rendered":"","protected":false},"author":1,"featured_media":0,"parent":0,"menu_order":0,"comment_status":"closed","ping_status":"closed","template":"","meta":{"_exactmetrics_skip_tracking":false,"_exactmetrics_sitenote_active":false,"_exactmetrics_sitenote_note":"","_exactmetrics_sitenote_category":0,"footnotes":""},"class_list":["post-4700","page","type-page","status-publish","hentry"],"_links":{"self":[{"href":"https:\/\/www.antjevandestatie.eu\/fr\/wp-json\/wp\/v2\/pages\/4700"}],"collection":[{"href":"https:\/\/www.antjevandestatie.eu\/fr\/wp-json\/wp\/v2\/pages"}],"about":[{"href":"https:\/\/www.antjevandestatie.eu\/fr\/wp-json\/wp\/v2\/types\/page"}],"author":[{"embeddable":true,"href":"https:\/\/www.antjevandestatie.eu\/fr\/wp-json\/wp\/v2\/users\/1"}],"replies":[{"embeddable":true,"href":"https:\/\/www.antjevandestatie.eu\/fr\/wp-json\/wp\/v2\/comments?post=4700"}],"version-history":[{"count":4,"href":"https:\/\/www.antjevandestatie.eu\/fr\/wp-json\/wp\/v2\/pages\/4700\/revisions"}],"predecessor-version":[{"id":4873,"href":"https:\/\/www.antjevandestatie.eu\/fr\/wp-json\/wp\/v2\/pages\/4700\/revisions\/4873"}],"wp:attachment":[{"href":"https:\/\/www.antjevandestatie.eu\/fr\/wp-json\/wp\/v2\/media?parent=4700"}],"curies":[{"name":"wp","href":"https:\/\/api.w.org\/{rel}","templated":true}]}}