{"id":5127,"date":"2015-10-15T16:05:34","date_gmt":"2015-10-15T15:05:34","guid":{"rendered":"https:\/\/www.antjevandestatie.eu\/?page_id=5127"},"modified":"2025-07-28T13:32:00","modified_gmt":"2025-07-28T12:32:00","slug":"menu","status":"publish","type":"page","link":"https:\/\/www.antjevandestatie.eu\/fr\/brasserie\/menu\/","title":{"rendered":"Menu"},"content":{"rendered":"\n<style type=\"text\/css\" data-created_by=\"avia_inline_auto\" id=\"style-css-av-1nwxabr-df7b95bea4b544afcd9a0573cd6d8fce\">\n.avia-section.av-1nwxabr-df7b95bea4b544afcd9a0573cd6d8fce .av-parallax .av-parallax-inner{\nbackground-repeat:no-repeat;\nbackground-image:url(https:\/\/www.antjevandestatie.eu\/wp-content\/uploads\/2015\/07\/1-6-2.jpg);\nbackground-position:50% 100%;\nbackground-attachment:scroll;\n}\n<\/style>\n<div id='brasserie'  class='avia-section av-1nwxabr-df7b95bea4b544afcd9a0573cd6d8fce main_color avia-section-large avia-no-border-styling  avia-builder-el-0  el_before_av_submenu  avia-builder-el-first  avia-full-stretch av-parallax-section avia-bg-style-parallax container_wrap sidebar_right'  data-section-bg-repeat='stretch'><div class='av-parallax' data-avia-parallax-ratio='0.3' ><div class='av-parallax-inner main_color avia-full-stretch'><\/div><\/div><div class='container av-section-cont-open' ><main  role=\"main\" itemprop=\"mainContentOfPage\"  class='template-page content  av-content-small alpha units'><div class='post-entry post-entry-type-page post-entry-5127'><div class='entry-content-wrapper clearfix'>\n\n<style type=\"text\/css\" data-created_by=\"avia_inline_auto\" id=\"style-css-av-1ms5itj-76272d98a8a458314600e29c19081e6d\">\n#top .av-special-heading.av-1ms5itj-76272d98a8a458314600e29c19081e6d{\npadding-bottom:0;\ncolor:#ffffff;\nfont-size:60px;\n}\nbody .av-special-heading.av-1ms5itj-76272d98a8a458314600e29c19081e6d .av-special-heading-tag .heading-char{\nfont-size:25px;\n}\n#top #wrap_all .av-special-heading.av-1ms5itj-76272d98a8a458314600e29c19081e6d .av-special-heading-tag{\nfont-size:60px;\n}\n.av-special-heading.av-1ms5itj-76272d98a8a458314600e29c19081e6d .special-heading-inner-border{\nborder-color:#ffffff;\n}\n.av-special-heading.av-1ms5itj-76272d98a8a458314600e29c19081e6d .av-subheading{\nfont-size:15px;\n}\n\n@media only screen and (min-width: 480px) and (max-width: 767px){ \n#top #wrap_all .av-special-heading.av-1ms5itj-76272d98a8a458314600e29c19081e6d .av-special-heading-tag{\nfont-size:0.8em;\n}\n}\n\n@media only screen and (max-width: 479px){ \n#top #wrap_all .av-special-heading.av-1ms5itj-76272d98a8a458314600e29c19081e6d .av-special-heading-tag{\nfont-size:0.8em;\n}\n}\n<\/style>\n<div  class='av-special-heading av-1ms5itj-76272d98a8a458314600e29c19081e6d av-special-heading-h2 custom-color-heading blockquote modern-quote modern-centered  avia-builder-el-1  avia-builder-el-no-sibling  av-inherit-size'><h2 class='av-special-heading-tag '  itemprop=\"headline\"  >Menu<\/h2><div class=\"special-heading-border\"><div class=\"special-heading-inner-border\"><\/div><\/div><\/div>\n\n<\/div><\/div><\/main><!-- close content main element --><\/div><\/div><div class='clear'><\/div><div id='sub_menu1'  class='av-submenu-container av-1lk98dz-e05985489e2b149141850b7dce12a7f5 main_color  avia-builder-el-2  el_after_av_section  el_before_av_section  av-sticky-submenu submenu-not-first container_wrap sidebar_right' style='z-index:301' ><div class='container av-menu-mobile-disabled av-submenu-pos-center'><ul id=\"menu-menukaart-menu-fr\" class=\"av-subnav-menu\" role=\"menu\"><li role=\"menuitem\" id=\"menu-item-10050\" class=\"menu-item menu-item-type-custom menu-item-object-custom menu-item-top-level menu-item-top-level-1\"><a href=\"\/fr\/brasserie\/menu\/#menu-groupe\" itemprop=\"url\" tabindex=\"0\"><span class=\"avia-bullet\"><\/span><span class=\"avia-menu-text\">Menu groupe<\/span><span class=\"avia-menu-fx\"><span class=\"avia-arrow-wrap\"><span class=\"avia-arrow\"><\/span><\/span><\/span><\/a><\/li>\n<li role=\"menuitem\" id=\"menu-item-10051\" class=\"menu-item menu-item-type-custom menu-item-object-custom menu-item-top-level menu-item-top-level-2\"><a href=\"\/fr\/brasserie\/menu\/#menu\" itemprop=\"url\" tabindex=\"0\"><span class=\"avia-bullet\"><\/span><span class=\"avia-menu-text\">Menu<\/span><span class=\"avia-menu-fx\"><span class=\"avia-arrow-wrap\"><span class=\"avia-arrow\"><\/span><\/span><\/span><\/a><\/li>\n<li role=\"menuitem\" id=\"menu-item-4256\" class=\"menu-item menu-item-type-custom menu-item-object-custom menu-item-top-level menu-item-top-level-3\"><a href=\"\/fr\/brasserie\/boissons-et-vins\/\" itemprop=\"url\" tabindex=\"0\"><span class=\"avia-bullet\"><\/span><span class=\"avia-menu-text\">Boissons et Vins<\/span><span class=\"avia-menu-fx\"><span class=\"avia-arrow-wrap\"><span class=\"avia-arrow\"><\/span><\/span><\/span><\/a><\/li>\n<\/ul><\/div><\/div><div class='sticky_placeholder'><\/div>\n\n<style type=\"text\/css\" data-created_by=\"avia_inline_auto\" id=\"style-css-av-1k2ufpj-909b9a93421edb7f077472622563c14a\">\n.avia-section.av-1k2ufpj-909b9a93421edb7f077472622563c14a{\nbackground-repeat:no-repeat;\nbackground-image:url(https:\/\/www.antjevandestatie.eu\/wp-content\/uploads\/2014\/07\/bg-slider1.png);\nbackground-position:100% 100%;\nbackground-attachment:scroll;\n}\n<\/style>\n<div id='menu-groupe'  class='avia-section av-1k2ufpj-909b9a93421edb7f077472622563c14a main_color avia-section-default avia-no-border-styling  avia-builder-el-3  el_after_av_submenu  el_before_av_section  avia-bg-style-scroll container_wrap sidebar_right'  data-section-bg-repeat='no-repeat'><div class='container av-section-cont-open' ><div class='template-page content  av-content-small alpha units'><div class='post-entry post-entry-type-page post-entry-5127'><div class='entry-content-wrapper clearfix'>\n\n<style type=\"text\/css\" data-created_by=\"avia_inline_auto\" id=\"style-css-av-1hp3dg7-d3229e78a5e85a69c226020a09dcec83\">\n#top .av-special-heading.av-1hp3dg7-d3229e78a5e85a69c226020a09dcec83{\npadding-bottom:25px;\n}\nbody .av-special-heading.av-1hp3dg7-d3229e78a5e85a69c226020a09dcec83 .av-special-heading-tag .heading-char{\nfont-size:25px;\n}\n.av-special-heading.av-1hp3dg7-d3229e78a5e85a69c226020a09dcec83 .av-subheading{\nfont-size:15px;\n}\n<\/style>\n<div  class='av-special-heading av-1hp3dg7-d3229e78a5e85a69c226020a09dcec83 av-special-heading-h2 blockquote modern-quote modern-centered  avia-builder-el-4  el_before_av_one_fifth  avia-builder-el-first '><h2 class='av-special-heading-tag '  itemprop=\"headline\"  > Menu <strong id=\"breakfast\">groupe<\/strong><\/h2><div class=\"special-heading-border\"><div class=\"special-heading-inner-border\"><\/div><\/div><\/div>\n<div  class='flex_column av-1fnletj-a02bc9e16130e7acc1ebd9f5c005b3bc av_one_fifth  avia-builder-el-5  el_after_av_heading  el_before_av_three_fifth  first flex_column_div  '     ><\/div>\n<style type=\"text\/css\" data-created_by=\"avia_inline_auto\" id=\"style-css-av-1eid56f-656a98f2ca45b9f5c47da02ab947727e\">\n.flex_column.av-1eid56f-656a98f2ca45b9f5c47da02ab947727e{\nborder-radius:0px 0px 0px 0px;\npadding:0px 0px 0px 0px;\n}\n<\/style>\n<div  class='flex_column av-1eid56f-656a98f2ca45b9f5c47da02ab947727e av_three_fifth  avia-builder-el-6  el_after_av_one_fifth  el_before_av_one_fifth  flex_column_div av-zero-column-padding  '     ><section  class='av_textblock_section av-1cg3ylz-e7c76d75ebde9ef782a864a3f53b4aa7 '   itemscope=\"itemscope\" itemtype=\"https:\/\/schema.org\/CreativeWork\" ><div class='avia_textblock'  itemprop=\"text\" ><p style=\"text-align: center;\">For groups from <strong>9\u00a0to\u00a015 persons<\/strong>\u00a0we offer the possibility to choose a maximum of three dishes per course of our menu. This way you can compose your own group menu.<\/p>\n<p style=\"text-align: center;\">In case you are with <strong>16 persons<\/strong> <strong>or more<\/strong>, we invite you to contact us about your lunch or dinner preferences. We are happy to make an approriate proposal for you.<\/p>\n<\/div><\/section><\/div>\n<style type=\"text\/css\" data-created_by=\"avia_inline_auto\" id=\"style-css-av-4q00bb-b0cd16a131f3fd2d63575c5308dba526\">\n.flex_column.av-4q00bb-b0cd16a131f3fd2d63575c5308dba526{\nborder-radius:0px 0px 0px 0px;\npadding:0px 0px 0px 0px;\n}\n<\/style>\n<div  class='flex_column av-4q00bb-b0cd16a131f3fd2d63575c5308dba526 av_one_fifth  avia-builder-el-8  el_after_av_three_fifth  avia-builder-el-last  flex_column_div av-zero-column-padding  '     ><\/div>\n\n<\/div><\/div><\/div><!-- close content main div --><\/div><\/div><div id='menu'  class='avia-section av-19stbiv-f2de066b43070181f4ed2eba2d346584 main_color avia-section-default avia-no-border-styling  avia-builder-el-9  el_after_av_section  el_before_av_section  avia-bg-style-scroll container_wrap sidebar_right'  ><div class='container av-section-cont-open' ><div class='template-page content  av-content-small alpha units'><div class='post-entry post-entry-type-page post-entry-5127'><div class='entry-content-wrapper clearfix'>\n\n<style type=\"text\/css\" data-created_by=\"avia_inline_auto\" id=\"style-css-av-187juk7-ca1602389a2697dd3de3a445f31bb172\">\n#top .av-special-heading.av-187juk7-ca1602389a2697dd3de3a445f31bb172{\npadding-bottom:25px;\n}\nbody .av-special-heading.av-187juk7-ca1602389a2697dd3de3a445f31bb172 .av-special-heading-tag .heading-char{\nfont-size:25px;\n}\n.av-special-heading.av-187juk7-ca1602389a2697dd3de3a445f31bb172 .av-subheading{\nfont-size:15px;\n}\n<\/style>\n<div  class='av-special-heading av-187juk7-ca1602389a2697dd3de3a445f31bb172 av-special-heading-h2 blockquote modern-quote modern-centered  avia-builder-el-10  el_before_av_one_fifth  avia-builder-el-first '><h2 class='av-special-heading-tag '  itemprop=\"headline\"  ><strong id=\"breakfast\">Menu<\/strong><\/h2><div class='av-subheading av-subheading_below'><p>Notre brasserie est ouverte tous les jours de 10h \u00e0 22h<br \/>\nLa cuisine est ouverte en continu de 12 h \u00e0 21 h<\/p>\n<p>Le petit d\u00e9jeuner est servi tous les jours de 7h \u00e0 10h30 (le dimanche \u00e0 partir de 8h) exclusivement pour nos clients de l&rsquo;h\u00f4tel.<\/p>\n<\/div><div class=\"special-heading-border\"><div class=\"special-heading-inner-border\"><\/div><\/div><\/div>\n<div  class='flex_column av-161khqv-cc23dbb31feefed4c51daaff1864065a av_one_fifth  avia-builder-el-11  el_after_av_heading  el_before_av_three_fifth  first flex_column_div  '     ><\/div>\n<style type=\"text\/css\" data-created_by=\"avia_inline_auto\" id=\"style-css-av-13y5ijr-07d13d80f320d345fe76ff6b37fbdb34\">\n.flex_column.av-13y5ijr-07d13d80f320d345fe76ff6b37fbdb34{\nborder-radius:0px 0px 0px 0px;\npadding:0px 0px 0px 0px;\n}\n<\/style>\n<div  class='flex_column av-13y5ijr-07d13d80f320d345fe76ff6b37fbdb34 av_three_fifth  avia-builder-el-12  el_after_av_one_fifth  el_before_av_one_fifth  flex_column_div av-zero-column-padding  '     ><div  class='avia-button-wrap avia-button-center  avia-builder-el-13  avia-builder-el-no-sibling '>\n<style type=\"text\/css\" data-created_by=\"avia_inline_auto\" id=\"style-css-av-13g0ngn-88bf3243a3c28c763b50c7810f265865\">\n#top #wrap_all .avia-button.av-13g0ngn-88bf3243a3c28c763b50c7810f265865{\ncolor:#ffffff;\ntransition:all 0.4s ease-in-out;\n}\n#top #wrap_all .avia-button.av-13g0ngn-88bf3243a3c28c763b50c7810f265865:hover{\ncolor:#ffffff;\ntransition:all 0.4s ease-in-out;\n}\n<\/style>\n<a href='https:\/\/www.antjevandestatie.eu\/wp-content\/uploads\/2019\/03\/Spijskaart-ENGELS-1.0.pdf' class='avia-color-theme-color avia-button avia-button-fullwidth av-13g0ngn-88bf3243a3c28c763b50c7810f265865 avia-icon_select-yes-left-icon avia-color-theme-color'   aria-label=\"Download the menu (PDF)\"><span class='avia_button_icon avia_button_icon_left' aria-hidden='true' data-av_icon='\ue84e' data-av_iconfont='entypo-fontello'><\/span><span class='avia_iconbox_title' >Download the menu (PDF)<\/span><span class='avia_button_background avia-button avia-button-fullwidth avia-color-theme-color-subtle'><\/span><\/a><\/div><\/div>\n<style type=\"text\/css\" data-created_by=\"avia_inline_auto\" id=\"style-css-av-1117ngn-fc68766f81938b8605a91e20cac67e6e\">\n.flex_column.av-1117ngn-fc68766f81938b8605a91e20cac67e6e{\nborder-radius:0px 0px 0px 0px;\npadding:0px 0px 0px 0px;\n}\n<\/style>\n<div  class='flex_column av-1117ngn-fc68766f81938b8605a91e20cac67e6e av_one_fifth  avia-builder-el-14  el_after_av_three_fifth  avia-builder-el-last  flex_column_div av-zero-column-padding  '     ><\/div><\/div><\/div><\/div><!-- close content main div --><\/div><\/div>\n<style type=\"text\/css\" data-created_by=\"avia_inline_auto\" id=\"style-css-av-3j932v-f59563a2f58798872aad8c594ed36443\">\n.avia-section.av-3j932v-f59563a2f58798872aad8c594ed36443{\nbackground-repeat:no-repeat;\nbackground-image:url(https:\/\/www.antjevandestatie.eu\/wp-content\/uploads\/2014\/07\/bg-slider1-1030x730.png);\nbackground-position:100% 100%;\nbackground-attachment:scroll;\n}\n<\/style>\n<div id='fingerfood'  class='avia-section av-3j932v-f59563a2f58798872aad8c594ed36443 main_color avia-section-default avia-no-border-styling  avia-builder-el-15  el_after_av_section  avia-builder-el-last  avia-bg-style-scroll container_wrap sidebar_right'  data-section-bg-repeat='no-repeat'><div class='container av-section-cont-open' ><div class='template-page content  av-content-small alpha units'><div class='post-entry post-entry-type-page post-entry-5127'><div class='entry-content-wrapper clearfix'>\n<p><a href=\"https:\/\/www.antjevandestatie.eu\/antje_menukaart_zomer2025_dutch_online\/\"><img decoding=\"async\" class=\"size-full wp-image-28956 alignnone\" src=\"https:\/\/www.antjevandestatie.eu\/wp-content\/uploads\/2025\/07\/Antje_Menukaart.jpg\" alt=\"\" width=\"300\" height=\"300\" srcset=\"https:\/\/www.antjevandestatie.eu\/wp-content\/uploads\/2025\/07\/Antje_Menukaart.jpg 300w, https:\/\/www.antjevandestatie.eu\/wp-content\/uploads\/2025\/07\/Antje_Menukaart-36x36.jpg 36w, https:\/\/www.antjevandestatie.eu\/wp-content\/uploads\/2025\/07\/Antje_Menukaart-180x180.jpg 180w\" sizes=\"(max-width: 300px) 100vw, 300px\" \/><\/a><\/p>\n<p><a href=\"https:\/\/www.antjevandestatie.eu\/antje_menukaart_zomer2025_dutch_online\/\">Antje Nederlandstalige Menukaart<\/a><\/p>\n<p><a href=\"https:\/\/www.antjevandestatie.eu\/antje_menukaart_summer2025_english_online\/\"><img decoding=\"async\" class=\"size-full wp-image-28952 alignnone\" src=\"https:\/\/www.antjevandestatie.eu\/wp-content\/uploads\/2025\/07\/Antje_English_Menu.jpg\" alt=\"\" width=\"300\" height=\"300\" srcset=\"https:\/\/www.antjevandestatie.eu\/wp-content\/uploads\/2025\/07\/Antje_English_Menu.jpg 300w, https:\/\/www.antjevandestatie.eu\/wp-content\/uploads\/2025\/07\/Antje_English_Menu-36x36.jpg 36w, https:\/\/www.antjevandestatie.eu\/wp-content\/uploads\/2025\/07\/Antje_English_Menu-180x180.jpg 180w\" sizes=\"(max-width: 300px) 100vw, 300px\" \/><\/a><\/p>\n<p><a href=\"https:\/\/www.antjevandestatie.eu\/antje_menukaart_zomer2025_dutch_online\/\">Antje English Menu<\/a><\/p>\n<div  class='av_promobox av-xo6fw7-d8a992b3cf914ec0ec8fdc773cd8a50f avia-button-yes  avia-builder-el-16  el_before_av_hr  avia-builder-el-first '><div class='avia-promocontent'><p><span class=\"avia_iconbox_title\">R\u00e9server une table<\/span><\/p>\n<\/div><div  class='avia-button-wrap av-xo6fw7-7d0fbcc2afa7ead162570d12ca42f47c-wrap avia-button-right '><a href='\/fr\/brasserie\/#reserver-un-table'  class='avia-button av-xo6fw7-7d0fbcc2afa7ead162570d12ca42f47c av-link-btn avia-icon_select-no avia-size-large avia-position-right avia-color-theme-color'   aria-label=\"Reserve\"><span class='avia_iconbox_title' >Reserve<\/span><\/a><\/div><\/div>\n\n<style type=\"text\/css\" data-created_by=\"avia_inline_auto\" id=\"style-css-av-w4uud3-d4daefb59de570d23183755b6113374d\">\n#top .hr.hr-invisible.av-w4uud3-d4daefb59de570d23183755b6113374d{\nheight:50px;\n}\n<\/style>\n<div  class='hr av-w4uud3-d4daefb59de570d23183755b6113374d hr-invisible  avia-builder-el-17  el_after_av_promobox  avia-builder-el-last '><span class='hr-inner '><span class=\"hr-inner-style\"><\/span><\/span><\/div>\n<\/div><\/div><\/div><!-- close content main div --><\/div><\/div><div id='after_section_4'  class='main_color av_default_container_wrap container_wrap sidebar_right'  ><div class='container av-section-cont-open' ><div class='template-page content  av-content-small alpha units'><div class='post-entry post-entry-type-page post-entry-5127'><div class='entry-content-wrapper clearfix'><\/p>\n","protected":false},"excerpt":{"rendered":"","protected":false},"author":1,"featured_media":0,"parent":4660,"menu_order":0,"comment_status":"closed","ping_status":"closed","template":"","meta":{"_exactmetrics_skip_tracking":false,"_exactmetrics_sitenote_active":false,"_exactmetrics_sitenote_note":"","_exactmetrics_sitenote_category":0,"footnotes":""},"class_list":["post-5127","page","type-page","status-publish","hentry"],"_links":{"self":[{"href":"https:\/\/www.antjevandestatie.eu\/fr\/wp-json\/wp\/v2\/pages\/5127"}],"collection":[{"href":"https:\/\/www.antjevandestatie.eu\/fr\/wp-json\/wp\/v2\/pages"}],"about":[{"href":"https:\/\/www.antjevandestatie.eu\/fr\/wp-json\/wp\/v2\/types\/page"}],"author":[{"embeddable":true,"href":"https:\/\/www.antjevandestatie.eu\/fr\/wp-json\/wp\/v2\/users\/1"}],"replies":[{"embeddable":true,"href":"https:\/\/www.antjevandestatie.eu\/fr\/wp-json\/wp\/v2\/comments?post=5127"}],"version-history":[{"count":15,"href":"https:\/\/www.antjevandestatie.eu\/fr\/wp-json\/wp\/v2\/pages\/5127\/revisions"}],"predecessor-version":[{"id":28969,"href":"https:\/\/www.antjevandestatie.eu\/fr\/wp-json\/wp\/v2\/pages\/5127\/revisions\/28969"}],"up":[{"embeddable":true,"href":"https:\/\/www.antjevandestatie.eu\/fr\/wp-json\/wp\/v2\/pages\/4660"}],"wp:attachment":[{"href":"https:\/\/www.antjevandestatie.eu\/fr\/wp-json\/wp\/v2\/media?parent=5127"}],"curies":[{"name":"wp","href":"https:\/\/api.w.org\/{rel}","templated":true}]}}